{"id":7,"date":"2019-05-21T17:07:37","date_gmt":"2019-05-21T20:07:37","guid":{"rendered":"http:\/\/www.fundacionurunday.org\/diplomatura\/?page_id=7"},"modified":"2019-07-11T20:18:32","modified_gmt":"2019-07-11T23:18:32","slug":"inicio","status":"publish","type":"page","link":"http:\/\/www.fundacionurunday.org\/diplomatura\/","title":{"rendered":"Inicio"},"content":{"rendered":"<p>[vc_row css_animation=&#8221;element_from_fade&#8221; row_type=&#8221;row&#8221; use_row_as_full_screen_section=&#8221;no&#8221; type=&#8221;full_width&#8221; angled_section=&#8221;no&#8221; text_align=&#8221;left&#8221; background_image_as_pattern=&#8221;without_pattern&#8221; z_index=&#8221;&#8221; background_color=&#8221;#ffffff&#8221;][vc_column offset=&#8221;vc_hidden-sm vc_hidden-xs&#8221;][vc_row_inner row_type=&#8221;row&#8221; type=&#8221;full_width&#8221; text_align=&#8221;left&#8221; css_animation=&#8221;&#8221;][vc_column_inner width=&#8221;1\/6&#8243;][\/vc_column_inner][vc_column_inner width=&#8221;2\/3&#8243; css=&#8221;.vc_custom_1558702658927{margin-top: -110px !important;}&#8221;][vc_single_image image=&#8221;222&#8243; img_size=&#8221;full&#8221; alignment=&#8221;center&#8221; qode_css_animation=&#8221;&#8221;][\/vc_column_inner][vc_column_inner width=&#8221;1\/6&#8243;][\/vc_column_inner][\/vc_row_inner][\/vc_column][\/vc_row][vc_row css_animation=&#8221;element_from_fade&#8221; row_type=&#8221;row&#8221; use_row_as_full_screen_section=&#8221;no&#8221; type=&#8221;full_width&#8221; angled_section=&#8221;no&#8221; text_align=&#8221;left&#8221; background_image_as_pattern=&#8221;without_pattern&#8221; z_index=&#8221;&#8221; background_color=&#8221;#ffffff&#8221;][vc_column offset=&#8221;vc_hidden-lg vc_hidden-md&#8221;][vc_row_inner row_type=&#8221;row&#8221; type=&#8221;full_width&#8221; text_align=&#8221;left&#8221; css_animation=&#8221;&#8221;][vc_column_inner width=&#8221;1\/6&#8243;][\/vc_column_inner][vc_column_inner width=&#8221;2\/3&#8243;][vc_single_image image=&#8221;222&#8243; img_size=&#8221;full&#8221; alignment=&#8221;center&#8221; qode_css_animation=&#8221;&#8221;][\/vc_column_inner][vc_column_inner width=&#8221;1\/6&#8243;][\/vc_column_inner][\/vc_row_inner][\/vc_column][\/vc_row][vc_row css_animation=&#8221;element_from_right&#8221; row_type=&#8221;row&#8221; use_row_as_full_screen_section=&#8221;no&#8221; type=&#8221;full_width&#8221; angled_section=&#8221;no&#8221; text_align=&#8221;left&#8221; background_image_as_pattern=&#8221;without_pattern&#8221; z_index=&#8221;&#8221; background_color=&#8221;#ffffff&#8221; css=&#8221;.vc_custom_1558555251970{padding-top: 60px !important;padding-right: 20px !important;padding-bottom: 60px !important;padding-left: 20px !important;}&#8221;][vc_column width=&#8221;1\/4&#8243;][\/vc_column][vc_column width=&#8221;2\/4&#8243;][vc_column_text]<\/p>\n<h2 style=\"color: #1c8a4d; text-align: center;\">Alcances de la Formaci\u00f3n:<\/h2>\n<p>[\/vc_column_text][vc_separator type=&#8221;small&#8221; position=&#8221;center&#8221; color=&#8221;#1c8a4d&#8221; width=&#8221;40&#8243;][vc_column_text]<\/p>\n<ul>\n<li>Participar de trabajos complejos de conservaci\u00f3n- restauraci\u00f3n bajo la direcci\u00f3n de licenciados o expertos.<\/li>\n<\/ul>\n<p>&nbsp;<\/p>\n<ul>\n<li>Documentar ex\u00e1menes-diagn\u00f3sticos-tratamientos de Bienes Culturales, utilizando los recursos de la inform\u00e1tica.<\/li>\n<\/ul>\n<p>&nbsp;<\/p>\n<ul>\n<li>Realizar documentaci\u00f3n fotogr\u00e1fica espec\u00edfica para archivo y documentaci\u00f3n.<\/li>\n<\/ul>\n<p>&nbsp;<\/p>\n<ul>\n<li>Integrar equipos de investigaci\u00f3n interdisciplinarios en artes.<\/li>\n<\/ul>\n<p>&nbsp;<\/p>\n<ul>\n<li>Colaborar en las tareas de salvataje de los Bienes Culturales, junto con los servicios de Seguridad Ambiental y Ayuda Civil, en casos de emergencias y desastres naturales.<\/li>\n<\/ul>\n<p>&nbsp;<\/p>\n<ul>\n<li>Colaborar en trabajos interdisciplinarios de relevamientos generales de conservaci\u00f3n edilicia, monumentos hist\u00f3ricos, museos y colecciones.<\/li>\n<\/ul>\n<p>&nbsp;<\/p>\n<ul>\n<li>Cooperar con entidades culturales, educacionales, sociales p\u00fablicas y\/o privadas.<\/li>\n<\/ul>\n<p>&nbsp;<\/p>\n<ul>\n<li>Realizar trabajos de mantenimiento de conservaci\u00f3n de objetos art\u00edsticos.<\/li>\n<\/ul>\n<p>[\/vc_column_text][\/vc_column][vc_column width=&#8221;1\/4&#8243;][\/vc_column][\/vc_row][vc_row css_animation=&#8221;element_from_bottom&#8221; row_type=&#8221;row&#8221; use_row_as_full_screen_section=&#8221;no&#8221; type=&#8221;full_width&#8221; angled_section=&#8221;no&#8221; text_align=&#8221;left&#8221; background_image_as_pattern=&#8221;without_pattern&#8221; background_image=&#8221;39&#8243; z_index=&#8221;&#8221;][vc_column width=&#8221;1\/6&#8243;][\/vc_column][vc_column width=&#8221;2\/3&#8243; css=&#8221;.vc_custom_1558701213717{padding-right: 30px !important;padding-left: 30px !important;}&#8221;][vc_empty_space height=&#8221;100px&#8221;][vc_column_text]<\/p>\n<h2 style=\"color: #fff; text-align: center;\">Fundamentaci\u00f3n de la Propuesta:<\/h2>\n<p>[\/vc_column_text][vc_separator type=&#8221;small&#8221; position=&#8221;center&#8221; color=&#8221;#ffffff&#8221; width=&#8221;40&#8243;][vc_column_text]<\/p>\n<div style=\"text-align: justify; color: #fff;\">\n<p style=\"color: #fff;\">La &#8220;Diplomatura Universitaria en Conservaci\u00f3n y Restauraci\u00f3n&#8221;, se presenta como un programa de formaci\u00f3n a t\u00e9rmino en el marco de Res. 1007\/15 CS, que reglamenta las Diplomaturas Universitarias como cursos, m\u00f3dulos o trayectos sistematizados mediante un plan de estudios, destinados a la capacitaci\u00f3n, actualizaci\u00f3n y\/o perfeccionamiento en un \u00e1rea tem\u00e1tica determinada.<\/p>\n<p>&nbsp;<\/p>\n<p style=\"color: #fff;\">Cuenta con reconocimiento oficial de la Universidad Nacional del Nordeste y son certificadas como &#8220;trayectos formativos&#8221; y otorga Certificaci\u00f3n de: Diplomado Universitario en Conservaci\u00f3n y Restauraci\u00f3n.<\/p>\n<p>&nbsp;<\/p>\n<p style=\"color: #fff;\">El proyecto a t\u00e9rmino ser\u00e1 gerenciado por la Fundaci\u00f3n Urunday a trav\u00e9s de un acuerdo con la FADyCC que tendr\u00e1 a su cargo la coordinaci\u00f3n acad\u00e9mica, la coordinaci\u00f3n t\u00e9cnico-profesional y la certificaci\u00f3n oficial, Res. 125\/19-CD<\/p>\n<\/div>\n<p>[\/vc_column_text][vc_empty_space height=&#8221;62px&#8221;][vc_empty_space height=&#8221;100px&#8221;][\/vc_column][vc_column width=&#8221;1\/6&#8243;][\/vc_column][\/vc_row][vc_row css_animation=&#8221;element_from_left&#8221; row_type=&#8221;row&#8221; use_row_as_full_screen_section=&#8221;no&#8221; type=&#8221;full_width&#8221; angled_section=&#8221;no&#8221; text_align=&#8221;left&#8221; background_image_as_pattern=&#8221;without_pattern&#8221; css=&#8221;.vc_custom_1558555403939{padding-top: 100px !important;padding-right: 20px !important;padding-bottom: 100px !important;padding-left: 20px !important;}&#8221; z_index=&#8221;&#8221; background_color=&#8221;#168a4d&#8221;][vc_column][vc_row_inner row_type=&#8221;row&#8221; type=&#8221;full_width&#8221; text_align=&#8221;left&#8221; css_animation=&#8221;&#8221;][vc_column_inner width=&#8221;1\/6&#8243;][\/vc_column_inner][vc_column_inner width=&#8221;2\/3&#8243;][vc_column_text]<\/p>\n<h2 style=\"color: #fff; text-align: center;\">Plan de Estudio<\/h2>\n<p>[\/vc_column_text][vc_separator type=&#8221;small&#8221; position=&#8221;center&#8221; color=&#8221;#ffffff&#8221; width=&#8221;40&#8243;][vc_column_text]<\/p>\n<div style=\"text-align: justify; color: #fff;\">El plan de estudio se ha estructurado en 10 meses y se conforma con los m\u00f3dulos de &#8220;Conservaci\u00f3n de Bienes Culturales&#8221;, &#8220;Restauraci\u00f3n de Escultura en yeso&#8221;, &#8220;Conservaci\u00f3n y restauraci\u00f3n de Arte Contempor\u00e1neo&#8221;, &#8220;Conservaci\u00f3n y restauraci\u00f3n de Cer\u00e1mica&#8221;, &#8220;Conservaci\u00f3n y restauraci\u00f3n de Papel&#8221;, &#8220;Conservaci\u00f3n y restauraci\u00f3n de Arte Antiguo&#8221;, &#8220;La Historia del Arte y los aportes a la Conservaci\u00f3n y Restauraci\u00f3n&#8221;, &#8220;Conservaci\u00f3n y restauraci\u00f3n de esculturas en madera, piedra y metal&#8221;, &#8220;Conservaci\u00f3n y Restauraci\u00f3n de Arte Moderno&#8221;, &#8220;Pr\u00e1cticas de intervenci\u00f3n&#8221;.<\/div>\n<p>[\/vc_column_text][\/vc_column_inner][vc_column_inner width=&#8221;1\/6&#8243;][\/vc_column_inner][\/vc_row_inner][\/vc_column][\/vc_row][vc_row css_animation=&#8221;element_from_right&#8221; row_type=&#8221;row&#8221; use_row_as_full_screen_section=&#8221;no&#8221; type=&#8221;full_width&#8221; angled_section=&#8221;no&#8221; text_align=&#8221;left&#8221; background_image_as_pattern=&#8221;without_pattern&#8221; css=&#8221;.vc_custom_1558555418201{padding-top: 100px !important;padding-right: 20px !important;padding-bottom: 100px !important;padding-left: 20px !important;}&#8221; z_index=&#8221;&#8221; background_color=&#8221;#ededed&#8221;][vc_column][vc_row_inner row_type=&#8221;row&#8221; type=&#8221;full_width&#8221; text_align=&#8221;left&#8221; css_animation=&#8221;&#8221;][vc_column_inner width=&#8221;1\/6&#8243;][\/vc_column_inner][vc_column_inner width=&#8221;2\/3&#8243;][vc_column_text]<\/p>\n<h2 style=\"text-align: center;\">Profesionales del cuerpo docente<\/h2>\n<p>[\/vc_column_text][vc_separator type=&#8221;small&#8221; position=&#8221;center&#8221; color=&#8221;#000000&#8243; width=&#8221;40&#8243;][vc_column_text]<\/p>\n<h4 style=\"text-align: center;\">Los Profesionales del cuerpo docente confirmados para el dictado son:<\/h4>\n<p>[\/vc_column_text][vc_empty_space][vc_column_text]<\/p>\n<div style=\"text-align: justify;\">\u2022 <strong>Graciela Silvia Molina<\/strong> (Secretar\u00eda de Cultura de la Naci\u00f3n, Direcci\u00f3n de Nacional de Patrimonio y Museos. Buenos Aires); \u2022 <strong>Vilma P\u00e9rez Casalet<\/strong> (Conservadora- Restauradora en el Museo Nacional de Bellas Artes MNBA, Secretar\u00eda de Cultura de la Naci\u00f3n. Buenos Aires); \u2022 <strong>Gabriela Baldom\u00e1<\/strong> (Directora del Instituto de Investigaci\u00f3n, Conservaci\u00f3n y Restauraci\u00f3n de Arte Moderno y Contempor\u00e1neo. Rosario, Santa Fe); \u2022 <strong>Diana Clara Mart\u00ednez<\/strong> (Restauradora del Departamento de Conservaci\u00f3n y Restauraci\u00f3n del Museo Provincial de Bellas Artes \u201cRosa Galisteo de Rodr\u00edguez\u201d. Santa Fe.); \u2022 <strong>Florencia Gear<\/strong> (\u00c1rea de Conservaci\u00f3n y Rescate de Bienes Culturales, Direcci\u00f3n Nacional de Bienes y Sitios Culturales, Secretar\u00eda de Patrimonio Cultural. Secretar\u00eda de Cultura de la Naci\u00f3n); \u2022 <strong>Mercedes de las Carreras<\/strong> (Jefa de Gesti\u00f3n de Colecciones. Museo Nacional de Bellas Artes. Buenos Aires); \u2022 <strong>Dar\u00edo Klehr<\/strong> (Director del Museo de Esculturas \u201cLuis Perlotti\u201d. Buenos Aires); \u2022 <strong>Oscar Monkes<\/strong> (Responsable del \u00c1rea de Conservaci\u00f3n y Restauraci\u00f3n. Museo de Arte Moderno. Buenos Aires); \u2022 <strong>Mariana Giordano <\/strong>(Docente-Investigadora Instituto de Investigaciones Geohist\u00f3ricas (Conicet &#8211; UNNE) Resistencia, Chaco); \u2022 <strong>Elisa Itat\u00ed Mart\u00ednez<\/strong> (Responsable del \u00c1rea de Conservaci\u00f3n y Restauraci\u00f3n. Direcci\u00f3n de Patrimonio. Instituto de Cultura de la Provincia. Corrientes);<\/div>\n<p>[\/vc_column_text][\/vc_column_inner][vc_column_inner width=&#8221;1\/6&#8243;][\/vc_column_inner][\/vc_row_inner][\/vc_column][\/vc_row][vc_row css_animation=&#8221;element_from_left&#8221; row_type=&#8221;row&#8221; use_row_as_full_screen_section=&#8221;no&#8221; type=&#8221;full_width&#8221; angled_section=&#8221;no&#8221; text_align=&#8221;left&#8221; background_image_as_pattern=&#8221;without_pattern&#8221; css=&#8221;.vc_custom_1560570730554{padding-top: 100px !important;padding-right: 20px !important;padding-left: 20px !important;}&#8221; z_index=&#8221;&#8221; background_color=&#8221;#ffffff&#8221;][vc_column][vc_row_inner row_type=&#8221;row&#8221; type=&#8221;full_width&#8221; text_align=&#8221;left&#8221; css_animation=&#8221;&#8221;][vc_column_inner width=&#8221;1\/6&#8243;][\/vc_column_inner][vc_column_inner width=&#8221;2\/3&#8243;][vc_column_text]<\/p>\n<h2 style=\"text-align: center; color: #148a4d;\">Requisitos de Admisi\u00f3n<\/h2>\n<p>[\/vc_column_text][vc_separator type=&#8221;small&#8221; position=&#8221;center&#8221; color=&#8221;#148a4d&#8221; width=&#8221;40&#8243;][vc_empty_space height=&#8221;40px&#8221;][\/vc_column_inner][vc_column_inner width=&#8221;1\/6&#8243;][\/vc_column_inner][\/vc_row_inner][vc_row_inner row_type=&#8221;row&#8221; type=&#8221;grid&#8221; text_align=&#8221;left&#8221; css_animation=&#8221;&#8221;][vc_column_inner width=&#8221;1\/12&#8243;][\/vc_column_inner][vc_column_inner width=&#8221;5\/12&#8243;][vc_column_text]<img loading=\"lazy\" decoding=\"async\" class=\"alignnone wp-image-81\" src=\"http:\/\/www.fundacionurunday.org\/diplomatura\/wp-content\/uploads\/2019\/05\/A.png\" alt=\"\" width=\"12\" height=\"13\" \/>\u00a0 T\u00edtulo secundario.<\/p>\n<p>&nbsp;<\/p>\n<p><img loading=\"lazy\" decoding=\"async\" class=\"alignnone wp-image-86\" src=\"http:\/\/www.fundacionurunday.org\/diplomatura\/wp-content\/uploads\/2019\/05\/B.png\" alt=\"\" width=\"10\" height=\"12\" \/>\u00a0 Curriculum Vitae .<\/p>\n<p>&nbsp;<\/p>\n<p><img loading=\"lazy\" decoding=\"async\" class=\"alignnone wp-image-87\" src=\"http:\/\/www.fundacionurunday.org\/diplomatura\/wp-content\/uploads\/2019\/05\/C.png\" alt=\"\" width=\"12\" height=\"12\" \/>\u00a0 Carta de intenci\u00f3n fundamentando el inter\u00e9s y las proyecciones espec\u00edficas de aplicaci\u00f3n de la formaci\u00f3n .esperada.[\/vc_column_text][vc_empty_space height=&#8221;40px&#8221;][\/vc_column_inner][vc_column_inner width=&#8221;5\/12&#8243;][vc_column_text]Las postulaciones ser\u00e1n evaluadas por una comisi\u00f3n integrada por la Coordinadora Acad\u00e9mica, la Coordinadora T\u00e9cnico-Profesional y un representante de la Fundaci\u00f3n Urunday, pudiendo adem\u00e1s realizar entrevistas personales al efecto de la selecci\u00f3n final de los postulantes.[\/vc_column_text][vc_empty_space height=&#8221;40px&#8221;][\/vc_column_inner][vc_column_inner width=&#8221;1\/12&#8243;][\/vc_column_inner][\/vc_row_inner][vc_row_inner row_type=&#8221;row&#8221; type=&#8221;grid&#8221; text_align=&#8221;left&#8221; css_animation=&#8221;&#8221;][vc_column_inner][vc_separator type=&#8221;small&#8221; position=&#8221;center&#8221; color=&#8221;#000000&#8243; width=&#8221;150&#8243; thickness=&#8221;1&#8243;][vc_column_text css=&#8221;.vc_custom_1562870477886{padding-bottom: 20px !important;}&#8221;]<\/p>\n<p style=\"text-align: center; font-size: 20px;\">Cupo: M\u00ednimo 20 alumnos, m\u00e1ximo 30.<\/p>\n<p>[\/vc_column_text][vc_separator type=&#8221;small&#8221; position=&#8221;center&#8221; color=&#8221;#000000&#8243; width=&#8221;150&#8243; thickness=&#8221;1&#8243; up=&#8221;25&#8243;][\/vc_column_inner][\/vc_row_inner][\/vc_column][\/vc_row][vc_row css_animation=&#8221;element_from_right&#8221; row_type=&#8221;row&#8221; use_row_as_full_screen_section=&#8221;no&#8221; type=&#8221;full_width&#8221; angled_section=&#8221;no&#8221; text_align=&#8221;left&#8221; background_image_as_pattern=&#8221;without_pattern&#8221; css=&#8221;.vc_custom_1558554480355{padding-bottom: 100px !important;}&#8221; z_index=&#8221;&#8221; background_color=&#8221;#ffffff&#8221;][vc_column el_id=&#8221;preinscripcion&#8221; offset=&#8221;vc_hidden-lg vc_hidden-md vc_hidden-sm vc_hidden-xs&#8221;][vc_row_inner row_type=&#8221;row&#8221; type=&#8221;full_width&#8221; text_align=&#8221;left&#8221; css_animation=&#8221;&#8221;][vc_column_inner width=&#8221;1\/6&#8243;][\/vc_column_inner][vc_column_inner width=&#8221;2\/3&#8243;][vc_column_text]<\/p>\n<h2 style=\"text-align: center; color: #148a4d;\">Pre Inscripci\u00f3n<\/h2>\n<p>[\/vc_column_text][vc_separator type=&#8221;small&#8221; position=&#8221;center&#8221; color=&#8221;#148a4d&#8221; width=&#8221;40&#8243;][vc_empty_space height=&#8221;40px&#8221;][\/vc_column_inner][vc_column_inner width=&#8221;1\/6&#8243;][\/vc_column_inner][\/vc_row_inner][vc_row_inner row_type=&#8221;row&#8221; type=&#8221;grid&#8221; text_align=&#8221;left&#8221; css_animation=&#8221;&#8221;][vc_column_inner][vc_column_text]\n<div class=\"wpcf7 no-js\" id=\"wpcf7-f120-o1\" lang=\"es-AR\" dir=\"ltr\" data-wpcf7-id=\"120\">\n<div class=\"screen-reader-response\"><p role=\"status\" aria-live=\"polite\" aria-atomic=\"true\"><\/p> <ul><\/ul><\/div>\n<form action=\"\/diplomatura\/wp-json\/wp\/v2\/pages\/7#wpcf7-f120-o1\" method=\"post\" class=\"wpcf7-form init\" aria-label=\"Formulario de contacto\" enctype=\"multipart\/form-data\" novalidate=\"novalidate\" data-status=\"init\">\n<fieldset class=\"hidden-fields-container\"><input type=\"hidden\" name=\"_wpcf7\" value=\"120\" \/><input type=\"hidden\" name=\"_wpcf7_version\" value=\"6.1.6\" \/><input type=\"hidden\" name=\"_wpcf7_locale\" value=\"es_AR\" \/><input type=\"hidden\" name=\"_wpcf7_unit_tag\" value=\"wpcf7-f120-o1\" \/><input type=\"hidden\" name=\"_wpcf7_container_post\" value=\"0\" \/><input type=\"hidden\" name=\"_wpcf7_posted_data_hash\" value=\"\" \/>\n<\/fieldset>\n<div class=\"wpcf7-response-output\" aria-hidden=\"true\"><\/div>\n<div id=\"responsive-form\" class=\"clearfix\">\n\t<h2>Formulario\n\t<\/h2>\n\t<div class=\"form-row\">\n\t\t<div class=\"column-half\">\n\t\t\t<p><label> Nombre <span class=\"wpcf7-form-control-wrap\" data-name=\"nombre\"><input size=\"40\" maxlength=\"400\" class=\"wpcf7-form-control wpcf7-text wpcf7-validates-as-required\" aria-required=\"true\" aria-invalid=\"false\" value=\"\" type=\"text\" name=\"nombre\" \/><\/span> <\/label>\n\t\t\t<\/p>\n\t\t<\/div>\n\t\t<div class=\"column-half\">\n\t\t\t<p><label> Apellido <span class=\"wpcf7-form-control-wrap\" data-name=\"apellido\"><input size=\"40\" maxlength=\"400\" class=\"wpcf7-form-control wpcf7-text wpcf7-validates-as-required\" aria-required=\"true\" aria-invalid=\"false\" value=\"\" type=\"text\" name=\"apellido\" \/><\/span> <\/label>\n\t\t\t<\/p>\n\t\t<\/div>\n\t<\/div>\n\t<div class=\"form-row\">\n\t\t<div class=\"column-half\">\n\t\t\t<p><label> Email <span class=\"wpcf7-form-control-wrap\" data-name=\"email\"><input size=\"40\" maxlength=\"400\" class=\"wpcf7-form-control wpcf7-email wpcf7-validates-as-required wpcf7-text wpcf7-validates-as-email\" aria-required=\"true\" aria-invalid=\"false\" value=\"\" type=\"email\" name=\"email\" \/><\/span> <\/label>\n\t\t\t<\/p>\n\t\t<\/div>\n\t\t<div class=\"column-half\">\n\t\t\t<p><label> Tel\u00e9fono <span class=\"wpcf7-form-control-wrap\" data-name=\"telefono\"><input size=\"40\" maxlength=\"400\" class=\"wpcf7-form-control wpcf7-tel wpcf7-text wpcf7-validates-as-tel\" aria-invalid=\"false\" value=\"\" type=\"tel\" name=\"telefono\" \/><\/span> <\/label>\n\t\t\t<\/p>\n\t\t<\/div>\n\t<\/div>\n\t<div class=\"form-row\">\n\t\t<div class=\"column-half\">\n\t\t\t<p><label> Provincia <span class=\"wpcf7-form-control-wrap\" data-name=\"provincia\"><input size=\"40\" maxlength=\"400\" class=\"wpcf7-form-control wpcf7-text\" aria-invalid=\"false\" value=\"\" type=\"text\" name=\"provincia\" \/><\/span> <\/label>\n\t\t\t<\/p>\n\t\t<\/div>\n\t\t<div class=\"column-half\">\n\t\t\t<p><label> Ciudad <span class=\"wpcf7-form-control-wrap\" data-name=\"ciudad\"><input size=\"40\" maxlength=\"400\" class=\"wpcf7-form-control wpcf7-text\" aria-invalid=\"false\" value=\"\" type=\"text\" name=\"ciudad\" \/><\/span> <\/label>\n\t\t\t<\/p>\n\t\t<\/div>\n\t<\/div>\n\t<div class=\"form-row\">\n\t\t<div class=\"column-half\">\n\t\t\t<p><label> Direcci\u00f3n <span class=\"wpcf7-form-control-wrap\" data-name=\"direccion\"><input size=\"40\" maxlength=\"400\" class=\"wpcf7-form-control wpcf7-text\" aria-invalid=\"false\" value=\"\" type=\"text\" name=\"direccion\" \/><\/span> <\/label>\n\t\t\t<\/p>\n\t\t<\/div>\n\t\t<div class=\"column-half\">\n\t\t\t<p><label> T\u00edtulo Secundario <span class=\"wpcf7-form-control-wrap\" data-name=\"titulo\"><input size=\"40\" maxlength=\"400\" class=\"wpcf7-form-control wpcf7-text\" aria-invalid=\"false\" value=\"\" type=\"text\" name=\"titulo\" \/><\/span> <\/label>\n\t\t\t<\/p>\n\t\t<\/div>\n\t<\/div>\n\t<div class=\"form-row\">\n\t\t<div class=\"column-half\">\n\t\t\t<p><label>Adjuntar Carta de Intenci\u00f3n:<br \/>\n<span class=\"wpcf7-form-control-wrap\" data-name=\"cartaadmision\"><input size=\"40\" class=\"wpcf7-form-control wpcf7-file cv\" id=\"cv\" accept=\"audio\/*,video\/*,image\/*\" aria-invalid=\"false\" type=\"file\" name=\"cartaadmision\" \/><\/span> <\/label>\n\t\t\t<\/p>\n\t\t<\/div>\n\t\t<div class=\"column-half\">\n\t\t\t<p><label>Adjuntar CV:<br \/>\n<span class=\"wpcf7-form-control-wrap\" data-name=\"curriculum\"><input size=\"40\" class=\"wpcf7-form-control wpcf7-file cv\" accept=\"audio\/*,video\/*,image\/*\" aria-invalid=\"false\" type=\"file\" name=\"curriculum\" \/><\/span> <\/label>\n\t\t\t<\/p>\n\t\t<\/div>\n\t<\/div>\n\t<div class=\"form-row\">\n\t\t<div class=\"column-full\">\n\t\t\t<p  align=\"left\"><input class=\"wpcf7-form-control wpcf7-submit has-spinner\" type=\"submit\" value=\"Enviar\" \/>\n\t\t\t<\/p>\n\t\t<\/div>\n\t<\/div>\n\t<p>Para consultas escribirnos a <strong><a class=\"moz-txt-link-abbreviated\" href=\"mailto:academicas@fundacionurunday.org, urunday@bienaldelchaco.com\">academicas@fundacionurunday.org<\/a><\/strong>\n\t<\/p>\n<\/div><!--end responsive-form-->\n<\/form>\n<\/div>\n[\/vc_column_text][\/vc_column_inner][\/vc_row_inner][\/vc_column][\/vc_row][vc_row css_animation=&#8221;&#8221; row_type=&#8221;row&#8221; use_row_as_full_screen_section=&#8221;no&#8221; type=&#8221;full_width&#8221; angled_section=&#8221;no&#8221; text_align=&#8221;left&#8221; background_image_as_pattern=&#8221;without_pattern&#8221; css=&#8221;.vc_custom_1560570467222{background-color: #ffffff !important;}&#8221; z_index=&#8221;&#8221;][vc_column width=&#8221;1\/6&#8243;][\/vc_column][vc_column width=&#8221;2\/3&#8243;][vc_column_text]Para consultas escribirnos a <strong><a class=\"moz-txt-link-abbreviated\" href=\"mailto:academicas@fundacionurunday.org, urunday@bienaldelchaco.com\">academicas@fundacionurunday.org<\/a><\/strong>[\/vc_column_text][vc_empty_space height=&#8221;100px&#8221;][\/vc_column][vc_column width=&#8221;1\/6&#8243;][\/vc_column][\/vc_row][vc_row css_animation=&#8221;element_from_fade&#8221; row_type=&#8221;row&#8221; use_row_as_full_screen_section=&#8221;no&#8221; type=&#8221;full_width&#8221; angled_section=&#8221;no&#8221; text_align=&#8221;left&#8221; background_image_as_pattern=&#8221;without_pattern&#8221; z_index=&#8221;&#8221; background_color=&#8221;#363636&#8243; css=&#8221;.vc_custom_1558554497350{padding-top: 50px !important;padding-bottom: 50px !important;}&#8221;][vc_column width=&#8221;1\/4&#8243;][\/vc_column][vc_column width=&#8221;1\/2&#8243;][vc_column_text]<\/p>\n<div style=\"font: 'Montserrat'; font-size: 20px; text-align: center; font-weight: 100; color: #fff;\">Unidad Acad\u00e9mica responsable<\/div>\n<div style=\"font: 'Montserrat'; font-size: 22px; text-align: center; font-weight: bold; color: #fff;\">Facultad de Artes, Dise\u00f1o y Ciencias de la Cultura. UNNE<\/div>\n<p>[\/vc_column_text][vc_column_text css=&#8221;.vc_custom_1558637352231{padding-top: 35px !important;}&#8221;]<img loading=\"lazy\" decoding=\"async\" class=\"wp-image-96 size-full aligncenter\" src=\"http:\/\/www.fundacionurunday.org\/diplomatura\/wp-content\/uploads\/2019\/05\/logospieCompleto3.png\" alt=\"\" width=\"711\" height=\"232\" srcset=\"http:\/\/www.fundacionurunday.org\/diplomatura\/wp-content\/uploads\/2019\/05\/logospieCompleto3.png 711w, http:\/\/www.fundacionurunday.org\/diplomatura\/wp-content\/uploads\/2019\/05\/logospieCompleto3-300x98.png 300w, http:\/\/www.fundacionurunday.org\/diplomatura\/wp-content\/uploads\/2019\/05\/logospieCompleto3-700x228.png 700w\" sizes=\"auto, (max-width: 711px) 100vw, 711px\" \/>[\/vc_column_text][\/vc_column][vc_column width=&#8221;1\/4&#8243;][\/vc_column][\/vc_row]<\/p>\n","protected":false},"excerpt":{"rendered":"<p>[vc_row css_animation=&#8221;element_from_fade&#8221; row_type=&#8221;row&#8221; use_row_as_full_screen_section=&#8221;no&#8221; type=&#8221;full_width&#8221; angled_section=&#8221;no&#8221; text_align=&#8221;left&#8221; background_image_as_pattern=&#8221;without_pattern&#8221; z_index=&#8221;&#8221; background_color=&#8221;#ffffff&#8221;][vc_column offset=&#8221;vc_hidden-sm vc_hidden-xs&#8221;][vc_row_inner row_type=&#8221;row&#8221; type=&#8221;full_width&#8221; text_align=&#8221;left&#8221; css_animation=&#8221;&#8221;][vc_column_inner width=&#8221;1\/6&#8243;][\/vc_column_inner][vc_column_inner width=&#8221;2\/3&#8243; css=&#8221;.vc_custom_1558702658927{margin-top: -110px !important;}&#8221;][vc_single_image image=&#8221;222&#8243; img_size=&#8221;full&#8221; alignment=&#8221;center&#8221; qode_css_animation=&#8221;&#8221;][\/vc_column_inner][vc_column_inner width=&#8221;1\/6&#8243;][\/vc_column_inner][\/vc_row_inner][\/vc_column][\/vc_row][vc_row css_animation=&#8221;element_from_fade&#8221; row_type=&#8221;row&#8221; use_row_as_full_screen_section=&#8221;no&#8221; type=&#8221;full_width&#8221; angled_section=&#8221;no&#8221; text_align=&#8221;left&#8221; background_image_as_pattern=&#8221;without_pattern&#8221; z_index=&#8221;&#8221; background_color=&#8221;#ffffff&#8221;][vc_column offset=&#8221;vc_hidden-lg vc_hidden-md&#8221;][vc_row_inner row_type=&#8221;row&#8221; type=&#8221;full_width&#8221; text_align=&#8221;left&#8221; css_animation=&#8221;&#8221;][vc_column_inner width=&#8221;1\/6&#8243;][\/vc_column_inner][vc_column_inner width=&#8221;2\/3&#8243;][vc_single_image image=&#8221;222&#8243; img_size=&#8221;full&#8221;&#8230;<\/p>\n","protected":false},"author":1,"featured_media":0,"parent":0,"menu_order":0,"comment_status":"closed","ping_status":"closed","template":"full_width.php","meta":{"footnotes":""},"class_list":["post-7","page","type-page","status-publish","hentry"],"_links":{"self":[{"href":"http:\/\/www.fundacionurunday.org\/diplomatura\/wp-json\/wp\/v2\/pages\/7","targetHints":{"allow":["GET"]}}],"collection":[{"href":"http:\/\/www.fundacionurunday.org\/diplomatura\/wp-json\/wp\/v2\/pages"}],"about":[{"href":"http:\/\/www.fundacionurunday.org\/diplomatura\/wp-json\/wp\/v2\/types\/page"}],"author":[{"embeddable":true,"href":"http:\/\/www.fundacionurunday.org\/diplomatura\/wp-json\/wp\/v2\/users\/1"}],"replies":[{"embeddable":true,"href":"http:\/\/www.fundacionurunday.org\/diplomatura\/wp-json\/wp\/v2\/comments?post=7"}],"version-history":[{"count":190,"href":"http:\/\/www.fundacionurunday.org\/diplomatura\/wp-json\/wp\/v2\/pages\/7\/revisions"}],"predecessor-version":[{"id":249,"href":"http:\/\/www.fundacionurunday.org\/diplomatura\/wp-json\/wp\/v2\/pages\/7\/revisions\/249"}],"wp:attachment":[{"href":"http:\/\/www.fundacionurunday.org\/diplomatura\/wp-json\/wp\/v2\/media?parent=7"}],"curies":[{"name":"wp","href":"https:\/\/api.w.org\/{rel}","templated":true}]}}