{"id":188,"date":"2021-12-15T19:28:58","date_gmt":"2021-12-15T22:28:58","guid":{"rendered":"http:\/\/www.fundacionurunday.org\/lae\/?page_id=188"},"modified":"2021-12-16T09:52:10","modified_gmt":"2021-12-16T12:52:10","slug":"capitulo-5-luperca-otea-el-horizonte","status":"publish","type":"page","link":"http:\/\/www.fundacionurunday.org\/lae\/capitulo-5-luperca-otea-el-horizonte\/","title":{"rendered":"Cap\u00edtulo 5 &#8211; Luperca otea el horizonte"},"content":{"rendered":"<p>[vc_row css_animation=&#8221;&#8221; row_type=&#8221;row&#8221; use_row_as_full_screen_section=&#8221;no&#8221; type=&#8221;full_width&#8221; angled_section=&#8221;no&#8221; text_align=&#8221;left&#8221; background_image_as_pattern=&#8221;without_pattern&#8221;][vc_column offset=&#8221;vc_hidden-sm vc_hidden-xs&#8221;][vc_empty_space height=&#8221;50px&#8221;][vc_row_inner row_type=&#8221;row&#8221; type=&#8221;grid&#8221; text_align=&#8221;left&#8221; css_animation=&#8221;&#8221;][vc_column_inner width=&#8221;2\/3&#8243;][vc_single_image image=&#8221;189&#8243; img_size=&#8221;full&#8221; qode_css_animation=&#8221;element_from_fade&#8221; transition_delay=&#8221;1&#8243;][vc_empty_space][vc_column_text]<\/p>\n<h2>Luperca otea el horizonte<\/h2>\n<p>[\/vc_column_text][vc_column_text]<span style=\"color: #999999; font-family: Lato; font-size: 12px;\">15 de Diciembre, 2021 | Cap\u00edtulo 5<\/span>[\/vc_column_text][vc_empty_space][vc_column_text]<em><span style=\"font-size: 18px; background-color: #000000; color: #ffffff; padding-left: 10px; padding-right: 10px;\">Por Marcelo Nieto<\/span><\/em>[\/vc_column_text][vc_empty_space][vc_column_text el_class=&#8221;parrafo&#8221;]<\/p>\n<p style=\"font-size: 18px;\">A\u00fan cuando Resistencia ha crecido notoriamente en altura, sigue sorprendiendo la monumentalidad de la loba romana o \u201cLuperca\u201d.<\/p>\n<p>&nbsp;<\/p>\n<p style=\"font-size: 18px;\">Imaginemos la ciudad en el a\u00f1o 1920 y se podr\u00e1 deducir el efecto grandilocuente, imponentemente escenogr\u00e1fico de la obra, al que hay que sumar el contexto de espesura arb\u00f3rea que le daba a la plaza cariz de jard\u00edn bot\u00e1nico, seg\u00fan atestiguan viajeros de aquellos d\u00edas.<\/p>\n<p>&nbsp;<\/p>\n<p style=\"font-size: 18px;\">Definitivamente, la loba romana fue un faro no solo por su altivez sino porque marcaba a las claras el protagonismo de la inmigraci\u00f3n italiana. Y el sentimiento de identidad de ese pu\u00f1ado de latinos que no se despegaban emocionalmente de la madre patria, aunque se fusionaran con naturalidad al nuevo paisaje. T\u00e9ngase en cuenta que reci\u00e9n 25 a\u00f1os despu\u00e9s el patriotismo nacional se hace s\u00edmbolo contundente con la erecci\u00f3n del monumento a San Mart\u00edn en el centro de la plaza.<\/p>\n<p>&nbsp;<\/p>\n<p style=\"font-size: 18px;\">El monumento de la loba romana fue obsequiado por la comunidad italiana a Resistencia y al Territorio del Chaco en agradecimiento a su hospitalidad, y en memoria de las familias que en 1878 y 1879, llegaron al paraje San Fernando para poblar la colonia.<\/p>\n<p>&nbsp;<\/p>\n<p style=\"font-size: 18px;\">La obra fue realizada por suscripci\u00f3n popular entre los miembros de la comunidad italiana.<\/p>\n<p>&nbsp;<\/p>\n<p style=\"font-size: 18px;\">Aquel 20 de septiembre de 1920 Resistencia amaneci\u00f3 con una salva de bombas. En el local de la Sociedad Italiana las familias vestidas de fiesta se concentraron para avanzar con paso jaranero hasta la plaza.<\/p>\n<p>&nbsp;<\/p>\n<p style=\"font-size: 18px;\">No fue una fecha elegida al azar, se cumpl\u00edan 50 a\u00f1os de la unidad italiana por eso fue inaugurada \u2013seg\u00fan registra la fotograf\u00eda- cuando el monumento se encontraba a\u00fan sin terminar: Con ladrillo a la vista y rodeado de andamios. La obra en plenitud pudo admirarse reci\u00e9n el 7 de noviembre del mismo a\u00f1o.<\/p>\n<p>&nbsp;<\/p>\n<p style=\"font-size: 18px;\">Cuelgan pendones, escudos y blasones\u2026 muy italiano\u2026 El entonces presidente de la comisi\u00f3n don Rodolfo Gabardini, ofrece el emotivo discurso que valora la gesta inmigrante que repite el periplo de Odiseo, atravesando mares y luchando con adversidades. Entre los presentes -protagonistas de aquel paneg\u00edrico-, corren l\u00e1grimas y un sentimiento de orgullo. El evento culmina por la tarde con una carrera de caballos.<\/p>\n<p>&nbsp;<\/p>\n<p style=\"font-size: 18px;\">Rezagado su nombre en la historia de las esculturas, Pedro Fiacadori, dirigente de la Sociedad Italiana, fue el ideador y hacedor del monumento que cont\u00f3 con la ayuda del alba\u00f1il, Juan Serio.<\/p>\n<p>&nbsp;<\/p>\n<p style=\"font-size: 18px;\">La obra es un gran basamento arquitect\u00f3nico para sostener la estatua de piedra de R\u00f3mulo y Remo amamantados por la loba\u2013el mito latino de la creaci\u00f3n de Roma- que se estiliza en dos columnas rematadas por la figura aleg\u00f3rica. Escalinatas en su cimiento, y varias placas recordatorias entre la que se destaca la que enumera los nombres de aquellos aventureros de origen Italiano que poblaron Resistencia.<\/p>\n<p>&nbsp;<\/p>\n<p style=\"font-size: 18px;\">En otra de las placas se lee: &#8220;La colectividad italiana, deseando afirmar la solidaridad \u00edtalo argentina, en el 50\u00ba Aniversario del XX de Septiembre de 1870, a la ciudad de Resistencia este homenaje se ofrece&#8221;.<\/p>\n<p>&nbsp;<\/p>\n<p style=\"font-size: 18px;\">A trav\u00e9s del Decreto N\u00ba 1937 del 1\u00ba de octubre de 2007, se declar\u00f3 Patrimonio Cultural del Chaco al monumento, sosteniendo que la medida es un \u201cjusto y merecido homenaje a los colonos italianos que fundaron la ciudad de Resistencia\u201d.<\/p>\n<p>&nbsp;<\/p>\n<p style=\"font-size: 18px;\">All\u00ed est\u00e1, vigente en su belleza y portento el monumento a la loba romana. Infiriendo necesariamente la gesta fundacional. As\u00ed, el arte es memoria.<\/p>\n<p>&nbsp;<\/p>\n<p style=\"font-size: 18px;\"><em>Contenidos: Virgina Quirelli<\/em><\/p>\n<p style=\"font-size: 18px;\"><em>Arte: Brian Ariel Dufek<\/em><\/p>\n<p>[\/vc_column_text][vc_empty_space height=&#8221;40px&#8221;][\/vc_column_inner][vc_column_inner width=&#8221;1\/3&#8243;][vc_widget_sidebar sidebar_id=&#8221;Menu Capitulos&#8221;][\/vc_column_inner][\/vc_row_inner][\/vc_column][\/vc_row][vc_row css_animation=&#8221;&#8221; row_type=&#8221;row&#8221; use_row_as_full_screen_section=&#8221;no&#8221; type=&#8221;full_width&#8221; angled_section=&#8221;no&#8221; text_align=&#8221;left&#8221; background_image_as_pattern=&#8221;without_pattern&#8221;][vc_column offset=&#8221;vc_hidden-lg vc_hidden-md&#8221; css=&#8221;.vc_custom_1637078558801{padding-right: 10% !important;padding-left: 10% !important;}&#8221;][vc_empty_space][vc_row_inner row_type=&#8221;row&#8221; type=&#8221;full_width&#8221; text_align=&#8221;left&#8221; css_animation=&#8221;&#8221;][vc_column_inner width=&#8221;2\/3&#8243;][vc_single_image image=&#8221;189&#8243; img_size=&#8221;full&#8221; qode_css_animation=&#8221;element_from_fade&#8221; transition_delay=&#8221;1&#8243;][vc_empty_space][vc_column_text]<\/p>\n<h2>Luperca otea el horizonte<\/h2>\n<p>[\/vc_column_text][vc_column_text]<span style=\"color: #999999; font-family: Lato; font-size: 12px;\">15 de Diciembre, 2021 | Cap\u00edtulo 5<\/span>[\/vc_column_text][vc_empty_space][vc_column_text]<em><span style=\"font-size: 18px; background-color: #000000; color: #ffffff; padding-left: 10px; padding-right: 10px;\">Por Marcelo Nieto<\/span><\/em>[\/vc_column_text][vc_empty_space][vc_column_text el_class=&#8221;parrafo&#8221;]<\/p>\n<p style=\"font-size: 18px;\">A\u00fan cuando Resistencia ha crecido notoriamente en altura, sigue sorprendiendo la monumentalidad de la loba romana o \u201cLuperca\u201d.<\/p>\n<p>&nbsp;<\/p>\n<p style=\"font-size: 18px;\">Imaginemos la ciudad en el a\u00f1o 1920 y se podr\u00e1 deducir el efecto grandilocuente, imponentemente escenogr\u00e1fico de la obra, al que hay que sumar el contexto de espesura arb\u00f3rea que le daba a la plaza cariz de jard\u00edn bot\u00e1nico, seg\u00fan atestiguan viajeros de aquellos d\u00edas.<\/p>\n<p>&nbsp;<\/p>\n<p style=\"font-size: 18px;\">Definitivamente, la loba romana fue un faro no solo por su altivez sino porque marcaba a las claras el protagonismo de la inmigraci\u00f3n italiana. Y el sentimiento de identidad de ese pu\u00f1ado de latinos que no se despegaban emocionalmente de la madre patria, aunque se fusionaran con naturalidad al nuevo paisaje. T\u00e9ngase en cuenta que reci\u00e9n 25 a\u00f1os despu\u00e9s el patriotismo nacional se hace s\u00edmbolo contundente con la erecci\u00f3n del monumento a San Mart\u00edn en el centro de la plaza.<\/p>\n<p>&nbsp;<\/p>\n<p style=\"font-size: 18px;\">El monumento de la loba romana fue obsequiado por la comunidad italiana a Resistencia y al Territorio del Chaco en agradecimiento a su hospitalidad, y en memoria de las familias que en 1878 y 1879, llegaron al paraje San Fernando para poblar la colonia.<\/p>\n<p>&nbsp;<\/p>\n<p style=\"font-size: 18px;\">La obra fue realizada por suscripci\u00f3n popular entre los miembros de la comunidad italiana.<\/p>\n<p>&nbsp;<\/p>\n<p style=\"font-size: 18px;\">Aquel 20 de septiembre de 1920 Resistencia amaneci\u00f3 con una salva de bombas. En el local de la Sociedad Italiana las familias vestidas de fiesta se concentraron para avanzar con paso jaranero hasta la plaza.<\/p>\n<p>&nbsp;<\/p>\n<p style=\"font-size: 18px;\">No fue una fecha elegida al azar, se cumpl\u00edan 50 a\u00f1os de la unidad italiana por eso fue inaugurada \u2013seg\u00fan registra la fotograf\u00eda- cuando el monumento se encontraba a\u00fan sin terminar: Con ladrillo a la vista y rodeado de andamios. La obra en plenitud pudo admirarse reci\u00e9n el 7 de noviembre del mismo a\u00f1o.<\/p>\n<p>&nbsp;<\/p>\n<p style=\"font-size: 18px;\">Cuelgan pendones, escudos y blasones\u2026 muy italiano\u2026 El entonces presidente de la comisi\u00f3n don Rodolfo Gabardini, ofrece el emotivo discurso que valora la gesta inmigrante que repite el periplo de Odiseo, atravesando mares y luchando con adversidades. Entre los presentes -protagonistas de aquel paneg\u00edrico-, corren l\u00e1grimas y un sentimiento de orgullo. El evento culmina por la tarde con una carrera de caballos.<\/p>\n<p>&nbsp;<\/p>\n<p style=\"font-size: 18px;\">Rezagado su nombre en la historia de las esculturas, Pedro Fiacadori, dirigente de la Sociedad Italiana, fue el ideador y hacedor del monumento que cont\u00f3 con la ayuda del alba\u00f1il, Juan Serio.<\/p>\n<p>&nbsp;<\/p>\n<p style=\"font-size: 18px;\">La obra es un gran basamento arquitect\u00f3nico para sostener la estatua de piedra de R\u00f3mulo y Remo amamantados por la loba\u2013el mito latino de la creaci\u00f3n de Roma- que se estiliza en dos columnas rematadas por la figura aleg\u00f3rica. Escalinatas en su cimiento, y varias placas recordatorias entre la que se destaca la que enumera los nombres de aquellos aventureros de origen Italiano que poblaron Resistencia.<\/p>\n<p>&nbsp;<\/p>\n<p style=\"font-size: 18px;\">En otra de las placas se lee: &#8220;La colectividad italiana, deseando afirmar la solidaridad \u00edtalo argentina, en el 50\u00ba Aniversario del XX de Septiembre de 1870, a la ciudad de Resistencia este homenaje se ofrece&#8221;.<\/p>\n<p>&nbsp;<\/p>\n<p style=\"font-size: 18px;\">A trav\u00e9s del Decreto N\u00ba 1937 del 1\u00ba de octubre de 2007, se declar\u00f3 Patrimonio Cultural del Chaco al monumento, sosteniendo que la medida es un \u201cjusto y merecido homenaje a los colonos italianos que fundaron la ciudad de Resistencia\u201d.<\/p>\n<p>&nbsp;<\/p>\n<p style=\"font-size: 18px;\">All\u00ed est\u00e1, vigente en su belleza y portento el monumento a la loba romana. Infiriendo necesariamente la gesta fundacional. As\u00ed, el arte es memoria.<\/p>\n<p>&nbsp;<\/p>\n<p style=\"font-size: 18px;\"><em>Contenidos: Virgina Quirelli<\/em><\/p>\n<p style=\"font-size: 18px;\"><em>Arte: Brian Ariel Dufek<\/em><\/p>\n<p>[\/vc_column_text][vc_empty_space height=&#8221;40px&#8221;][\/vc_column_inner][vc_column_inner width=&#8221;1\/3&#8243;][vc_widget_sidebar sidebar_id=&#8221;Menu Capitulos&#8221;][\/vc_column_inner][\/vc_row_inner][\/vc_column][\/vc_row][vc_row css_animation=&#8221;&#8221; row_type=&#8221;row&#8221; use_row_as_full_screen_section=&#8221;no&#8221; type=&#8221;full_width&#8221; angled_section=&#8221;no&#8221; text_align=&#8221;left&#8221; background_image_as_pattern=&#8221;without_pattern&#8221;][vc_column][vc_empty_space height=&#8221;120px&#8221;][vc_single_image image=&#8221;112&#8243; img_size=&#8221;full&#8221; alignment=&#8221;center&#8221; qode_css_animation=&#8221;&#8221;][vc_empty_space height=&#8221;60px&#8221;][\/vc_column][\/vc_row]<\/p>\n","protected":false},"excerpt":{"rendered":"<p>[vc_row css_animation=&#8221;&#8221; row_type=&#8221;row&#8221; use_row_as_full_screen_section=&#8221;no&#8221; type=&#8221;full_width&#8221; angled_section=&#8221;no&#8221; text_align=&#8221;left&#8221; background_image_as_pattern=&#8221;without_pattern&#8221;][vc_column offset=&#8221;vc_hidden-sm vc_hidden-xs&#8221;][vc_empty_space height=&#8221;50px&#8221;][vc_row_inner row_type=&#8221;row&#8221; type=&#8221;grid&#8221; text_align=&#8221;left&#8221; css_animation=&#8221;&#8221;][vc_column_inner width=&#8221;2\/3&#8243;][vc_single_image image=&#8221;189&#8243; img_size=&#8221;full&#8221; qode_css_animation=&#8221;element_from_fade&#8221; transition_delay=&#8221;1&#8243;][vc_empty_space][vc_column_text] Luperca otea el horizonte [\/vc_column_text][vc_column_text]15 de Diciembre, 2021 | Cap\u00edtulo 5[\/vc_column_text][vc_empty_space][vc_column_text]Por Marcelo Nieto[\/vc_column_text][vc_empty_space][vc_column_text el_class=&#8221;parrafo&#8221;] A\u00fan cuando Resistencia ha crecido notoriamente en altura, sigue sorprendiendo la&#8230;<\/p>\n","protected":false},"author":1,"featured_media":0,"parent":0,"menu_order":0,"comment_status":"closed","ping_status":"closed","template":"full_width.php","meta":{"footnotes":""},"class_list":["post-188","page","type-page","status-publish","hentry"],"_links":{"self":[{"href":"http:\/\/www.fundacionurunday.org\/lae\/wp-json\/wp\/v2\/pages\/188","targetHints":{"allow":["GET"]}}],"collection":[{"href":"http:\/\/www.fundacionurunday.org\/lae\/wp-json\/wp\/v2\/pages"}],"about":[{"href":"http:\/\/www.fundacionurunday.org\/lae\/wp-json\/wp\/v2\/types\/page"}],"author":[{"embeddable":true,"href":"http:\/\/www.fundacionurunday.org\/lae\/wp-json\/wp\/v2\/users\/1"}],"replies":[{"embeddable":true,"href":"http:\/\/www.fundacionurunday.org\/lae\/wp-json\/wp\/v2\/comments?post=188"}],"version-history":[{"count":3,"href":"http:\/\/www.fundacionurunday.org\/lae\/wp-json\/wp\/v2\/pages\/188\/revisions"}],"predecessor-version":[{"id":195,"href":"http:\/\/www.fundacionurunday.org\/lae\/wp-json\/wp\/v2\/pages\/188\/revisions\/195"}],"wp:attachment":[{"href":"http:\/\/www.fundacionurunday.org\/lae\/wp-json\/wp\/v2\/media?parent=188"}],"curies":[{"name":"wp","href":"https:\/\/api.w.org\/{rel}","templated":true}]}}