{"id":196,"date":"2021-12-22T09:41:07","date_gmt":"2021-12-22T12:41:07","guid":{"rendered":"http:\/\/www.fundacionurunday.org\/lae\/?page_id=196"},"modified":"2021-12-23T10:04:07","modified_gmt":"2021-12-23T13:04:07","slug":"capitulo-6-el-arte-en-un-parque-botanico","status":"publish","type":"page","link":"http:\/\/www.fundacionurunday.org\/lae\/capitulo-6-el-arte-en-un-parque-botanico\/","title":{"rendered":"Cap\u00edtulo 6 &#8211; El arte en un parque bot\u00e1nico"},"content":{"rendered":"<p>[vc_row css_animation=&#8221;&#8221; row_type=&#8221;row&#8221; use_row_as_full_screen_section=&#8221;no&#8221; type=&#8221;full_width&#8221; angled_section=&#8221;no&#8221; text_align=&#8221;left&#8221; background_image_as_pattern=&#8221;without_pattern&#8221;][vc_column offset=&#8221;vc_hidden-sm vc_hidden-xs&#8221;][vc_empty_space height=&#8221;50px&#8221;][vc_row_inner row_type=&#8221;row&#8221; type=&#8221;grid&#8221; text_align=&#8221;left&#8221; css_animation=&#8221;&#8221;][vc_column_inner width=&#8221;2\/3&#8243;][vc_single_image image=&#8221;213&#8243; img_size=&#8221;full&#8221; qode_css_animation=&#8221;element_from_fade&#8221; transition_delay=&#8221;1&#8243;][vc_empty_space][vc_column_text]<\/p>\n<h2>El arte en un parque bot\u00e1nico<\/h2>\n<p>[\/vc_column_text][vc_column_text]<span style=\"color: #999999; font-family: Lato; font-size: 12px;\">22 de Diciembre, 2021 | Cap\u00edtulo 6<\/span>[\/vc_column_text][vc_empty_space][vc_column_text]<em><span style=\"font-size: 18px; background-color: #000000; color: #ffffff; padding-left: 10px; padding-right: 10px;\">Por Marcelo Nieto<\/span><\/em>[\/vc_column_text][vc_empty_space][vc_column_text el_class=&#8221;parrafo&#8221;]<\/p>\n<p style=\"font-size: 18px;\">Dice el kibalyon que, lo que est\u00e1 arriba, est\u00e1 abajo. Esta ley del hermetismo podemos aplicar a la plaza 25 de mayo: lo que es afuera, la ciudad andamiada de esculturas, es adentro de las 4 hect\u00e1reas de la plaza: un museo a cielo abierto.<\/p>\n<p>&nbsp;<\/p>\n<p style=\"font-size: 18px;\">Pase\u00e1ndola, caminando por ella, se cae en cuenta que repite el esquema de la ciudad de las esculturas: la plaza 25 de mayo es un museo al aire libre. Y cu\u00e1ntas obras diversas que marcan homenajes, rememoran hitos, eternizan nombres, cuentan historias, ofrecen belleza, contemplaci\u00f3n y reflexi\u00f3n. Y relatan en cada moj\u00f3n, una p\u00e1gina de la historia de una ciudad.<\/p>\n<p>[\/vc_column_text][vc_empty_space][vc_single_image image=&#8221;217&#8243; img_size=&#8221;full&#8221; qode_css_animation=&#8221;element_from_fade&#8221;][vc_empty_space][vc_single_image image=&#8221;215&#8243; img_size=&#8221;full&#8221; qode_css_animation=&#8221;element_from_fade&#8221;][vc_empty_space][vc_column_text el_class=&#8221;parrafo&#8221;]<\/p>\n<p style=\"font-size: 18px;\">Y eso es posible porque la plaza no blind\u00f3 su espacio, no se defini\u00f3 est\u00e1tica, sino que acogi\u00f3 obras y transformaciones est\u00e9ticas a la medida de los tiempos y probablemente, en la prodigalidad de su terreno lo seguir\u00e1 haciendo en tanto demande el imperio del presente y el arte.<\/p>\n<p>&nbsp;<\/p>\n<p style=\"font-size: 18px;\">La plaza 25 de Mayo cobija esculturas que son, dir\u00edase, cl\u00e1sicos de la ciudad de Resistencia: algunas exhuman la aristocracia de la antig\u00fcedad, como la Loba romana; otras rememoran acontecimientos sentidos para los chaque\u00f1os como el Homenaje a los ca\u00eddos en Malvinas; conviven bustos, cabezas y estatuas de personas cuyas vidas y ejemplos son la esperanza de la humanidad como la de Beethoven, la de Paula Albarrac\u00edn o la figura de D\u00f3novan; otras simplemente, son una muestra de la belleza \u2013en el sentido neocl\u00e1sico-, como El Cazador o la Doncella del agua; los murales se asientan con aplomo, son el otro andamiaje art\u00edstico que le da personalidad a la plaza: Fabriciano, Monsegur, Bonomi, introducen paredones art\u00edsticos que se camuflan en la profusa vegetaci\u00f3n.<\/p>\n<p>[\/vc_column_text][vc_empty_space][vc_single_image image=&#8221;219&#8243; img_size=&#8221;full&#8221; qode_css_animation=&#8221;element_from_fade&#8221;][vc_empty_space][vc_column_text el_class=&#8221;parrafo&#8221;]<\/p>\n<p style=\"font-size: 18px;\">El arte escult\u00f3rico y mural\u00edstico en el marco inigualable de la naturaleza -nuestra plaza es tambi\u00e9n un parque bot\u00e1nico-, resultan un contraste fluido y peculiar que, aunque no lo percibamos fuertemente, pues la tenemos a nuestra plaza internalizada, est\u00e1 muy visible.<\/p>\n<p>[\/vc_column_text][vc_empty_space][vc_single_image image=&#8221;216&#8243; img_size=&#8221;full&#8221; qode_css_animation=&#8221;element_from_fade&#8221;][vc_empty_space][vc_column_text el_class=&#8221;parrafo&#8221;]<\/p>\n<p>&nbsp;<\/p>\n<p style=\"font-size: 18px;\"><em>Contenidos: Virgina Quirelli<\/em><\/p>\n<p style=\"font-size: 18px;\"><em>Arte: Brian Ariel Dufek<\/em><\/p>\n<p>[\/vc_column_text][vc_empty_space height=&#8221;40px&#8221;][\/vc_column_inner][vc_column_inner width=&#8221;1\/3&#8243;][vc_widget_sidebar sidebar_id=&#8221;Menu Capitulos&#8221;][\/vc_column_inner][\/vc_row_inner][\/vc_column][\/vc_row][vc_row css_animation=&#8221;&#8221; row_type=&#8221;row&#8221; use_row_as_full_screen_section=&#8221;no&#8221; type=&#8221;full_width&#8221; angled_section=&#8221;no&#8221; text_align=&#8221;left&#8221; background_image_as_pattern=&#8221;without_pattern&#8221;][vc_column offset=&#8221;vc_hidden-lg vc_hidden-md&#8221; css=&#8221;.vc_custom_1640215377491{padding-right: 10% !important;padding-left: 10% !important;}&#8221;][vc_empty_space height=&#8221;50px&#8221;][vc_row_inner row_type=&#8221;row&#8221; type=&#8221;grid&#8221; text_align=&#8221;left&#8221; css_animation=&#8221;&#8221;][vc_column_inner width=&#8221;2\/3&#8243;][vc_single_image image=&#8221;213&#8243; img_size=&#8221;full&#8221; qode_css_animation=&#8221;element_from_fade&#8221; transition_delay=&#8221;1&#8243;][vc_empty_space][vc_column_text]<\/p>\n<h2>El arte en un parque bot\u00e1nico<\/h2>\n<p>[\/vc_column_text][vc_column_text]<span style=\"color: #999999; font-family: Lato; font-size: 12px;\">22 de Diciembre, 2021 | Cap\u00edtulo 6<\/span>[\/vc_column_text][vc_empty_space][vc_column_text]<em><span style=\"font-size: 18px; background-color: #000000; color: #ffffff; padding-left: 10px; padding-right: 10px;\">Por Marcelo Nieto<\/span><\/em>[\/vc_column_text][vc_empty_space][vc_column_text el_class=&#8221;parrafo&#8221;]<\/p>\n<p style=\"font-size: 18px;\">Dice el kibalyon que, lo que est\u00e1 arriba, est\u00e1 abajo. Esta ley del hermetismo podemos aplicar a la plaza 25 de mayo: lo que es afuera, la ciudad andamiada de esculturas, es adentro de las 4 hect\u00e1reas de la plaza: un museo a cielo abierto.<\/p>\n<p>&nbsp;<\/p>\n<p style=\"font-size: 18px;\">Pase\u00e1ndola, caminando por ella, se cae en cuenta que repite el esquema de la ciudad de las esculturas: la plaza 25 de mayo es un museo al aire libre. Y cu\u00e1ntas obras diversas que marcan homenajes, rememoran hitos, eternizan nombres, cuentan historias, ofrecen belleza, contemplaci\u00f3n y reflexi\u00f3n. Y relatan en cada moj\u00f3n, una p\u00e1gina de la historia de una ciudad.<\/p>\n<p>[\/vc_column_text][vc_empty_space][vc_single_image image=&#8221;217&#8243; img_size=&#8221;full&#8221; qode_css_animation=&#8221;element_from_fade&#8221;][vc_empty_space][vc_single_image image=&#8221;215&#8243; img_size=&#8221;full&#8221; qode_css_animation=&#8221;element_from_fade&#8221;][vc_empty_space][vc_column_text el_class=&#8221;parrafo&#8221;]<\/p>\n<p style=\"font-size: 18px;\">Y eso es posible porque la plaza no blind\u00f3 su espacio, no se defini\u00f3 est\u00e1tica, sino que acogi\u00f3 obras y transformaciones est\u00e9ticas a la medida de los tiempos y probablemente, en la prodigalidad de su terreno lo seguir\u00e1 haciendo en tanto demande el imperio del presente y el arte.<\/p>\n<p>&nbsp;<\/p>\n<p style=\"font-size: 18px;\">La plaza 25 de Mayo cobija esculturas que son, dir\u00edase, cl\u00e1sicos de la ciudad de Resistencia: algunas exhuman la aristocracia de la antig\u00fcedad, como la Loba romana; otras rememoran acontecimientos sentidos para los chaque\u00f1os como el Homenaje a los ca\u00eddos en Malvinas; conviven bustos, cabezas y estatuas de personas cuyas vidas y ejemplos son la esperanza de la humanidad como la de Beethoven, la de Paula Albarrac\u00edn o la figura de D\u00f3novan; otras simplemente, son una muestra de la belleza \u2013en el sentido neocl\u00e1sico-, como El Cazador o la Doncella del agua; los murales se asientan con aplomo, son el otro andamiaje art\u00edstico que le da personalidad a la plaza: Fabriciano, Monsegur, Bonomi, introducen paredones art\u00edsticos que se camuflan en la profusa vegetaci\u00f3n.<\/p>\n<p>[\/vc_column_text][vc_empty_space][vc_single_image image=&#8221;219&#8243; img_size=&#8221;full&#8221; qode_css_animation=&#8221;element_from_fade&#8221;][vc_empty_space][vc_column_text el_class=&#8221;parrafo&#8221;]<\/p>\n<p style=\"font-size: 18px;\">El arte escult\u00f3rico y mural\u00edstico en el marco inigualable de la naturaleza -nuestra plaza es tambi\u00e9n un parque bot\u00e1nico-, resultan un contraste fluido y peculiar que, aunque no lo percibamos fuertemente, pues la tenemos a nuestra plaza internalizada, est\u00e1 muy visible.<\/p>\n<p>[\/vc_column_text][vc_empty_space][vc_single_image image=&#8221;216&#8243; img_size=&#8221;full&#8221; qode_css_animation=&#8221;element_from_fade&#8221;][vc_empty_space][vc_column_text el_class=&#8221;parrafo&#8221;]<\/p>\n<p>&nbsp;<\/p>\n<p style=\"font-size: 18px;\"><em>Contenidos: Virgina Quirelli<\/em><\/p>\n<p style=\"font-size: 18px;\"><em>Arte: Brian Ariel Dufek<\/em><\/p>\n<p>[\/vc_column_text][vc_empty_space height=&#8221;40px&#8221;][\/vc_column_inner][vc_column_inner width=&#8221;1\/3&#8243;][vc_widget_sidebar sidebar_id=&#8221;Menu Capitulos&#8221;][\/vc_column_inner][\/vc_row_inner][\/vc_column][\/vc_row][vc_row css_animation=&#8221;&#8221; row_type=&#8221;row&#8221; use_row_as_full_screen_section=&#8221;no&#8221; type=&#8221;full_width&#8221; angled_section=&#8221;no&#8221; text_align=&#8221;left&#8221; background_image_as_pattern=&#8221;without_pattern&#8221;][vc_column][vc_empty_space height=&#8221;120px&#8221;][vc_single_image image=&#8221;112&#8243; img_size=&#8221;full&#8221; alignment=&#8221;center&#8221; qode_css_animation=&#8221;&#8221;][vc_empty_space height=&#8221;60px&#8221;][\/vc_column][\/vc_row]<\/p>\n","protected":false},"excerpt":{"rendered":"<p>[vc_row css_animation=&#8221;&#8221; row_type=&#8221;row&#8221; use_row_as_full_screen_section=&#8221;no&#8221; type=&#8221;full_width&#8221; angled_section=&#8221;no&#8221; text_align=&#8221;left&#8221; background_image_as_pattern=&#8221;without_pattern&#8221;][vc_column offset=&#8221;vc_hidden-sm vc_hidden-xs&#8221;][vc_empty_space height=&#8221;50px&#8221;][vc_row_inner row_type=&#8221;row&#8221; type=&#8221;grid&#8221; text_align=&#8221;left&#8221; css_animation=&#8221;&#8221;][vc_column_inner width=&#8221;2\/3&#8243;][vc_single_image image=&#8221;213&#8243; img_size=&#8221;full&#8221; qode_css_animation=&#8221;element_from_fade&#8221; transition_delay=&#8221;1&#8243;][vc_empty_space][vc_column_text] El arte en un parque bot\u00e1nico [\/vc_column_text][vc_column_text]22 de Diciembre, 2021 | Cap\u00edtulo 6[\/vc_column_text][vc_empty_space][vc_column_text]Por Marcelo Nieto[\/vc_column_text][vc_empty_space][vc_column_text el_class=&#8221;parrafo&#8221;] Dice el kibalyon que, lo que est\u00e1 arriba, est\u00e1&#8230;<\/p>\n","protected":false},"author":1,"featured_media":0,"parent":0,"menu_order":0,"comment_status":"closed","ping_status":"closed","template":"full_width.php","meta":{"footnotes":""},"class_list":["post-196","page","type-page","status-publish","hentry"],"_links":{"self":[{"href":"http:\/\/www.fundacionurunday.org\/lae\/wp-json\/wp\/v2\/pages\/196","targetHints":{"allow":["GET"]}}],"collection":[{"href":"http:\/\/www.fundacionurunday.org\/lae\/wp-json\/wp\/v2\/pages"}],"about":[{"href":"http:\/\/www.fundacionurunday.org\/lae\/wp-json\/wp\/v2\/types\/page"}],"author":[{"embeddable":true,"href":"http:\/\/www.fundacionurunday.org\/lae\/wp-json\/wp\/v2\/users\/1"}],"replies":[{"embeddable":true,"href":"http:\/\/www.fundacionurunday.org\/lae\/wp-json\/wp\/v2\/comments?post=196"}],"version-history":[{"count":13,"href":"http:\/\/www.fundacionurunday.org\/lae\/wp-json\/wp\/v2\/pages\/196\/revisions"}],"predecessor-version":[{"id":225,"href":"http:\/\/www.fundacionurunday.org\/lae\/wp-json\/wp\/v2\/pages\/196\/revisions\/225"}],"wp:attachment":[{"href":"http:\/\/www.fundacionurunday.org\/lae\/wp-json\/wp\/v2\/media?parent=196"}],"curies":[{"name":"wp","href":"https:\/\/api.w.org\/{rel}","templated":true}]}}