{"id":227,"date":"2021-12-29T09:03:43","date_gmt":"2021-12-29T12:03:43","guid":{"rendered":"http:\/\/www.fundacionurunday.org\/lae\/?page_id=227"},"modified":"2021-12-29T11:56:45","modified_gmt":"2021-12-29T14:56:45","slug":"capitulo-7-el-heroe-tragico-del-monte","status":"publish","type":"page","link":"http:\/\/www.fundacionurunday.org\/lae\/capitulo-7-el-heroe-tragico-del-monte\/","title":{"rendered":"Cap\u00edtulo 7 &#8211; El h\u00e9roe tr\u00e1gico del monte"},"content":{"rendered":"<p>[vc_row css_animation=&#8221;&#8221; row_type=&#8221;row&#8221; use_row_as_full_screen_section=&#8221;no&#8221; type=&#8221;full_width&#8221; angled_section=&#8221;no&#8221; text_align=&#8221;left&#8221; background_image_as_pattern=&#8221;without_pattern&#8221;][vc_column offset=&#8221;vc_hidden-sm vc_hidden-xs&#8221;][vc_empty_space height=&#8221;50px&#8221;][vc_row_inner row_type=&#8221;row&#8221; type=&#8221;grid&#8221; text_align=&#8221;left&#8221; css_animation=&#8221;&#8221;][vc_column_inner width=&#8221;2\/3&#8243;][vc_single_image image=&#8221;231&#8243; img_size=&#8221;full&#8221; qode_css_animation=&#8221;element_from_fade&#8221; transition_delay=&#8221;1&#8243;][vc_empty_space][vc_column_text]<\/p>\n<h2>El h\u00e9roe tr\u00e1gico del monte<\/h2>\n<p>[\/vc_column_text][vc_column_text]<span style=\"color: #999999; font-family: Lato; font-size: 12px;\">29 de Diciembre, 2021 | Cap\u00edtulo 7<\/span>[\/vc_column_text][vc_empty_space][vc_column_text]<em><span style=\"font-size: 18px; background-color: #000000; color: #ffffff; padding-left: 10px; padding-right: 10px;\">Por Marcelo Nieto<\/span><\/em>[\/vc_column_text][vc_empty_space][vc_column_text el_class=&#8221;parrafo&#8221;]<\/p>\n<p style=\"font-size: 18px;\">En el Chaco, figura heroica es el hachero. Y como todo h\u00e9roe, con un destino tr\u00e1gico. Depredador y v\u00edctima.<\/p>\n<p>&nbsp;<\/p>\n<p style=\"font-size: 18px;\">\u00bfQu\u00e9 es eso de aniquilar la naturaleza dejando la vida en la rutina de 8, 12 horas, viviendo como un animal en una vulnerable madriguera (ranchada)? Y todo por un pago miserable; expoliando una riqueza de madera y tanino para llevarla afuera, \u00bfpara que se lleven otros\u2026?<\/p>\n<p>&nbsp;<\/p>\n<p style=\"font-size: 18px;\">Un hombre en el esplendor de sus fuerzas, hombre simple, frugal y fuerte derribando cicl\u00f3peos \u00e1rboles de un bosque infinito.<\/p>\n<p>&nbsp;<\/p>\n<p style=\"font-size: 18px;\">El lugar ontol\u00f3gico del hachero amerita profundas reflexiones: Ese verdugo de la naturaleza, venciendo y muriendo a la vez. Un s\u00edmbolo difuso.<\/p>\n<p>&nbsp;<\/p>\n<p style=\"font-size: 18px;\">Hace dos siglos, el Chaco era una esponja boscosa, un tumulto de bosques de \u00f1andubay, algarrobo, quebracho, aromo, urunday y guayac\u00e1n. Pero cara sal\u00eda la osad\u00eda del hachero de dar por tierra con los ancestrales \u00e1rboles\u2026<\/p>\n<p>&nbsp;<\/p>\n<p style=\"font-size: 18px;\">Labor ruda, antes del amanecer, entraba a la picada que la iba haciendo. Buscaba el ejemplar id\u00f3neo, seguramente alguno de 30 metros de altura y un metro y medio de circunferencia. Deb\u00eda primero hacer una limpiada alrededor del \u00e1rbol, de la mara\u00f1a circundante hacer un claro; luego cortar ramas y albura, derribar finalmente el \u00e1rbol, y despu\u00e9s pelarlo. Los golpes del hacha eran truenos constantes. Los t\u00e1banos, mosquitos, piques, jejenes, garrapatas, polvorines se pegaban al sudor del cuerpo y las innumerables v\u00edboras siempre amenazantes instaban al alerta.<\/p>\n<p>&nbsp;<\/p>\n<p style=\"font-size: 18px;\">Varios d\u00edas de descomunal esfuerzo para derribar al coloso. Y as\u00ed, de vuelta a empezar, abriendo la picada, buscando el pr\u00f3ximo \u00e1rbol que conminaba la salud, cobrando 4 pesos la tonelada.<\/p>\n<p>&nbsp;<\/p>\n<p style=\"font-size: 18px;\">No se puede obviar aquel nuevo sonido constante, multiplicado, que como un lenguaje tenebroso se apodera del monte, el ruido met\u00e1lico, seco y agudo del hacha. Y no nos olvidemos de ese otro sonido humano que se grita a la hora en que el \u00e1rbol es ca\u00eddo; el sapucay triunfal.<\/p>\n<p>&nbsp;<\/p>\n<p style=\"font-size: 18px;\">El escultor Crisanto Dom\u00ednguez que fue hachero de obrajes, cuenta en sus memorias la infra vida de esos hombres. Cuando deja el obraje de Paraje Timb\u00f3, casi una huida, acent\u00faa: \u201cdespidi\u00e9ndonos definitivamente de aquel infierno de esclavitud y miseria\u201d.<\/p>\n<p>[\/vc_column_text][vc_empty_space][vc_single_image image=&#8221;233&#8243; img_size=&#8221;full&#8221; qode_css_animation=&#8221;element_from_fade&#8221;][vc_empty_space][vc_column_text el_class=&#8221;parrafo&#8221;]<\/p>\n<p style=\"font-size: 18px;\">Sin embargo, el espa\u00f1ol Juan Bialet Masset, visitando el Chaco para su informe sobre el estado de las clases obreras argentinas preguntaba al \u201ccorrentino n\u00f3made explotado como bestia\u201d, si antes que ese suplicio no preferir\u00eda otro trabajo. Y contestaba \u201cel monte es lo mejor para nosotros, porque es la libertad. No tener patr\u00f3n.\u201d<\/p>\n<p>&nbsp;<\/p>\n<p style=\"font-size: 18px;\">Un escultor a todas horas es artista, aunque pase las horas de sus d\u00edas derribando \u00e1rboles. Por eso el hachero Crisanto de aquellos d\u00edas de obraje recuerda: \u201cAll\u00ed quedaron mis esculturas de caabiyar\u00e1, pombero por\u00e1 y dem\u00e1s duendes de la selva, talladas a hachazos en algarrobos, quebrachos, urunday y carand\u00e1, las qu\u00e9, seg\u00fan m\u00e1s tarde me contaron divirtieron por largo tiempo a los trabajadores del monte.\u201d<\/p>\n<p>&nbsp;<\/p>\n<p style=\"font-size: 18px;\">El 1\u00ba de mayo de 1989, se inaugur\u00f3 el monumento al Hachero ubicado en la rotonda de acceso al puente General Belgrano. La figura de Sime\u00f3n Borda, un correntino que lleg\u00f3 en 1870 a la costa chaque\u00f1a, se yergue s\u00edmbolo del hombre guaran\u00ed en estas tierras.<\/p>\n<p>[\/vc_column_text][vc_empty_space][vc_single_image image=&#8221;234&#8243; img_size=&#8221;full&#8221; qode_css_animation=&#8221;element_from_fade&#8221;][vc_empty_space][vc_column_text el_class=&#8221;parrafo&#8221;]<\/p>\n<p style=\"font-size: 18px;\">Puntero homenaje al hachero, a fines de la d\u00e9cada del 30, fue el del artista Julio C\u00e9sar Vergottini, cuando realiz\u00f3 los relieves del M\u00e1stil central de la Ciudad de Resistencia.<\/p>\n<p>&nbsp;<\/p>\n<p style=\"font-size: 18px;\">Una de las placas aleg\u00f3ricas con relieves art\u00edsticos tiene como tema la conquista del bosque. \u201cA los conquistadores del bosque impenetrable, modestos y abnegados correntinos, que con el ruido de sus hachas llaman la atenci\u00f3n a la riqueza y bienestar futuros\u201d, dijo al p\u00fablico el mayor Jorge F\u00e9lix G\u00f3mez, al descubrir las placas.<\/p>\n<p>[\/vc_column_text][vc_empty_space][vc_column_text el_class=&#8221;parrafo&#8221;]<\/p>\n<p>&nbsp;<\/p>\n<p style=\"font-size: 18px;\"><em>Contenidos: Virgina Quirelli<\/em><\/p>\n<p style=\"font-size: 18px;\"><em>Arte: Brian Ariel Dufek<\/em><\/p>\n<p>[\/vc_column_text][vc_empty_space height=&#8221;40px&#8221;][\/vc_column_inner][vc_column_inner width=&#8221;1\/3&#8243;][vc_widget_sidebar sidebar_id=&#8221;Menu Capitulos&#8221;][\/vc_column_inner][\/vc_row_inner][\/vc_column][\/vc_row][vc_row css_animation=&#8221;&#8221; row_type=&#8221;row&#8221; use_row_as_full_screen_section=&#8221;no&#8221; type=&#8221;full_width&#8221; angled_section=&#8221;no&#8221; text_align=&#8221;left&#8221; background_image_as_pattern=&#8221;without_pattern&#8221;][vc_column offset=&#8221;vc_hidden-lg vc_hidden-md&#8221; css=&#8221;.vc_custom_1640215377491{padding-right: 10% !important;padding-left: 10% !important;}&#8221;][vc_empty_space height=&#8221;50px&#8221;][vc_row_inner row_type=&#8221;row&#8221; type=&#8221;grid&#8221; text_align=&#8221;left&#8221; css_animation=&#8221;&#8221;][vc_column_inner width=&#8221;2\/3&#8243;][vc_single_image image=&#8221;231&#8243; img_size=&#8221;full&#8221; qode_css_animation=&#8221;element_from_fade&#8221; transition_delay=&#8221;1&#8243;][vc_empty_space][vc_column_text]<\/p>\n<h2>El h\u00e9roe tr\u00e1gico del monte<\/h2>\n<p>[\/vc_column_text][vc_column_text]<span style=\"color: #999999; font-family: Lato; font-size: 12px;\">29 de Diciembre, 2021 | Cap\u00edtulo 7<\/span>[\/vc_column_text][vc_empty_space][vc_column_text]<em><span style=\"font-size: 18px; background-color: #000000; color: #ffffff; padding-left: 10px; padding-right: 10px;\">Por Marcelo Nieto<\/span><\/em>[\/vc_column_text][vc_empty_space][vc_column_text el_class=&#8221;parrafo&#8221;]<\/p>\n<p style=\"font-size: 18px;\">En el Chaco, figura heroica es el hachero. Y como todo h\u00e9roe, con un destino tr\u00e1gico. Depredador y v\u00edctima.<\/p>\n<p>&nbsp;<\/p>\n<p style=\"font-size: 18px;\">\u00bfQu\u00e9 es eso de aniquilar la naturaleza dejando la vida en la rutina de 8, 12 horas, viviendo como un animal en una vulnerable madriguera (ranchada)? Y todo por un pago miserable; expoliando una riqueza de madera y tanino para llevarla afuera, \u00bfpara que se lleven otros\u2026?<\/p>\n<p>&nbsp;<\/p>\n<p style=\"font-size: 18px;\">Un hombre en el esplendor de sus fuerzas, hombre simple, frugal y fuerte derribando cicl\u00f3peos \u00e1rboles de un bosque infinito.<\/p>\n<p>&nbsp;<\/p>\n<p style=\"font-size: 18px;\">El lugar ontol\u00f3gico del hachero amerita profundas reflexiones: Ese verdugo de la naturaleza, venciendo y muriendo a la vez. Un s\u00edmbolo difuso.<\/p>\n<p>&nbsp;<\/p>\n<p style=\"font-size: 18px;\">Hace dos siglos, el Chaco era una esponja boscosa, un tumulto de bosques de \u00f1andubay, algarrobo, quebracho, aromo, urunday y guayac\u00e1n. Pero cara sal\u00eda la osad\u00eda del hachero de dar por tierra con los ancestrales \u00e1rboles\u2026<\/p>\n<p>&nbsp;<\/p>\n<p style=\"font-size: 18px;\">Labor ruda, antes del amanecer, entraba a la picada que la iba haciendo. Buscaba el ejemplar id\u00f3neo, seguramente alguno de 30 metros de altura y un metro y medio de circunferencia. Deb\u00eda primero hacer una limpiada alrededor del \u00e1rbol, de la mara\u00f1a circundante hacer un claro; luego cortar ramas y albura, derribar finalmente el \u00e1rbol, y despu\u00e9s pelarlo. Los golpes del hacha eran truenos constantes. Los t\u00e1banos, mosquitos, piques, jejenes, garrapatas, polvorines se pegaban al sudor del cuerpo y las innumerables v\u00edboras siempre amenazantes instaban al alerta.<\/p>\n<p>&nbsp;<\/p>\n<p style=\"font-size: 18px;\">Varios d\u00edas de descomunal esfuerzo para derribar al coloso. Y as\u00ed, de vuelta a empezar, abriendo la picada, buscando el pr\u00f3ximo \u00e1rbol que conminaba la salud, cobrando 4 pesos la tonelada.<\/p>\n<p>&nbsp;<\/p>\n<p style=\"font-size: 18px;\">No se puede obviar aquel nuevo sonido constante, multiplicado, que como un lenguaje tenebroso se apodera del monte, el ruido met\u00e1lico, seco y agudo del hacha. Y no nos olvidemos de ese otro sonido humano que se grita a la hora en que el \u00e1rbol es ca\u00eddo; el sapucay triunfal.<\/p>\n<p>&nbsp;<\/p>\n<p style=\"font-size: 18px;\">El escultor Crisanto Dom\u00ednguez que fue hachero de obrajes, cuenta en sus memorias la infra vida de esos hombres. Cuando deja el obraje de Paraje Timb\u00f3, casi una huida, acent\u00faa: \u201cdespidi\u00e9ndonos definitivamente de aquel infierno de esclavitud y miseria\u201d.<\/p>\n<p>[\/vc_column_text][vc_empty_space][vc_single_image image=&#8221;233&#8243; img_size=&#8221;full&#8221; qode_css_animation=&#8221;element_from_fade&#8221;][vc_empty_space][vc_column_text el_class=&#8221;parrafo&#8221;]<\/p>\n<p style=\"font-size: 18px;\">Sin embargo, el espa\u00f1ol Juan Bialet Masset, visitando el Chaco para su informe sobre el estado de las clases obreras argentinas preguntaba al \u201ccorrentino n\u00f3made explotado como bestia\u201d, si antes que ese suplicio no preferir\u00eda otro trabajo. Y contestaba \u201cel monte es lo mejor para nosotros, porque es la libertad. No tener patr\u00f3n.\u201d<\/p>\n<p>&nbsp;<\/p>\n<p style=\"font-size: 18px;\">Un escultor a todas horas es artista, aunque pase las horas de sus d\u00edas derribando \u00e1rboles. Por eso el hachero Crisanto de aquellos d\u00edas de obraje recuerda: \u201cAll\u00ed quedaron mis esculturas de caabiyar\u00e1, pombero por\u00e1 y dem\u00e1s duendes de la selva, talladas a hachazos en algarrobos, quebrachos, urunday y carand\u00e1, las qu\u00e9, seg\u00fan m\u00e1s tarde me contaron divirtieron por largo tiempo a los trabajadores del monte.\u201d<\/p>\n<p>&nbsp;<\/p>\n<p style=\"font-size: 18px;\">El 1\u00ba de mayo de 1989, se inaugur\u00f3 el monumento al Hachero ubicado en la rotonda de acceso al puente General Belgrano. La figura de Sime\u00f3n Borda, un correntino que lleg\u00f3 en 1870 a la costa chaque\u00f1a, se yergue s\u00edmbolo del hombre guaran\u00ed en estas tierras.<\/p>\n<p>[\/vc_column_text][vc_empty_space][vc_single_image image=&#8221;234&#8243; img_size=&#8221;full&#8221; qode_css_animation=&#8221;element_from_fade&#8221;][vc_empty_space][vc_column_text el_class=&#8221;parrafo&#8221;]<\/p>\n<p style=\"font-size: 18px;\">Puntero homenaje al hachero, a fines de la d\u00e9cada del 30, fue el del artista Julio C\u00e9sar Vergottini, cuando realiz\u00f3 los relieves del M\u00e1stil central de la Ciudad de Resistencia.<\/p>\n<p>&nbsp;<\/p>\n<p style=\"font-size: 18px;\">Una de las placas aleg\u00f3ricas con relieves art\u00edsticos tiene como tema la conquista del bosque. \u201cA los conquistadores del bosque impenetrable, modestos y abnegados correntinos, que con el ruido de sus hachas llaman la atenci\u00f3n a la riqueza y bienestar futuros\u201d, dijo al p\u00fablico el mayor Jorge F\u00e9lix G\u00f3mez, al descubrir las placas.<\/p>\n<p>[\/vc_column_text][vc_empty_space][vc_column_text el_class=&#8221;parrafo&#8221;]<\/p>\n<p>&nbsp;<\/p>\n<p style=\"font-size: 18px;\"><em>Contenidos: Virgina Quirelli<\/em><\/p>\n<p style=\"font-size: 18px;\"><em>Arte: Brian Ariel Dufek<\/em><\/p>\n<p>[\/vc_column_text][vc_empty_space height=&#8221;40px&#8221;][\/vc_column_inner][vc_column_inner width=&#8221;1\/3&#8243;][vc_widget_sidebar sidebar_id=&#8221;Menu Capitulos&#8221;][\/vc_column_inner][\/vc_row_inner][\/vc_column][\/vc_row][vc_row css_animation=&#8221;&#8221; row_type=&#8221;row&#8221; use_row_as_full_screen_section=&#8221;no&#8221; type=&#8221;full_width&#8221; angled_section=&#8221;no&#8221; text_align=&#8221;left&#8221; background_image_as_pattern=&#8221;without_pattern&#8221;][vc_column][vc_empty_space height=&#8221;120px&#8221;][vc_single_image image=&#8221;112&#8243; img_size=&#8221;full&#8221; alignment=&#8221;center&#8221; qode_css_animation=&#8221;&#8221;][vc_empty_space height=&#8221;60px&#8221;][\/vc_column][\/vc_row]<\/p>\n","protected":false},"excerpt":{"rendered":"<p>[vc_row css_animation=&#8221;&#8221; row_type=&#8221;row&#8221; use_row_as_full_screen_section=&#8221;no&#8221; type=&#8221;full_width&#8221; angled_section=&#8221;no&#8221; text_align=&#8221;left&#8221; background_image_as_pattern=&#8221;without_pattern&#8221;][vc_column offset=&#8221;vc_hidden-sm vc_hidden-xs&#8221;][vc_empty_space height=&#8221;50px&#8221;][vc_row_inner row_type=&#8221;row&#8221; type=&#8221;grid&#8221; text_align=&#8221;left&#8221; css_animation=&#8221;&#8221;][vc_column_inner width=&#8221;2\/3&#8243;][vc_single_image image=&#8221;231&#8243; img_size=&#8221;full&#8221; qode_css_animation=&#8221;element_from_fade&#8221; transition_delay=&#8221;1&#8243;][vc_empty_space][vc_column_text] El h\u00e9roe tr\u00e1gico del monte [\/vc_column_text][vc_column_text]29 de Diciembre, 2021 | Cap\u00edtulo 7[\/vc_column_text][vc_empty_space][vc_column_text]Por Marcelo Nieto[\/vc_column_text][vc_empty_space][vc_column_text el_class=&#8221;parrafo&#8221;] En el Chaco, figura heroica es el hachero. Y como&#8230;<\/p>\n","protected":false},"author":1,"featured_media":0,"parent":0,"menu_order":0,"comment_status":"closed","ping_status":"closed","template":"full_width.php","meta":{"footnotes":""},"class_list":["post-227","page","type-page","status-publish","hentry"],"_links":{"self":[{"href":"http:\/\/www.fundacionurunday.org\/lae\/wp-json\/wp\/v2\/pages\/227","targetHints":{"allow":["GET"]}}],"collection":[{"href":"http:\/\/www.fundacionurunday.org\/lae\/wp-json\/wp\/v2\/pages"}],"about":[{"href":"http:\/\/www.fundacionurunday.org\/lae\/wp-json\/wp\/v2\/types\/page"}],"author":[{"embeddable":true,"href":"http:\/\/www.fundacionurunday.org\/lae\/wp-json\/wp\/v2\/users\/1"}],"replies":[{"embeddable":true,"href":"http:\/\/www.fundacionurunday.org\/lae\/wp-json\/wp\/v2\/comments?post=227"}],"version-history":[{"count":10,"href":"http:\/\/www.fundacionurunday.org\/lae\/wp-json\/wp\/v2\/pages\/227\/revisions"}],"predecessor-version":[{"id":242,"href":"http:\/\/www.fundacionurunday.org\/lae\/wp-json\/wp\/v2\/pages\/227\/revisions\/242"}],"wp:attachment":[{"href":"http:\/\/www.fundacionurunday.org\/lae\/wp-json\/wp\/v2\/media?parent=227"}],"curies":[{"name":"wp","href":"https:\/\/api.w.org\/{rel}","templated":true}]}}