{"id":243,"date":"2022-01-04T17:22:26","date_gmt":"2022-01-04T20:22:26","guid":{"rendered":"http:\/\/www.fundacionurunday.org\/lae\/?page_id=243"},"modified":"2022-01-05T13:22:27","modified_gmt":"2022-01-05T16:22:27","slug":"capitulo-8-el-indigena-en-la-inspiracion-del-arte","status":"publish","type":"page","link":"http:\/\/www.fundacionurunday.org\/lae\/capitulo-8-el-indigena-en-la-inspiracion-del-arte\/","title":{"rendered":"Cap\u00edtulo 8 &#8211; El ind\u00edgena en la inspiraci\u00f3n del arte."},"content":{"rendered":"<p>[vc_row css_animation=&#8221;&#8221; row_type=&#8221;row&#8221; use_row_as_full_screen_section=&#8221;no&#8221; type=&#8221;full_width&#8221; angled_section=&#8221;no&#8221; text_align=&#8221;left&#8221; background_image_as_pattern=&#8221;without_pattern&#8221;][vc_column offset=&#8221;vc_hidden-sm vc_hidden-xs&#8221;][vc_empty_space height=&#8221;50px&#8221;][vc_row_inner row_type=&#8221;row&#8221; type=&#8221;grid&#8221; text_align=&#8221;left&#8221; css_animation=&#8221;&#8221;][vc_column_inner width=&#8221;2\/3&#8243;][vc_single_image image=&#8221;244&#8243; img_size=&#8221;full&#8221; qode_css_animation=&#8221;element_from_fade&#8221; transition_delay=&#8221;1&#8243;][vc_empty_space][vc_column_text]<\/p>\n<h2>El ind\u00edgena en la inspiraci\u00f3n del arte.<\/h2>\n<p>[\/vc_column_text][vc_column_text]<span style=\"color: #999999; font-family: Lato; font-size: 12px;\">5 de Enero, 2022 | Cap\u00edtulo 8<\/span>[\/vc_column_text][vc_empty_space][vc_column_text]<em><span style=\"font-size: 18px; background-color: #000000; color: #ffffff; padding-left: 10px; padding-right: 10px;\">Por Marcelo Nieto<\/span><\/em>[\/vc_column_text][vc_empty_space][vc_column_text el_class=&#8221;parrafo&#8221;]<\/p>\n<p style=\"font-size: 18px;\">Tras la campa\u00f1a del desierto verde, claudica la libertad ind\u00edgena. La guerra contra el indio no s\u00f3lo signific\u00f3 su derrota, tambi\u00e9n su negaci\u00f3n. El arte, que tiene el don de echar luz donde hay oscuridad, puso al aut\u00f3ctono en escena \u2013con esplendor o compasi\u00f3n-, redimiendo la fatalidad de la historia.<\/p>\n<p>&nbsp;<\/p>\n<p style=\"font-size: 18px;\">Los Matacos, chunup\u00edes, sinip\u00edes, tonocot\u00e9, lules, malbalaes, corroas, atalal\u00e1s, pasaynes, tobas, mocob\u00eds, mataguayos, orejones, chiriguanos, pelichocos, cocolotes, sotenah\u00e1s eran algunos de los pueblos comarcanos que vagaban por las extensas llanuras del Gran Chaco, Chacogualambo, La otra Banda, Las Comarcas V\u00edrgenes, El Sepulcro de los Misioneros, el Desierto verde, El Impenetrable\u2026 apodos de una enigm\u00e1tica tierra tard\u00edamente conquistada por el blanco. Por m\u00e1s de 200 a\u00f1os para penetrar al Chaco hubo que pedir permiso o negociar con el guaycur\u00fa.<\/p>\n<p>&nbsp;<\/p>\n<p style=\"font-size: 18px;\">La colonia Resistencia fue el primer asentamiento blanco perdurable que marc\u00f3 el inicio progresivo del poblamiento territorial.<\/p>\n<p>&nbsp;<\/p>\n<p style=\"font-size: 18px;\">Por entonces, en las postrimer\u00edas del siglo XIX, la convivencia del blanco y el nativo era pr\u00f3xima, incluso necesaria. La mano de obra en obrajes y sembrad\u00edos, en chacras e incluso en las primeras f\u00e1bricas; los trueques permanentes\u2026 La presencia ind\u00edgena era parte de la cotidianeidad.<\/p>\n<p>&nbsp;<\/p>\n<p style=\"font-size: 18px;\">Que el indio se impon\u00eda como leg\u00edtimo due\u00f1o de la tierra, era una verdad obvia y evidente, aunque no fuera un planteo pol\u00edticamente correcto, aunque se desconocieran sus derechos, se sepultara su cultura. El conquistador fue impiadoso.<\/p>\n<p>&nbsp;<\/p>\n<p style=\"font-size: 18px;\">Pasar\u00e1n algunas d\u00e9cadas hasta que el arte toma por inspiraci\u00f3n la historia emergiendo con nuevo sentido la figura del ind\u00edgena.<\/p>\n<p>&nbsp;<\/p>\n<p style=\"font-size: 18px;\">Es a finales de la d\u00e9cada del \u201930 cuando se inaugura el m\u00e1stil central sobre la Avenida 9 de Julio, mirando a la Plaza principal. En el pedestal, a cada uno de los lados, cuatro placas aleg\u00f3ricas contando el derrotero del Chaco, obra del escultor Julio C\u00e9sar Vergottini.<\/p>\n<p>[\/vc_column_text][vc_empty_space][vc_single_image image=&#8221;245&#8243; img_size=&#8221;full&#8221; qode_css_animation=&#8221;element_from_fade&#8221;][vc_column_text]<\/p>\n<p style=\"font-size: 14px;\"><em>Raza madre\u201d de Julio C\u00e9sar Vergottini. Relieve en bronce ubicado sobre el m\u00e1stil central (Av. 9 de Julio).<\/em><\/p>\n<p>[\/vc_column_text][vc_empty_space][vc_column_text el_class=&#8221;parrafo&#8221;]<\/p>\n<p style=\"font-size: 18px;\">Es de destacar la fundici\u00f3n de los relieves, proeza que estuvo a cargo del vecino resistenciano Aldo Agazzani y el bronce, que fue recolectado a trav\u00e9s de una campa\u00f1a intensa.<\/p>\n<p>&nbsp;<\/p>\n<p style=\"font-size: 18px;\">Un 9 de julio de 1937 fue inaugurada la ambiciosa obra. Los bajorrelieves dan fe de La raza madre, La conquista del bosque, La ocupaci\u00f3n de la tierra, La cosecha de algod\u00f3n.<\/p>\n<p>&nbsp;<\/p>\n<p style=\"font-size: 18px;\">La placa que hace referencia a La raza madre representa al cacique atl\u00e9tico, altivo y orgulloso, con arco y cuchillo; al lado, su compa\u00f1era con un ni\u00f1o en sus brazos. M\u00e1s atr\u00e1s asoman los guerreros de la tribu, en armas: Hay tantos hombres como lanzas.<\/p>\n<p>&nbsp;<\/p>\n<p style=\"font-size: 18px;\">Vergotini lleg\u00f3 al Chaco casi por casualidad, camino de regreso de un viaje-aventura. Dos a\u00f1os permaneci\u00f3 en esta tierra dejando los soberbios bajorrelieves, de los cuales uno expone al cacique con su familia, atestiguando una lejana \u2013o no tan lejana- Edad de Oro.<\/p>\n<p>&nbsp;<\/p>\n<p style=\"font-size: 18px;\">Hay un escultor chaque\u00f1o orgulloso de la raza nativa y que incluso se presentaba en los salones de Buenos Aires como hijo de ind\u00edgena, hijo de la selva. \u00c9l fue art\u00edfice de la primera escultura que puso en alto protagonismo al indio.<\/p>\n<p>&nbsp;<\/p>\n<p style=\"font-size: 18px;\">Crisanto Dom\u00ednguez realiz\u00f3 la monumental obra por encargo del Concejo Municipal de Resistencia y fue emplazada en 1938 en la avenida 9 de julio, a metros de la avenida Italia. Censurada por sus importantes atributos genitales, fue trasladada y abandonada en el lote 42 y finalmente enterrada. La sociedad, guard\u00f3 silencio.<\/p>\n<p>&nbsp;<\/p>\n<p style=\"font-size: 18px;\">Juan de Dios Mena, no estuvo ajeno a la imagen del indio. Entre sus tipos de tapes, tuvo lugar privilegiado la figura del indio. Una mirada tierna, humor\u00edstica \u2013tal su estilo- pero no puede evitar tallar un indio resignado, de mirada triste, de cuerpos adoloridos y cansados. All\u00ed est\u00e1n sus Cristos ind\u00edgenas.<\/p>\n<p>&nbsp;<\/p>\n<p style=\"font-size: 18px;\">Otro escultor conmovido profundamente con el indio chaque\u00f1o es Carlos Schenone. Naci\u00f3 en Reconquista y joven lleg\u00f3 al Chaco del que hizo su hogar. Fue capataz de obraje de La Forestal entre otros diversos trabajos. En esos tr\u00e1nsitos conoci\u00f3 al escultor ruso Stephan Erzia que se hab\u00eda llegado hasta Cote Lai en busca de las nobles maderas chaque\u00f1as para sus obras. Ese encuentro devenido amistad, marc\u00f3 para siempre el destino art\u00edstico de Schenone.<\/p>\n<p>[\/vc_column_text][vc_empty_space][vc_single_image image=&#8221;246&#8243; img_size=&#8221;full&#8221; qode_css_animation=&#8221;element_from_fade&#8221;][vc_column_text]<\/p>\n<p style=\"font-size: 14px;\"><em>\u00c1rbol simb\u00f3lico\u201d de Carlos Schenone. Cabeza de Indio tallada en Quebracho Colorado.<\/em><\/p>\n<p>[\/vc_column_text][vc_empty_space][vc_column_text el_class=&#8221;parrafo&#8221;]<\/p>\n<p style=\"font-size: 18px;\">Con toda la variedad de la madera chaque\u00f1a tall\u00f3 figuras y cabezas de indios. &#8220;Cabeza de indio&#8221;, &#8220;Cacique&#8221;, &#8220;El toba&#8221;, &#8220;El melero&#8221;, \u201cLa llama\u201d, \u201cChaque\u00f1ita\u201d, \u201cMonumento al quebracho\u201d, dan ejemplo de su concentrada inspiraci\u00f3n.<\/p>\n<p>&nbsp;<\/p>\n<p style=\"font-size: 18px;\">Crisanto, Juan de Dios Mena, Schenone&#8230; Tres artistas que jalonan con gallard\u00eda el pasado de la escult\u00f3rica chaque\u00f1a y observando el mandato de rendir honores al hijo de la tierra.<\/p>\n<p>[\/vc_column_text][vc_empty_space][vc_column_text el_class=&#8221;parrafo&#8221;]<\/p>\n<p>&nbsp;<\/p>\n<p style=\"font-size: 18px;\"><em>Contenidos: Virgina Quirelli<\/em><\/p>\n<p style=\"font-size: 18px;\"><em>Arte: Brian Ariel Dufek<\/em><\/p>\n<p>[\/vc_column_text][vc_empty_space height=&#8221;40px&#8221;][\/vc_column_inner][vc_column_inner width=&#8221;1\/3&#8243;][vc_widget_sidebar sidebar_id=&#8221;Menu Capitulos&#8221;][\/vc_column_inner][\/vc_row_inner][\/vc_column][\/vc_row][vc_row css_animation=&#8221;&#8221; row_type=&#8221;row&#8221; use_row_as_full_screen_section=&#8221;no&#8221; type=&#8221;full_width&#8221; angled_section=&#8221;no&#8221; text_align=&#8221;left&#8221; background_image_as_pattern=&#8221;without_pattern&#8221;][vc_column offset=&#8221;vc_hidden-lg vc_hidden-md&#8221; css=&#8221;.vc_custom_1641328331317{padding-right: 10% !important;padding-left: 10% !important;}&#8221;][vc_empty_space height=&#8221;50px&#8221;][vc_row_inner row_type=&#8221;row&#8221; type=&#8221;grid&#8221; text_align=&#8221;left&#8221; css_animation=&#8221;&#8221;][vc_column_inner width=&#8221;2\/3&#8243;][vc_single_image image=&#8221;244&#8243; img_size=&#8221;full&#8221; qode_css_animation=&#8221;element_from_fade&#8221; transition_delay=&#8221;1&#8243;][vc_empty_space][vc_column_text]<\/p>\n<h2>El ind\u00edgena en la inspiraci\u00f3n del arte.<\/h2>\n<p>[\/vc_column_text][vc_column_text]<span style=\"color: #999999; font-family: Lato; font-size: 12px;\">5 de Enero, 2022 | Cap\u00edtulo 8<\/span>[\/vc_column_text][vc_empty_space][vc_column_text]<em><span style=\"font-size: 18px; background-color: #000000; color: #ffffff; padding-left: 10px; padding-right: 10px;\">Por Marcelo Nieto<\/span><\/em>[\/vc_column_text][vc_empty_space][vc_column_text el_class=&#8221;parrafo&#8221;]<\/p>\n<p style=\"font-size: 18px;\">Tras la campa\u00f1a del desierto verde, claudica la libertad ind\u00edgena. La guerra contra el indio no s\u00f3lo signific\u00f3 su derrota, tambi\u00e9n su negaci\u00f3n. El arte, que tiene el don de echar luz donde hay oscuridad, puso al aut\u00f3ctono en escena \u2013con esplendor o compasi\u00f3n-, redimiendo la fatalidad de la historia.<\/p>\n<p>&nbsp;<\/p>\n<p style=\"font-size: 18px;\">Los Matacos, chunup\u00edes, sinip\u00edes, tonocot\u00e9, lules, malbalaes, corroas, atalal\u00e1s, pasaynes, tobas, mocob\u00eds, mataguayos, orejones, chiriguanos, pelichocos, cocolotes, sotenah\u00e1s eran algunos de los pueblos comarcanos que vagaban por las extensas llanuras del Gran Chaco, Chacogualambo, La otra Banda, Las Comarcas V\u00edrgenes, El Sepulcro de los Misioneros, el Desierto verde, El Impenetrable\u2026 apodos de una enigm\u00e1tica tierra tard\u00edamente conquistada por el blanco. Por m\u00e1s de 200 a\u00f1os para penetrar al Chaco hubo que pedir permiso o negociar con el guaycur\u00fa.<\/p>\n<p>&nbsp;<\/p>\n<p style=\"font-size: 18px;\">La colonia Resistencia fue el primer asentamiento blanco perdurable que marc\u00f3 el inicio progresivo del poblamiento territorial.<\/p>\n<p>&nbsp;<\/p>\n<p style=\"font-size: 18px;\">Por entonces, en las postrimer\u00edas del siglo XIX, la convivencia del blanco y el nativo era pr\u00f3xima, incluso necesaria. La mano de obra en obrajes y sembrad\u00edos, en chacras e incluso en las primeras f\u00e1bricas; los trueques permanentes\u2026 La presencia ind\u00edgena era parte de la cotidianeidad.<\/p>\n<p>&nbsp;<\/p>\n<p style=\"font-size: 18px;\">Que el indio se impon\u00eda como leg\u00edtimo due\u00f1o de la tierra, era una verdad obvia y evidente, aunque no fuera un planteo pol\u00edticamente correcto, aunque se desconocieran sus derechos, se sepultara su cultura. El conquistador fue impiadoso.<\/p>\n<p>&nbsp;<\/p>\n<p style=\"font-size: 18px;\">Pasar\u00e1n algunas d\u00e9cadas hasta que el arte toma por inspiraci\u00f3n la historia emergiendo con nuevo sentido la figura del ind\u00edgena.<\/p>\n<p>&nbsp;<\/p>\n<p style=\"font-size: 18px;\">Es a finales de la d\u00e9cada del \u201930 cuando se inaugura el m\u00e1stil central sobre la Avenida 9 de Julio, mirando a la Plaza principal. En el pedestal, a cada uno de los lados, cuatro placas aleg\u00f3ricas contando el derrotero del Chaco, obra del escultor Julio C\u00e9sar Vergottini.<\/p>\n<p>[\/vc_column_text][vc_empty_space][vc_single_image image=&#8221;245&#8243; img_size=&#8221;full&#8221; qode_css_animation=&#8221;element_from_fade&#8221;][vc_column_text]<\/p>\n<p style=\"font-size: 14px;\"><em>Raza madre\u201d de Julio C\u00e9sar Vergottini. Relieve en bronce ubicado sobre el m\u00e1stil central (Av. 9 de Julio).<\/em><\/p>\n<p>[\/vc_column_text][vc_empty_space][vc_column_text el_class=&#8221;parrafo&#8221;]<\/p>\n<p style=\"font-size: 18px;\">Es de destacar la fundici\u00f3n de los relieves, proeza que estuvo a cargo del vecino resistenciano Aldo Agazzani y el bronce, que fue recolectado a trav\u00e9s de una campa\u00f1a intensa.<\/p>\n<p>&nbsp;<\/p>\n<p style=\"font-size: 18px;\">Un 9 de julio de 1937 fue inaugurada la ambiciosa obra. Los bajorrelieves dan fe de La raza madre, La conquista del bosque, La ocupaci\u00f3n de la tierra, La cosecha de algod\u00f3n.<\/p>\n<p>&nbsp;<\/p>\n<p style=\"font-size: 18px;\">La placa que hace referencia a La raza madre representa al cacique atl\u00e9tico, altivo y orgulloso, con arco y cuchillo; al lado, su compa\u00f1era con un ni\u00f1o en sus brazos. M\u00e1s atr\u00e1s asoman los guerreros de la tribu, en armas: Hay tantos hombres como lanzas.<\/p>\n<p>&nbsp;<\/p>\n<p style=\"font-size: 18px;\">Vergotini lleg\u00f3 al Chaco casi por casualidad, camino de regreso de un viaje-aventura. Dos a\u00f1os permaneci\u00f3 en esta tierra dejando los soberbios bajorrelieves, de los cuales uno expone al cacique con su familia, atestiguando una lejana \u2013o no tan lejana- Edad de Oro.<\/p>\n<p>&nbsp;<\/p>\n<p style=\"font-size: 18px;\">Hay un escultor chaque\u00f1o orgulloso de la raza nativa y que incluso se presentaba en los salones de Buenos Aires como hijo de ind\u00edgena, hijo de la selva. \u00c9l fue art\u00edfice de la primera escultura que puso en alto protagonismo al indio.<\/p>\n<p>&nbsp;<\/p>\n<p style=\"font-size: 18px;\">Crisanto Dom\u00ednguez realiz\u00f3 la monumental obra por encargo del Concejo Municipal de Resistencia y fue emplazada en 1938 en la avenida 9 de julio, a metros de la avenida Italia. Censurada por sus importantes atributos genitales, fue trasladada y abandonada en el lote 42 y finalmente enterrada. La sociedad, guard\u00f3 silencio.<\/p>\n<p>&nbsp;<\/p>\n<p style=\"font-size: 18px;\">Juan de Dios Mena, no estuvo ajeno a la imagen del indio. Entre sus tipos de tapes, tuvo lugar privilegiado la figura del indio. Una mirada tierna, humor\u00edstica \u2013tal su estilo- pero no puede evitar tallar un indio resignado, de mirada triste, de cuerpos adoloridos y cansados. All\u00ed est\u00e1n sus Cristos ind\u00edgenas.<\/p>\n<p>&nbsp;<\/p>\n<p style=\"font-size: 18px;\">Otro escultor conmovido profundamente con el indio chaque\u00f1o es Carlos Schenone. Naci\u00f3 en Reconquista y joven lleg\u00f3 al Chaco del que hizo su hogar. Fue capataz de obraje de La Forestal entre otros diversos trabajos. En esos tr\u00e1nsitos conoci\u00f3 al escultor ruso Stephan Erzia que se hab\u00eda llegado hasta Cote Lai en busca de las nobles maderas chaque\u00f1as para sus obras. Ese encuentro devenido amistad, marc\u00f3 para siempre el destino art\u00edstico de Schenone.<\/p>\n<p>[\/vc_column_text][vc_empty_space][vc_single_image image=&#8221;246&#8243; img_size=&#8221;full&#8221; qode_css_animation=&#8221;element_from_fade&#8221;][vc_column_text]<\/p>\n<p style=\"font-size: 14px;\"><em>\u00c1rbol simb\u00f3lico\u201d de Carlos Schenone. Cabeza de Indio tallada en Quebracho Colorado.<\/em><\/p>\n<p>[\/vc_column_text][vc_empty_space][vc_column_text el_class=&#8221;parrafo&#8221;]<\/p>\n<p style=\"font-size: 18px;\">Con toda la variedad de la madera chaque\u00f1a tall\u00f3 figuras y cabezas de indios. &#8220;Cabeza de indio&#8221;, &#8220;Cacique&#8221;, &#8220;El toba&#8221;, &#8220;El melero&#8221;, \u201cLa llama\u201d, \u201cChaque\u00f1ita\u201d, \u201cMonumento al quebracho\u201d, dan ejemplo de su concentrada inspiraci\u00f3n.<\/p>\n<p>&nbsp;<\/p>\n<p style=\"font-size: 18px;\">Crisanto, Juan de Dios Mena, Schenone&#8230; Tres artistas que jalonan con gallard\u00eda el pasado de la escult\u00f3rica chaque\u00f1a y observando el mandato de rendir honores al hijo de la tierra.<\/p>\n<p>[\/vc_column_text][vc_empty_space][vc_column_text el_class=&#8221;parrafo&#8221;]<\/p>\n<p>&nbsp;<\/p>\n<p style=\"font-size: 18px;\"><em>Contenidos: Virgina Quirelli<\/em><\/p>\n<p style=\"font-size: 18px;\"><em>Arte: Brian Ariel Dufek<\/em><\/p>\n<p>[\/vc_column_text][vc_empty_space height=&#8221;40px&#8221;][\/vc_column_inner][vc_column_inner width=&#8221;1\/3&#8243;][vc_widget_sidebar sidebar_id=&#8221;Menu Capitulos&#8221;][\/vc_column_inner][\/vc_row_inner][\/vc_column][\/vc_row][vc_row css_animation=&#8221;&#8221; row_type=&#8221;row&#8221; use_row_as_full_screen_section=&#8221;no&#8221; type=&#8221;full_width&#8221; angled_section=&#8221;no&#8221; text_align=&#8221;left&#8221; background_image_as_pattern=&#8221;without_pattern&#8221;][vc_column][vc_empty_space height=&#8221;120px&#8221;][vc_single_image image=&#8221;112&#8243; img_size=&#8221;full&#8221; alignment=&#8221;center&#8221; qode_css_animation=&#8221;&#8221;][vc_empty_space height=&#8221;60px&#8221;][\/vc_column][\/vc_row]<\/p>\n","protected":false},"excerpt":{"rendered":"<p>[vc_row css_animation=&#8221;&#8221; row_type=&#8221;row&#8221; use_row_as_full_screen_section=&#8221;no&#8221; type=&#8221;full_width&#8221; angled_section=&#8221;no&#8221; text_align=&#8221;left&#8221; background_image_as_pattern=&#8221;without_pattern&#8221;][vc_column offset=&#8221;vc_hidden-sm vc_hidden-xs&#8221;][vc_empty_space height=&#8221;50px&#8221;][vc_row_inner row_type=&#8221;row&#8221; type=&#8221;grid&#8221; text_align=&#8221;left&#8221; css_animation=&#8221;&#8221;][vc_column_inner width=&#8221;2\/3&#8243;][vc_single_image image=&#8221;244&#8243; img_size=&#8221;full&#8221; qode_css_animation=&#8221;element_from_fade&#8221; transition_delay=&#8221;1&#8243;][vc_empty_space][vc_column_text] El ind\u00edgena en la inspiraci\u00f3n del arte. [\/vc_column_text][vc_column_text]5 de Enero, 2022 | Cap\u00edtulo 8[\/vc_column_text][vc_empty_space][vc_column_text]Por Marcelo Nieto[\/vc_column_text][vc_empty_space][vc_column_text el_class=&#8221;parrafo&#8221;] Tras la campa\u00f1a del desierto verde, claudica la&#8230;<\/p>\n","protected":false},"author":1,"featured_media":0,"parent":0,"menu_order":0,"comment_status":"closed","ping_status":"closed","template":"full_width.php","meta":{"footnotes":""},"class_list":["post-243","page","type-page","status-publish","hentry"],"_links":{"self":[{"href":"http:\/\/www.fundacionurunday.org\/lae\/wp-json\/wp\/v2\/pages\/243","targetHints":{"allow":["GET"]}}],"collection":[{"href":"http:\/\/www.fundacionurunday.org\/lae\/wp-json\/wp\/v2\/pages"}],"about":[{"href":"http:\/\/www.fundacionurunday.org\/lae\/wp-json\/wp\/v2\/types\/page"}],"author":[{"embeddable":true,"href":"http:\/\/www.fundacionurunday.org\/lae\/wp-json\/wp\/v2\/users\/1"}],"replies":[{"embeddable":true,"href":"http:\/\/www.fundacionurunday.org\/lae\/wp-json\/wp\/v2\/comments?post=243"}],"version-history":[{"count":6,"href":"http:\/\/www.fundacionurunday.org\/lae\/wp-json\/wp\/v2\/pages\/243\/revisions"}],"predecessor-version":[{"id":254,"href":"http:\/\/www.fundacionurunday.org\/lae\/wp-json\/wp\/v2\/pages\/243\/revisions\/254"}],"wp:attachment":[{"href":"http:\/\/www.fundacionurunday.org\/lae\/wp-json\/wp\/v2\/media?parent=243"}],"curies":[{"name":"wp","href":"https:\/\/api.w.org\/{rel}","templated":true}]}}