{"id":256,"date":"2022-01-12T13:06:22","date_gmt":"2022-01-12T16:06:22","guid":{"rendered":"http:\/\/www.fundacionurunday.org\/lae\/?page_id=256"},"modified":"2022-01-13T12:12:07","modified_gmt":"2022-01-13T15:12:07","slug":"capitulo-9-el-indio-de-crisanto-y-la-primera-censura-al-arte","status":"publish","type":"page","link":"http:\/\/www.fundacionurunday.org\/lae\/capitulo-9-el-indio-de-crisanto-y-la-primera-censura-al-arte\/","title":{"rendered":"Cap\u00edtulo 9 &#8211; El indio de Crisanto y la primera censura al arte"},"content":{"rendered":"<p>[vc_row css_animation=&#8221;&#8221; row_type=&#8221;row&#8221; use_row_as_full_screen_section=&#8221;no&#8221; type=&#8221;full_width&#8221; angled_section=&#8221;no&#8221; text_align=&#8221;left&#8221; background_image_as_pattern=&#8221;without_pattern&#8221;][vc_column offset=&#8221;vc_hidden-sm vc_hidden-xs&#8221;][vc_empty_space height=&#8221;50px&#8221;][vc_row_inner row_type=&#8221;row&#8221; type=&#8221;grid&#8221; text_align=&#8221;left&#8221; css_animation=&#8221;&#8221;][vc_column_inner width=&#8221;2\/3&#8243;][vc_single_image image=&#8221;259&#8243; img_size=&#8221;full&#8221; qode_css_animation=&#8221;element_from_fade&#8221; transition_delay=&#8221;1&#8243;][vc_empty_space][vc_column_text]<\/p>\n<h2>El indio de Crisanto y la primera censura al arte.<\/h2>\n<p>[\/vc_column_text][vc_column_text]<span style=\"color: #999999; font-family: Lato; font-size: 12px;\">12 de Enero, 2022 | Cap\u00edtulo 9<\/span>[\/vc_column_text][vc_empty_space][vc_column_text]<em><span style=\"font-size: 18px; background-color: #000000; color: #ffffff; padding-left: 10px; padding-right: 10px;\">Por Marcelo Nieto<\/span><\/em>[\/vc_column_text][vc_empty_space][vc_column_text el_class=&#8221;parrafo&#8221;]<\/p>\n<p style=\"font-size: 18px;\">Pruritos de otra \u00e9poca, ideales y referentes otros, por esta Resistencia de polvaredales.<\/p>\n<p>&nbsp;<\/p>\n<p style=\"font-size: 18px;\">La estatua del indio de Crisanto Dom\u00ednguez encargada por el presidente del Concejo Municipal, doctor Marcelino Castel\u00e1n a finales de los a\u00f1os &#8217;30 &#8220;para rendir homenaje a los verdaderos due\u00f1os de la tierra&#8221;, estaba ubicada en la actual avenida 9 de Julio, metros antes de llegar a la avenida Italia.<\/p>\n<p>&nbsp;<\/p>\n<p style=\"font-size: 18px;\">Alzada sobre un pedestal de ladrillo de 2 metros de altura, El Indio (que sumaba otros tres metros) se levantaba robusto, con su lanza en mano, mirada torva, g\u00e9nero humano terror del blanco; ten\u00eda, adem\u00e1s, unos genitales de gran tama\u00f1o que no cubr\u00edan ning\u00fan taparrabos. Proporciones que pudieron ser espejo del modelo o fuga del inconsciente del artista; lo cierto es que caus\u00f3 resquemor en una sociedad que no podr\u00edamos calificarla de timorata si nos enmarcamos en una \u00e9poca donde liberalidades y quiebre de tab\u00faes s\u00f3lo se deslizaban en las vanguardias de las grandes urbes.<\/p>\n<p>[\/vc_column_text][vc_empty_space][vc_single_image image=&#8221;261&#8243; img_size=&#8221;full&#8221; alignment=&#8221;center&#8221; qode_css_animation=&#8221;element_from_fade&#8221;][vc_column_text]<\/p>\n<p style=\"font-size: 14px; text-align: center;\"><em><span style=\"font-size: 14px;\">Estatua &#8220;El indio &#8221; del escultor chaque\u00f1o Crisanto Dom\u00ednguez (1938).<\/span><\/em><\/p>\n<p>[\/vc_column_text][vc_empty_space][vc_column_text el_class=&#8221;parrafo&#8221;]<\/p>\n<p style=\"font-size: 18px;\">Las menudencias del Indio de Crisanto no pod\u00edan pasar desapercibidas sin causar rubor y molestia.<\/p>\n<p>&nbsp;<\/p>\n<p style=\"font-size: 18px;\">Primero fue el corte de los genitales, una amputaci\u00f3n que marcaba a las claras el imperio de la censura.<\/p>\n<p>&nbsp;<\/p>\n<p style=\"font-size: 18px;\">Fue el paso previo -que no pudo frenar el desagravio de marcha con antorchas organizado por la Pe\u00f1a de los Bagres, esa min\u00fascula sociedad de avanzada que cristalizar\u00eda luego como Ateneo del Chaco- para erradicar la escultura de su alto pedestal, llev\u00e1ndose al Indio derrotado -como lo fue en la realidad- &#8220;cerca del monolito recordatorio de la llegada de los inmigrantes italianos&#8221; seg\u00fan testimonia en 1938 el diario El Territorio.<\/p>\n<p>[\/vc_column_text][vc_empty_space][vc_single_image image=&#8221;264&#8243; img_size=&#8221;full&#8221; alignment=&#8221;center&#8221; qode_css_animation=&#8221;element_from_fade&#8221;][vc_column_text]<\/p>\n<p style=\"font-size: 14px; text-align: center;\"><em>Mancha con antorchas organizado por la Pe\u00f1a de los Bagres.<\/em><\/p>\n<p>[\/vc_column_text][vc_empty_space][vc_column_text el_class=&#8221;parrafo&#8221;]<\/p>\n<p style=\"font-size: 18px;\">El lugar lindaba con una tolder\u00eda toba, donde la estatua del indio lucir\u00eda entre sus pares.<\/p>\n<p>&nbsp;<\/p>\n<p style=\"font-size: 18px;\">All\u00ed qued\u00f3 y despu\u00e9s los datos se pierden en la memoria del tiempo. Parece ser que el destino queriendo hacer una jugarreta al futuro enterr\u00f3 al indio en uno de los grandes pozos utilizados para basural. Y despu\u00e9s, s\u00f3lo datos dispersos como el que apunta el decano periodista V\u00edctor Garc\u00eda del Val, de aquel correntino de apellido D\u00e1valos que limpiaba a guada\u00f1a el parque y sabedor de cierta zona que, curiosamente, nunca crec\u00eda el pasto &#8220;porque all\u00ed estaba enterrado el Indio&#8221;.<\/p>\n<p>&nbsp;<\/p>\n<p style=\"font-size: 18px;\">Grandes cambios se produjeron en la zona: construcciones, pavimentos, terraplenes de defensa; las se\u00f1ales para poder ubicar el lugar del enterramiento una a una fueron desapareciendo.<\/p>\n<p>&nbsp;<\/p>\n<p style=\"font-size: 18px;\">Pero s\u00e9pase, aventureros, arque\u00f3logos y amigos de las palas: en alg\u00fan lugar del parque, en eterna oscuridad, yace el colosal indio de Crisanto.<\/p>\n<p>[\/vc_column_text][vc_empty_space][vc_column_text el_class=&#8221;parrafo&#8221;]<\/p>\n<p>&nbsp;<\/p>\n<p style=\"font-size: 18px;\"><em>Contenidos: Virgina Quirelli<\/em><\/p>\n<p style=\"font-size: 18px;\"><em>Arte: Brian Ariel Dufek<\/em><\/p>\n<p>[\/vc_column_text][vc_empty_space height=&#8221;40px&#8221;][\/vc_column_inner][vc_column_inner width=&#8221;1\/3&#8243;][vc_widget_sidebar sidebar_id=&#8221;Menu Capitulos&#8221;][\/vc_column_inner][\/vc_row_inner][\/vc_column][\/vc_row][vc_row css_animation=&#8221;&#8221; row_type=&#8221;row&#8221; use_row_as_full_screen_section=&#8221;no&#8221; type=&#8221;full_width&#8221; angled_section=&#8221;no&#8221; text_align=&#8221;left&#8221; background_image_as_pattern=&#8221;without_pattern&#8221;][vc_column offset=&#8221;vc_hidden-lg vc_hidden-md&#8221; css=&#8221;.vc_custom_1642017715379{padding-right: 10% !important;padding-left: 10% !important;}&#8221;][vc_empty_space height=&#8221;50px&#8221;][vc_row_inner row_type=&#8221;row&#8221; type=&#8221;grid&#8221; text_align=&#8221;left&#8221; css_animation=&#8221;&#8221;][vc_column_inner width=&#8221;2\/3&#8243;][vc_single_image image=&#8221;259&#8243; img_size=&#8221;full&#8221; qode_css_animation=&#8221;element_from_fade&#8221; transition_delay=&#8221;1&#8243;][vc_empty_space][vc_column_text]<\/p>\n<h2>El indio de Crisanto y la primera censura al arte.<\/h2>\n<p>[\/vc_column_text][vc_column_text]<span style=\"color: #999999; font-family: Lato; font-size: 12px;\">12 de Enero, 2022 | Cap\u00edtulo 9<\/span>[\/vc_column_text][vc_empty_space][vc_column_text]<em><span style=\"font-size: 18px; background-color: #000000; color: #ffffff; padding-left: 10px; padding-right: 10px;\">Por Marcelo Nieto<\/span><\/em>[\/vc_column_text][vc_empty_space][vc_column_text el_class=&#8221;parrafo&#8221;]<\/p>\n<p style=\"font-size: 18px;\">Pruritos de otra \u00e9poca, ideales y referentes otros, por esta Resistencia de polvaredales.<\/p>\n<p>&nbsp;<\/p>\n<p style=\"font-size: 18px;\">La estatua del indio de Crisanto Dom\u00ednguez encargada por el presidente del Concejo Municipal, doctor Marcelino Castel\u00e1n a finales de los a\u00f1os &#8217;30 &#8220;para rendir homenaje a los verdaderos due\u00f1os de la tierra&#8221;, estaba ubicada en la actual avenida 9 de Julio, metros antes de llegar a la avenida Italia.<\/p>\n<p>&nbsp;<\/p>\n<p style=\"font-size: 18px;\">Alzada sobre un pedestal de ladrillo de 2 metros de altura, El Indio (que sumaba otros tres metros) se levantaba robusto, con su lanza en mano, mirada torva, g\u00e9nero humano terror del blanco; ten\u00eda, adem\u00e1s, unos genitales de gran tama\u00f1o que no cubr\u00edan ning\u00fan taparrabos. Proporciones que pudieron ser espejo del modelo o fuga del inconsciente del artista; lo cierto es que caus\u00f3 resquemor en una sociedad que no podr\u00edamos calificarla de timorata si nos enmarcamos en una \u00e9poca donde liberalidades y quiebre de tab\u00faes s\u00f3lo se deslizaban en las vanguardias de las grandes urbes.<\/p>\n<p>[\/vc_column_text][vc_empty_space][vc_single_image image=&#8221;261&#8243; img_size=&#8221;full&#8221; alignment=&#8221;center&#8221; qode_css_animation=&#8221;element_from_fade&#8221;][vc_column_text]<\/p>\n<p style=\"font-size: 14px; text-align: center;\"><em><span style=\"font-size: 14px;\">Estatua &#8220;El indio &#8221; del escultor chaque\u00f1o Crisanto Dom\u00ednguez (1938).<\/span><\/em><\/p>\n<p>[\/vc_column_text][vc_empty_space][vc_column_text el_class=&#8221;parrafo&#8221;]<\/p>\n<p style=\"font-size: 18px;\">Las menudencias del Indio de Crisanto no pod\u00edan pasar desapercibidas sin causar rubor y molestia.<\/p>\n<p>&nbsp;<\/p>\n<p style=\"font-size: 18px;\">Primero fue el corte de los genitales, una amputaci\u00f3n que marcaba a las claras el imperio de la censura.<\/p>\n<p>&nbsp;<\/p>\n<p style=\"font-size: 18px;\">Fue el paso previo -que no pudo frenar el desagravio de marcha con antorchas organizado por la Pe\u00f1a de los Bagres, esa min\u00fascula sociedad de avanzada que cristalizar\u00eda luego como Ateneo del Chaco- para erradicar la escultura de su alto pedestal, llev\u00e1ndose al Indio derrotado -como lo fue en la realidad- &#8220;cerca del monolito recordatorio de la llegada de los inmigrantes italianos&#8221; seg\u00fan testimonia en 1938 el diario El Territorio.<\/p>\n<p>[\/vc_column_text][vc_empty_space][vc_single_image image=&#8221;264&#8243; img_size=&#8221;full&#8221; alignment=&#8221;center&#8221; qode_css_animation=&#8221;element_from_fade&#8221;][vc_column_text]<\/p>\n<p style=\"font-size: 14px; text-align: center;\"><em>Mancha con antorchas organizado por la Pe\u00f1a de los Bagres.<\/em><\/p>\n<p>[\/vc_column_text][vc_empty_space][vc_column_text el_class=&#8221;parrafo&#8221;]<\/p>\n<p style=\"font-size: 18px;\">El lugar lindaba con una tolder\u00eda toba, donde la estatua del indio lucir\u00eda entre sus pares.<\/p>\n<p>&nbsp;<\/p>\n<p style=\"font-size: 18px;\">All\u00ed qued\u00f3 y despu\u00e9s los datos se pierden en la memoria del tiempo. Parece ser que el destino queriendo hacer una jugarreta al futuro enterr\u00f3 al indio en uno de los grandes pozos utilizados para basural. Y despu\u00e9s, s\u00f3lo datos dispersos como el que apunta el decano periodista V\u00edctor Garc\u00eda del Val, de aquel correntino de apellido D\u00e1valos que limpiaba a guada\u00f1a el parque y sabedor de cierta zona que, curiosamente, nunca crec\u00eda el pasto &#8220;porque all\u00ed estaba enterrado el Indio&#8221;.<\/p>\n<p>&nbsp;<\/p>\n<p style=\"font-size: 18px;\">Grandes cambios se produjeron en la zona: construcciones, pavimentos, terraplenes de defensa; las se\u00f1ales para poder ubicar el lugar del enterramiento una a una fueron desapareciendo.<\/p>\n<p>&nbsp;<\/p>\n<p style=\"font-size: 18px;\">Pero s\u00e9pase, aventureros, arque\u00f3logos y amigos de las palas: en alg\u00fan lugar del parque, en eterna oscuridad, yace el colosal indio de Crisanto.<\/p>\n<p>[\/vc_column_text][vc_empty_space][vc_column_text el_class=&#8221;parrafo&#8221;]<\/p>\n<p>&nbsp;<\/p>\n<p style=\"font-size: 18px;\"><em>Contenidos: Virgina Quirelli<\/em><\/p>\n<p style=\"font-size: 18px;\"><em>Arte: Brian Ariel Dufek<\/em><\/p>\n<p>[\/vc_column_text][vc_empty_space height=&#8221;40px&#8221;][\/vc_column_inner][vc_column_inner width=&#8221;1\/3&#8243;][vc_widget_sidebar sidebar_id=&#8221;Menu Capitulos&#8221;][\/vc_column_inner][\/vc_row_inner][\/vc_column][\/vc_row][vc_row css_animation=&#8221;&#8221; row_type=&#8221;row&#8221; use_row_as_full_screen_section=&#8221;no&#8221; type=&#8221;full_width&#8221; angled_section=&#8221;no&#8221; text_align=&#8221;left&#8221; background_image_as_pattern=&#8221;without_pattern&#8221;][vc_column][vc_empty_space height=&#8221;120px&#8221;][vc_single_image image=&#8221;112&#8243; img_size=&#8221;full&#8221; alignment=&#8221;center&#8221; qode_css_animation=&#8221;&#8221;][vc_empty_space height=&#8221;60px&#8221;][\/vc_column][\/vc_row]<\/p>\n","protected":false},"excerpt":{"rendered":"<p>[vc_row css_animation=&#8221;&#8221; row_type=&#8221;row&#8221; use_row_as_full_screen_section=&#8221;no&#8221; type=&#8221;full_width&#8221; angled_section=&#8221;no&#8221; text_align=&#8221;left&#8221; background_image_as_pattern=&#8221;without_pattern&#8221;][vc_column offset=&#8221;vc_hidden-sm vc_hidden-xs&#8221;][vc_empty_space height=&#8221;50px&#8221;][vc_row_inner row_type=&#8221;row&#8221; type=&#8221;grid&#8221; text_align=&#8221;left&#8221; css_animation=&#8221;&#8221;][vc_column_inner width=&#8221;2\/3&#8243;][vc_single_image image=&#8221;259&#8243; img_size=&#8221;full&#8221; qode_css_animation=&#8221;element_from_fade&#8221; transition_delay=&#8221;1&#8243;][vc_empty_space][vc_column_text] El indio de Crisanto y la primera censura al arte. [\/vc_column_text][vc_column_text]12 de Enero, 2022 | Cap\u00edtulo 9[\/vc_column_text][vc_empty_space][vc_column_text]Por Marcelo Nieto[\/vc_column_text][vc_empty_space][vc_column_text el_class=&#8221;parrafo&#8221;] Pruritos de otra \u00e9poca, ideales&#8230;<\/p>\n","protected":false},"author":1,"featured_media":0,"parent":0,"menu_order":0,"comment_status":"closed","ping_status":"closed","template":"full_width.php","meta":{"footnotes":""},"class_list":["post-256","page","type-page","status-publish","hentry"],"_links":{"self":[{"href":"http:\/\/www.fundacionurunday.org\/lae\/wp-json\/wp\/v2\/pages\/256","targetHints":{"allow":["GET"]}}],"collection":[{"href":"http:\/\/www.fundacionurunday.org\/lae\/wp-json\/wp\/v2\/pages"}],"about":[{"href":"http:\/\/www.fundacionurunday.org\/lae\/wp-json\/wp\/v2\/types\/page"}],"author":[{"embeddable":true,"href":"http:\/\/www.fundacionurunday.org\/lae\/wp-json\/wp\/v2\/users\/1"}],"replies":[{"embeddable":true,"href":"http:\/\/www.fundacionurunday.org\/lae\/wp-json\/wp\/v2\/comments?post=256"}],"version-history":[{"count":11,"href":"http:\/\/www.fundacionurunday.org\/lae\/wp-json\/wp\/v2\/pages\/256\/revisions"}],"predecessor-version":[{"id":273,"href":"http:\/\/www.fundacionurunday.org\/lae\/wp-json\/wp\/v2\/pages\/256\/revisions\/273"}],"wp:attachment":[{"href":"http:\/\/www.fundacionurunday.org\/lae\/wp-json\/wp\/v2\/media?parent=256"}],"curies":[{"name":"wp","href":"https:\/\/api.w.org\/{rel}","templated":true}]}}