{"id":354,"date":"2022-03-03T12:52:45","date_gmt":"2022-03-03T15:52:45","guid":{"rendered":"http:\/\/www.fundacionurunday.org\/lae\/?page_id=354"},"modified":"2022-03-03T16:20:27","modified_gmt":"2022-03-03T19:20:27","slug":"capitulo-14-schenone-convirtio-la-madera-en-indio","status":"publish","type":"page","link":"http:\/\/www.fundacionurunday.org\/lae\/capitulo-14-schenone-convirtio-la-madera-en-indio\/","title":{"rendered":"Cap\u00edtulo 14 &#8211; Schenone convirti\u00f3 la madera en indio"},"content":{"rendered":"<p>[vc_row css_animation=&#8221;&#8221; row_type=&#8221;row&#8221; use_row_as_full_screen_section=&#8221;no&#8221; type=&#8221;full_width&#8221; angled_section=&#8221;no&#8221; text_align=&#8221;left&#8221; background_image_as_pattern=&#8221;without_pattern&#8221;][vc_column offset=&#8221;vc_hidden-sm vc_hidden-xs&#8221;][vc_empty_space height=&#8221;50px&#8221;][vc_row_inner row_type=&#8221;row&#8221; type=&#8221;grid&#8221; text_align=&#8221;left&#8221; css_animation=&#8221;&#8221;][vc_column_inner width=&#8221;2\/3&#8243;][vc_single_image image=&#8221;355&#8243; img_size=&#8221;full&#8221; qode_css_animation=&#8221;element_from_fade&#8221; transition_delay=&#8221;1&#8243;][vc_empty_space][vc_column_text]<\/p>\n<h2>Schenone convirti\u00f3 la madera en indio.<\/h2>\n<p>[\/vc_column_text][vc_column_text]<span style=\"color: #999999; font-family: Lato; font-size: 12px;\">02 de Marzo, 2022 | Cap\u00edtulo 14<\/span>[\/vc_column_text][vc_empty_space][vc_column_text]<em><span style=\"font-size: 18px; background-color: #000000; color: #ffffff; padding-left: 10px; padding-right: 10px;\">Por Marcelo Nieto<\/span><\/em>[\/vc_column_text][vc_empty_space][vc_column_text el_class=&#8221;parrafo&#8221;]<\/p>\n<p style=\"font-size: 18px;\">Como les pas\u00f3 a muchos que migraron al Chaco, Carlos Schenone se impregn\u00f3 de esta tierra. Pero m\u00e1s que volverse chaque\u00f1ero (\u201cque entra\u00f1a el sentir aut\u00e9ntico del chaco\u201d), m\u00e1s que escribir su p\u00e1gina en la historia escult\u00f3rica, reside su grandeza en haber significado la identidad chaque\u00f1a poniendo al indio en el centro de su obra.<\/p>\n<p>&nbsp;<\/p>\n<p style=\"font-size: 18px;\">Cuando esculpi\u00f3 al originario, le concedi\u00f3 la plenitud. Escultor de car\u00e1cter. Los rasgos tajantes y duros. El indio torvo, el indio indomable, el indio indescifrable aparecen en su escultura.<\/p>\n<p>&nbsp;<\/p>\n<p style=\"font-size: 18px;\">Artista consustanciado de conciencia hist\u00f3rica, talla teniendo por inspiraci\u00f3n al indio. Lo pone en valor en tiempos de indiferencia y exclusi\u00f3n, lo esculpe como arquetipo, como ideal de belleza, como esencia de esta tierra.<\/p>\n<p>&nbsp;<\/p>\n<p style=\"font-size: 18px;\">Un d\u00eda de noviembre de 1907 naci\u00f3 Carlos Humberto en Reconquista. Mozo de 23 a\u00f1os parti\u00f3 del terru\u00f1o a la aventura. Primero a Paraguay, despu\u00e9s a Cote Lai, donde fue capataz en obrajes de La Forestal. En ese tr\u00e1nsito conoci\u00f3 al escultor Stephan Erzia. Y como aquel encuentro con el artista ruso marc\u00f3 su destino art\u00edstico, es conveniente una mirada a Erzia.<\/p>\n<p>&nbsp;<\/p>\n<p style=\"font-size: 18px;\">El ruso ya envuelto en la fama y con Europa a sus pies, lleg\u00f3 a la Argentina en 1928 invitado por el presidente Marcelo T. de Alvear. En Buenos Aires fue asiduo concurrente a las cantinas de las Boca, se lo hall\u00f3 organizando actividades junto al Grupo de Boedo, en amistad fraterna con Benito Quinquela Martin.<\/p>\n<p>&nbsp;<\/p>\n<p style=\"font-size: 18px;\">En lo que hace a sus b\u00fasquedas, Erzia buscaba el material ideal para su obra y no pod\u00eda hallarla. \u201cEs bella como un metal, es fuerte y dulce como el hierro\u201d dijo, cuando conoci\u00f3 la madera chaque\u00f1a.<\/p>\n<p>&nbsp;<\/p>\n<p style=\"font-size: 18px;\">Atra\u00eddo por la fama de sus maderas, en 1936 program\u00f3 un viaje al Chaco con una carta para Schenone -entonces capataz de la Forestal- en la que un gerente de la empresa maderera le solicitaba que facilite al escultor las piezas de quebracho que requerir\u00eda.<\/p>\n<p>&nbsp;<\/p>\n<p style=\"font-size: 18px;\">En esas caminatas por el monte, en esos safaris madereros caminaban los dos; \u201ccon mi padre hac\u00edan cortar no s\u00f3lo los nudos de algarrobo sino tambi\u00e9n troncos de quebracho, urunday y otros, que luego eran despachados a Buenos Aires, en los antiguos vagones de carga del ferrocarril\u201d, cuenta el hijo Rodolfo Schenone.<\/p>\n<p>&nbsp;<\/p>\n<p style=\"font-size: 18px;\">La amistad fue creciente. Erzia lo estimulaba a la creaci\u00f3n, ponderaba su talento en el cincel (lo mismo hac\u00eda Juan de Dios Mena).<\/p>\n<p>&nbsp;<\/p>\n<p style=\"font-size: 18px;\">El llamado &#8220;Rod\u00edn ruso\u201d por sus contempor\u00e1neos, contagi\u00f3 la escultura a nuestro hombre. Es un gran legado.<\/p>\n<p>&nbsp;<\/p>\n<p style=\"font-size: 18px;\">La primera muestra de arte de Carlos Schenone, animada por los hermanos Boglietti, se expuso al aire libre, en la p\u00e9rgola de la plaza 25 de mayo, con tanto \u00e9xito que fue registrado por el noticiero Sucesos Argentinos.<\/p>\n<p>&nbsp;<\/p>\n<p style=\"font-size: 18px;\">Una beca de la Comisi\u00f3n Nacional de Cultura le llev\u00f3 a la Escuela de Bellas Artes \u201cErnesto de la C\u00e1rcova\u201d donde intim\u00f3 con Carlos de la C\u00e1rcova, Soto Avenda\u00f1o y Fioravanti.<\/p>\n<p>&nbsp;<\/p>\n<p style=\"font-size: 18px;\">Afincado en Resistencia, las exposiciones se sucedieron y las distinciones hicieron eco de su valor. Fue designado director organizador del Taller de Arte Regional de la Facultad de Humanidades de la UNNE que se destac\u00f3 por su nivel de excelencia. Valga se\u00f1alar el primer plantel docente: Clement Moreau como profesor de dibujo, Jacinto Castillo como profesor de pintura y Grete Stern en documentaci\u00f3n fotogr\u00e1fica de la vida de los ind\u00edgenas y registro de las actividades internas como el taller de alfarer\u00eda con artesanos qom y del que participaba Ra\u00fal Oscar Cerrutti.<\/p>\n<p>&nbsp;<\/p>\n<p style=\"font-size: 18px;\">Schenone utiliz\u00f3 quebracho colorado y blanco, algarrobo, timb\u00f3, curup\u00ed y guayac\u00e1n.<\/p>\n<p>[\/vc_column_text][vc_empty_space][vc_single_image image=&#8221;356&#8243; img_size=&#8221;full&#8221; alignment=&#8221;center&#8221; qode_css_animation=&#8221;element_from_fade&#8221;][vc_column_text]<\/p>\n<p style=\"font-size: 14px; text-align: center;\"><em><span style=\"font-size: 14px;\">Carlos H. Schenone &#8220;El Toba&#8221; (algarrobo).<br \/>\nEscultura s\u00edmbolo emplazada en la facultad en 1958.<\/span><\/em><\/p>\n<p>[\/vc_column_text][vc_empty_space][vc_column_text el_class=&#8221;parrafo&#8221;]<\/p>\n<p style=\"font-size: 18px;\">\u201cEl toba\u201d, &#8220;Cabeza de indio&#8221;, &#8220;Cacique&#8221;, son soberbias muestras que remiten a la idea de que Schenone convirti\u00f3 la madera en indio.<\/p>\n<p>&nbsp;<\/p>\n<p style=\"font-size: 18px;\">Cuando el arte tuvo que relevar su tiempo, privilegi\u00f3 la figura del indio. Dej\u00f3 en cierto que es el pr\u00edncipe de la tierra.<\/p>\n<p>&nbsp;<\/p>\n<p style=\"font-size: 18px;\">No fue tard\u00eda la hora en que el ind\u00edgena fue modelo del arte. Y Carlos Schenone fue el instrumento incontrastable. En plenitud creativa y juventud, con 55 a\u00f1os muri\u00f3 en Resistencia.<\/p>\n<p>[\/vc_column_text][vc_empty_space][vc_column_text el_class=&#8221;parrafo&#8221;]<\/p>\n<p>&nbsp;<\/p>\n<p style=\"font-size: 18px;\"><em>Contenidos: Virgina Quirelli<\/em><\/p>\n<p style=\"font-size: 18px;\"><em>Arte: Brian Ariel Dufek<\/em><\/p>\n<p>[\/vc_column_text][vc_empty_space height=&#8221;40px&#8221;][\/vc_column_inner][vc_column_inner width=&#8221;1\/3&#8243;][vc_widget_sidebar sidebar_id=&#8221;Menu Capitulos&#8221;][\/vc_column_inner][\/vc_row_inner][\/vc_column][\/vc_row][vc_row css_animation=&#8221;&#8221; row_type=&#8221;row&#8221; use_row_as_full_screen_section=&#8221;no&#8221; type=&#8221;full_width&#8221; angled_section=&#8221;no&#8221; text_align=&#8221;left&#8221; background_image_as_pattern=&#8221;without_pattern&#8221;][vc_column offset=&#8221;vc_hidden-lg vc_hidden-md&#8221; css=&#8221;.vc_custom_1646323224620{padding-right: 10% !important;padding-left: 10% !important;}&#8221;][vc_empty_space height=&#8221;50px&#8221;][vc_row_inner row_type=&#8221;row&#8221; type=&#8221;grid&#8221; text_align=&#8221;left&#8221; css_animation=&#8221;&#8221;][vc_column_inner width=&#8221;2\/3&#8243;][vc_single_image image=&#8221;355&#8243; img_size=&#8221;full&#8221; qode_css_animation=&#8221;element_from_fade&#8221; transition_delay=&#8221;1&#8243;][vc_empty_space][vc_column_text]<\/p>\n<h2>Schenone convirti\u00f3 la madera en indio.<\/h2>\n<p>[\/vc_column_text][vc_column_text]<span style=\"color: #999999; font-family: Lato; font-size: 12px;\">02 de Marzo, 2022 | Cap\u00edtulo 14<\/span>[\/vc_column_text][vc_empty_space][vc_column_text]<em><span style=\"font-size: 18px; background-color: #000000; color: #ffffff; padding-left: 10px; padding-right: 10px;\">Por Marcelo Nieto<\/span><\/em>[\/vc_column_text][vc_empty_space][vc_column_text el_class=&#8221;parrafo&#8221;]<\/p>\n<p style=\"font-size: 18px;\">Como les pas\u00f3 a muchos que migraron al Chaco, Carlos Schenone se impregn\u00f3 de esta tierra. Pero m\u00e1s que volverse chaque\u00f1ero (\u201cque entra\u00f1a el sentir aut\u00e9ntico del chaco\u201d), m\u00e1s que escribir su p\u00e1gina en la historia escult\u00f3rica, reside su grandeza en haber significado la identidad chaque\u00f1a poniendo al indio en el centro de su obra.<\/p>\n<p>&nbsp;<\/p>\n<p style=\"font-size: 18px;\">Cuando esculpi\u00f3 al originario, le concedi\u00f3 la plenitud. Escultor de car\u00e1cter. Los rasgos tajantes y duros. El indio torvo, el indio indomable, el indio indescifrable aparecen en su escultura.<\/p>\n<p>&nbsp;<\/p>\n<p style=\"font-size: 18px;\">Artista consustanciado de conciencia hist\u00f3rica, talla teniendo por inspiraci\u00f3n al indio. Lo pone en valor en tiempos de indiferencia y exclusi\u00f3n, lo esculpe como arquetipo, como ideal de belleza, como esencia de esta tierra.<\/p>\n<p>&nbsp;<\/p>\n<p style=\"font-size: 18px;\">Un d\u00eda de noviembre de 1907 naci\u00f3 Carlos Humberto en Reconquista. Mozo de 23 a\u00f1os parti\u00f3 del terru\u00f1o a la aventura. Primero a Paraguay, despu\u00e9s a Cote Lai, donde fue capataz en obrajes de La Forestal. En ese tr\u00e1nsito conoci\u00f3 al escultor Stephan Erzia. Y como aquel encuentro con el artista ruso marc\u00f3 su destino art\u00edstico, es conveniente una mirada a Erzia.<\/p>\n<p>&nbsp;<\/p>\n<p style=\"font-size: 18px;\">El ruso ya envuelto en la fama y con Europa a sus pies, lleg\u00f3 a la Argentina en 1928 invitado por el presidente Marcelo T. de Alvear. En Buenos Aires fue asiduo concurrente a las cantinas de las Boca, se lo hall\u00f3 organizando actividades junto al Grupo de Boedo, en amistad fraterna con Benito Quinquela Martin.<\/p>\n<p>&nbsp;<\/p>\n<p style=\"font-size: 18px;\">En lo que hace a sus b\u00fasquedas, Erzia buscaba el material ideal para su obra y no pod\u00eda hallarla. \u201cEs bella como un metal, es fuerte y dulce como el hierro\u201d dijo, cuando conoci\u00f3 la madera chaque\u00f1a.<\/p>\n<p>&nbsp;<\/p>\n<p style=\"font-size: 18px;\">Atra\u00eddo por la fama de sus maderas, en 1936 program\u00f3 un viaje al Chaco con una carta para Schenone -entonces capataz de la Forestal- en la que un gerente de la empresa maderera le solicitaba que facilite al escultor las piezas de quebracho que requerir\u00eda.<\/p>\n<p>&nbsp;<\/p>\n<p style=\"font-size: 18px;\">En esas caminatas por el monte, en esos safaris madereros caminaban los dos; \u201ccon mi padre hac\u00edan cortar no s\u00f3lo los nudos de algarrobo sino tambi\u00e9n troncos de quebracho, urunday y otros, que luego eran despachados a Buenos Aires, en los antiguos vagones de carga del ferrocarril\u201d, cuenta el hijo Rodolfo Schenone.<\/p>\n<p>&nbsp;<\/p>\n<p style=\"font-size: 18px;\">La amistad fue creciente. Erzia lo estimulaba a la creaci\u00f3n, ponderaba su talento en el cincel (lo mismo hac\u00eda Juan de Dios Mena).<\/p>\n<p>&nbsp;<\/p>\n<p style=\"font-size: 18px;\">El llamado &#8220;Rod\u00edn ruso\u201d por sus contempor\u00e1neos, contagi\u00f3 la escultura a nuestro hombre. Es un gran legado.<\/p>\n<p>&nbsp;<\/p>\n<p style=\"font-size: 18px;\">La primera muestra de arte de Carlos Schenone, animada por los hermanos Boglietti, se expuso al aire libre, en la p\u00e9rgola de la plaza 25 de mayo, con tanto \u00e9xito que fue registrado por el noticiero Sucesos Argentinos.<\/p>\n<p>&nbsp;<\/p>\n<p style=\"font-size: 18px;\">Una beca de la Comisi\u00f3n Nacional de Cultura le llev\u00f3 a la Escuela de Bellas Artes \u201cErnesto de la C\u00e1rcova\u201d donde intim\u00f3 con Carlos de la C\u00e1rcova, Soto Avenda\u00f1o y Fioravanti.<\/p>\n<p>&nbsp;<\/p>\n<p style=\"font-size: 18px;\">Afincado en Resistencia, las exposiciones se sucedieron y las distinciones hicieron eco de su valor. Fue designado director organizador del Taller de Arte Regional de la Facultad de Humanidades de la UNNE que se destac\u00f3 por su nivel de excelencia. Valga se\u00f1alar el primer plantel docente: Clement Moreau como profesor de dibujo, Jacinto Castillo como profesor de pintura y Grete Stern en documentaci\u00f3n fotogr\u00e1fica de la vida de los ind\u00edgenas y registro de las actividades internas como el taller de alfarer\u00eda con artesanos qom y del que participaba Ra\u00fal Oscar Cerrutti.<\/p>\n<p>&nbsp;<\/p>\n<p style=\"font-size: 18px;\">Schenone utiliz\u00f3 quebracho colorado y blanco, algarrobo, timb\u00f3, curup\u00ed y guayac\u00e1n.<\/p>\n<p>[\/vc_column_text][vc_empty_space][vc_single_image image=&#8221;356&#8243; img_size=&#8221;full&#8221; alignment=&#8221;center&#8221; qode_css_animation=&#8221;element_from_fade&#8221;][vc_column_text]<\/p>\n<p style=\"font-size: 14px; text-align: center;\"><em><span style=\"font-size: 14px;\">Carlos H. Schenone &#8220;El Toba&#8221; (algarrobo).<br \/>\nEscultura s\u00edmbolo emplazada en la facultad en 1958.<\/span><\/em><\/p>\n<p>[\/vc_column_text][vc_empty_space][vc_column_text el_class=&#8221;parrafo&#8221;]<\/p>\n<p style=\"font-size: 18px;\">\u201cEl toba\u201d, &#8220;Cabeza de indio&#8221;, &#8220;Cacique&#8221;, son soberbias muestras que remiten a la idea de que Schenone convirti\u00f3 la madera en indio.<\/p>\n<p>&nbsp;<\/p>\n<p style=\"font-size: 18px;\">Cuando el arte tuvo que relevar su tiempo, privilegi\u00f3 la figura del indio. Dej\u00f3 en cierto que es el pr\u00edncipe de la tierra.<\/p>\n<p>&nbsp;<\/p>\n<p style=\"font-size: 18px;\">No fue tard\u00eda la hora en que el ind\u00edgena fue modelo del arte. Y Carlos Schenone fue el instrumento incontrastable. En plenitud creativa y juventud, con 55 a\u00f1os muri\u00f3 en Resistencia.<\/p>\n<p>[\/vc_column_text][vc_empty_space][vc_column_text el_class=&#8221;parrafo&#8221;]<\/p>\n<p>&nbsp;<\/p>\n<p style=\"font-size: 18px;\"><em>Contenidos: Virgina Quirelli<\/em><\/p>\n<p style=\"font-size: 18px;\"><em>Arte: Brian Ariel Dufek<\/em><\/p>\n<p>[\/vc_column_text][vc_empty_space height=&#8221;40px&#8221;][\/vc_column_inner][vc_column_inner width=&#8221;1\/3&#8243;][vc_widget_sidebar sidebar_id=&#8221;Menu Capitulos&#8221;][\/vc_column_inner][\/vc_row_inner][\/vc_column][\/vc_row][vc_row css_animation=&#8221;&#8221; row_type=&#8221;row&#8221; use_row_as_full_screen_section=&#8221;no&#8221; type=&#8221;full_width&#8221; angled_section=&#8221;no&#8221; text_align=&#8221;left&#8221; background_image_as_pattern=&#8221;without_pattern&#8221;][vc_column][vc_empty_space height=&#8221;120px&#8221;][vc_single_image image=&#8221;112&#8243; img_size=&#8221;full&#8221; alignment=&#8221;center&#8221; qode_css_animation=&#8221;&#8221;][vc_empty_space height=&#8221;60px&#8221;][\/vc_column][\/vc_row]<\/p>\n","protected":false},"excerpt":{"rendered":"<p>[vc_row css_animation=&#8221;&#8221; row_type=&#8221;row&#8221; use_row_as_full_screen_section=&#8221;no&#8221; type=&#8221;full_width&#8221; angled_section=&#8221;no&#8221; text_align=&#8221;left&#8221; background_image_as_pattern=&#8221;without_pattern&#8221;][vc_column offset=&#8221;vc_hidden-sm vc_hidden-xs&#8221;][vc_empty_space height=&#8221;50px&#8221;][vc_row_inner row_type=&#8221;row&#8221; type=&#8221;grid&#8221; text_align=&#8221;left&#8221; css_animation=&#8221;&#8221;][vc_column_inner width=&#8221;2\/3&#8243;][vc_single_image image=&#8221;355&#8243; img_size=&#8221;full&#8221; qode_css_animation=&#8221;element_from_fade&#8221; transition_delay=&#8221;1&#8243;][vc_empty_space][vc_column_text] Schenone convirti\u00f3 la madera en indio. [\/vc_column_text][vc_column_text]02 de Marzo, 2022 | Cap\u00edtulo 14[\/vc_column_text][vc_empty_space][vc_column_text]Por Marcelo Nieto[\/vc_column_text][vc_empty_space][vc_column_text el_class=&#8221;parrafo&#8221;] Como les pas\u00f3 a muchos que migraron al Chaco,&#8230;<\/p>\n","protected":false},"author":1,"featured_media":0,"parent":0,"menu_order":0,"comment_status":"closed","ping_status":"closed","template":"full_width.php","meta":{"footnotes":""},"class_list":["post-354","page","type-page","status-publish","hentry"],"_links":{"self":[{"href":"http:\/\/www.fundacionurunday.org\/lae\/wp-json\/wp\/v2\/pages\/354","targetHints":{"allow":["GET"]}}],"collection":[{"href":"http:\/\/www.fundacionurunday.org\/lae\/wp-json\/wp\/v2\/pages"}],"about":[{"href":"http:\/\/www.fundacionurunday.org\/lae\/wp-json\/wp\/v2\/types\/page"}],"author":[{"embeddable":true,"href":"http:\/\/www.fundacionurunday.org\/lae\/wp-json\/wp\/v2\/users\/1"}],"replies":[{"embeddable":true,"href":"http:\/\/www.fundacionurunday.org\/lae\/wp-json\/wp\/v2\/comments?post=354"}],"version-history":[{"count":5,"href":"http:\/\/www.fundacionurunday.org\/lae\/wp-json\/wp\/v2\/pages\/354\/revisions"}],"predecessor-version":[{"id":363,"href":"http:\/\/www.fundacionurunday.org\/lae\/wp-json\/wp\/v2\/pages\/354\/revisions\/363"}],"wp:attachment":[{"href":"http:\/\/www.fundacionurunday.org\/lae\/wp-json\/wp\/v2\/media?parent=354"}],"curies":[{"name":"wp","href":"https:\/\/api.w.org\/{rel}","templated":true}]}}