{"id":449,"date":"2022-04-21T19:17:45","date_gmt":"2022-04-21T22:17:45","guid":{"rendered":"http:\/\/www.fundacionurunday.org\/lae\/?page_id=449"},"modified":"2022-04-21T19:32:21","modified_gmt":"2022-04-21T22:32:21","slug":"capitulo-21-la-obra-de-humberto-en-la-casa-taller","status":"publish","type":"page","link":"http:\/\/www.fundacionurunday.org\/lae\/capitulo-21-la-obra-de-humberto-en-la-casa-taller\/","title":{"rendered":"Cap\u00edtulo 21 &#8211; La obra de Humberto en la Casa Taller"},"content":{"rendered":"<p>[vc_row css_animation=&#8221;&#8221; row_type=&#8221;row&#8221; use_row_as_full_screen_section=&#8221;no&#8221; type=&#8221;full_width&#8221; angled_section=&#8221;no&#8221; text_align=&#8221;left&#8221; background_image_as_pattern=&#8221;without_pattern&#8221;][vc_column offset=&#8221;vc_hidden-sm vc_hidden-xs&#8221;][vc_empty_space height=&#8221;50px&#8221;][vc_row_inner row_type=&#8221;row&#8221; type=&#8221;grid&#8221; text_align=&#8221;left&#8221; css_animation=&#8221;&#8221;][vc_column_inner width=&#8221;2\/3&#8243;][vc_single_image image=&#8221;452&#8243; img_size=&#8221;full&#8221; qode_css_animation=&#8221;element_from_fade&#8221; transition_delay=&#8221;1&#8243;][vc_empty_space][vc_column_text]<\/p>\n<h2>La obra de Humberto en la Casa Taller<\/h2>\n<p>[\/vc_column_text][vc_column_text]<span style=\"color: #999999; font-family: Lato; font-size: 12px;\">22 de Abril, 2022 | Cap\u00edtulo 21<\/span>[\/vc_column_text][vc_empty_space][vc_column_text]<em><span style=\"font-size: 18px; background-color: #000000; color: #ffffff; padding-left: 10px; padding-right: 10px;\">Por Marcelo Nieto<\/span><\/em>[\/vc_column_text][vc_empty_space][vc_column_text el_class=&#8221;parrafo&#8221;]<\/p>\n<p style=\"font-size: 18px;\">En la esquina de avenida Laprida y L\u00f3pez Y Planes, se erige con sus l\u00edneas deconstructivas y aires modernos el museo taller Humberto G\u00f3mez Lollo. La treintena de esculturas del artista chaque\u00f1o donadas a la provincia, se lucen con total jerarqu\u00eda en este templo del arte.<\/p>\n<p>&nbsp;<\/p>\n<p style=\"font-size: 18px;\">Osadas formas y el soporte lum\u00ednico por la noche que otorga sugestivo color al espacio levantado en antiguos terrenos del Ferrocarril Franc\u00e9s, convirtieron instant\u00e1neamente a esta construcci\u00f3n en un hito de la ciudad de las esculturas, devenido punto cultural y tur\u00edstico.<\/p>\n<p>[\/vc_column_text][vc_empty_space][vc_single_image image=&#8221;450&#8243; img_size=&#8221;full&#8221; alignment=&#8221;center&#8221; qode_css_animation=&#8221;element_from_fade&#8221;][vc_empty_space][vc_column_text el_class=&#8221;parrafo&#8221;]<\/p>\n<p style=\"font-size: 18px;\">El museo taller es de los m\u00e1s recientes espacios constituidos como mojones de la escult\u00f3rica resistenciana. Ratifica la proyecci\u00f3n escult\u00f3rica de Resistencia, sumando 30 obras que fueron obsequiadas por Humberto a la provincia del Chaco.<\/p>\n<p>&nbsp;<\/p>\n<p style=\"font-size: 18px;\">Con gran puesta en escena que incluy\u00f3 luces y m\u00fasica de la Banda Municipal, el Museo Taller inaugur\u00f3 en una fecha clave: el 8 de agosto de 2016, cuando se cumpl\u00edan 65 a\u00f1os de la Provincializaci\u00f3n del Chaco.<\/p>\n<p>&nbsp;<\/p>\n<p style=\"font-size: 18px;\">Abiertas las puertas al p\u00fablico para mostrar el s\u00f3lido patrimonio cultural de este artista consagrado del Chaco, propone adem\u00e1s becas para artistas del interior y como sede de distintas actividades como exposiciones, charlas, conferencias y talleres.<\/p>\n<p>&nbsp;<\/p>\n<p style=\"font-size: 18px;\">&#8220;Fue una idea, un sue\u00f1o que llevaba conmigo ya cuando era estudiante y lo que me marc\u00f3 fue estudiar al gran escultor Crisanto Dom\u00ednguez sin tener acceso a sus obras. All\u00ed pens\u00e9, si alguna vez mis obras tienen reconocimiento en el pa\u00eds, regalar\u00eda a mi provincia obras para su patrimonio&#8221;, recuerda Humberto.<\/p>\n<p>&nbsp;<\/p>\n<p style=\"font-size: 18px;\">El interior del edificio se compone del sal\u00f3n de exposiciones, un taller de escultores y un departamento para recibir escultores invitados durante algunos eventos o encuentros.<\/p>\n<p>&nbsp;<\/p>\n<p style=\"font-size: 18px;\">G\u00f3mez Lollo, cont\u00f3 que el proyecto tuvo sus or\u00edgenes cuando \u00e9l estudiaba Bellas Artes. &#8220;Pensaba que, si alguna vez mis obras ten\u00edan trascendencia, quer\u00eda poder dejarlas juntas en un espacio, como patrimonio cultural provincial&#8221;.<\/p>\n<p>&nbsp;<\/p>\n<p style=\"font-size: 18px;\">G\u00f3mez Lollo tiene una trayectoria art\u00edstica de m\u00e1s de 45 a\u00f1os y su trabajo es reconocido a nivel nacional e internacional, por la alta calidad en el dise\u00f1o y ejecuci\u00f3n de sus obras.<\/p>\n<p>&nbsp;<\/p>\n<p style=\"font-size: 18px;\">En el Museo Taller dise\u00f1ado por el arquitecto Carlos Alabe, quedan expuestas treinta de sus esculturas, principalmente en madera y m\u00e1rmol -incluyendo la primera obra que crearon sus manos- como &#8220;legado cultural para las futuras generaciones de alguien que se dedic\u00f3 al arte&#8221;, supo decir.<\/p>\n<p>&nbsp;<\/p>\n<p style=\"font-size: 18px;\">&#8220;Dejo a Resistencia muchas de mis obras en reconocimiento a lo mucho que me dio toda la comunidad y tambi\u00e9n un taller donde ense\u00f1ar y formar nuevos escultores&#8221;.<\/p>\n<p>[\/vc_column_text][vc_empty_space height=&#8221;60px&#8221;][vc_column_text el_class=&#8221;parrafo&#8221;]<\/p>\n<p style=\"font-size: 18px; padding-bottom: 20px;\"><strong>TAL HUMBERTO<\/strong><\/p>\n<p style=\"font-size: 18px;\">El escultor, resistenciano, oriundo de Villa Seitor, hermano de Fabriciano G\u00f3mez, egres\u00f3 del Instituto Superior de Bellas Artes, con el t\u00edtulo de Profesor de Dibujo y Escultura.<\/p>\n<p>&nbsp;<\/p>\n<p style=\"font-size: 18px;\">Estudi\u00f3 con los escultores Mauro Glorioso y Francisco Reyes, como as\u00ed tambi\u00e9n fue disc\u00edpulo del maestro Enrique Gaimarini.<\/p>\n<p>&nbsp;<\/p>\n<p style=\"font-size: 18px;\">Con la obra \u201cFormas y espacios\u201d, obtuvo el Gran Premio de Honor Adquisici\u00f3n del XXIX Sal\u00f3n Nacional de Tucum\u00e1n Pintura y Escultura &#8211; Secci\u00f3n Escultura -1988 y el &#8220;Gran Premio de Honor del Sal\u00f3n Nacional 1999&#8221; con su obra G\u00e9nesis del Nuevo Siglo.<\/p>\n<p>&nbsp;<\/p>\n<p style=\"font-size: 18px;\">Sus obras se encuentran en distintos lugares del pa\u00eds; entre ellos los museos de Tucum\u00e1n, Salta, Juan Ram\u00f3n Vidal de Corrientes, Misiones, Paran\u00e1, Rosa Galisteo de Santa Fe, Fernando Fader de Mendoza y Emilio Caraffa de C\u00f3rdoba, El Fog\u00f3n de los Arrieros de Resistencia, plaza de la ciudad de Formosa y en el Aeropuerto y calles de Resistencia.<\/p>\n<p>&nbsp;<\/p>\n<p style=\"font-size: 18px;\">En el exterior su obra se incluye en colecciones particulares de R\u00edo de Janeiro y San Pablo en Brasil, Montevideo de Uruguay, Asunci\u00f3n de Paraguay, Texas en los Estados Unidos, Madrid Espa\u00f1a, Parque los Colomos en Guadalajara en M\u00e9xico y museos de Finlandia e Italia.<\/p>\n<p>&nbsp;<\/p>\n<p style=\"font-size: 18px;\">La ciudad de las Esculturas, naturalmente, patrimonia algunas obras de Humberto G\u00f3mez Lollo. \u201cEl que insisti\u00f3 en que colocara una obra en la ciudad fue Efra\u00edn Boglietti y yo prefer\u00eda esperar\u2026 Era mucho, demasiado honor\u201d. Despu\u00e9s de ganar el primer premio del Sal\u00f3n Nacional y tras la muerte de Efra\u00edn se \u201canim\u00f3\u201d a colocar una obra.<\/p>\n<p>&nbsp;<\/p>\n<p style=\"font-size: 18px;\">Entre las esculturas de G\u00f3mez Lollo que hermosean la ciudad, se pueden mencionar el m\u00e1rmol de carrara \u201cTransformaci\u00f3n\u201d, en la intersecci\u00f3n de avenida Alberdi e Ill\u00eda; \u201cViento Norte\u201d, en el parterre de la avenida Sarmiento al 770; la obra \u201cGemelas\u201d frente al viejo mercado municipal; la escultura \u201cArmon\u00eda\u201d, en el parterre de la avenida Sarmiento al 3500.<\/p>\n<p>[\/vc_column_text][vc_empty_space][vc_column_text el_class=&#8221;parrafo&#8221;]<\/p>\n<p>&nbsp;<\/p>\n<p style=\"font-size: 18px;\"><em>Contenidos: Virgina Quirelli<\/em><\/p>\n<p style=\"font-size: 18px;\"><em>Arte: Brian Ariel Dufek<\/em><\/p>\n<p>[\/vc_column_text][vc_empty_space height=&#8221;40px&#8221;][\/vc_column_inner][vc_column_inner width=&#8221;1\/3&#8243;][vc_widget_sidebar sidebar_id=&#8221;Menu Capitulos&#8221;][\/vc_column_inner][\/vc_row_inner][\/vc_column][\/vc_row][vc_row css_animation=&#8221;&#8221; row_type=&#8221;row&#8221; use_row_as_full_screen_section=&#8221;no&#8221; type=&#8221;full_width&#8221; angled_section=&#8221;no&#8221; text_align=&#8221;left&#8221; background_image_as_pattern=&#8221;without_pattern&#8221;][vc_column offset=&#8221;vc_hidden-lg vc_hidden-md&#8221; css=&#8221;.vc_custom_1650580340121{padding-right: 10% !important;padding-left: 10% !important;}&#8221;][vc_empty_space height=&#8221;50px&#8221;][vc_row_inner row_type=&#8221;row&#8221; type=&#8221;grid&#8221; text_align=&#8221;left&#8221; css_animation=&#8221;&#8221;][vc_column_inner width=&#8221;2\/3&#8243;][vc_single_image image=&#8221;452&#8243; img_size=&#8221;full&#8221; qode_css_animation=&#8221;element_from_fade&#8221; transition_delay=&#8221;1&#8243;][vc_empty_space][vc_column_text]<\/p>\n<h2>La obra de Humberto en la Casa Taller<\/h2>\n<p>[\/vc_column_text][vc_column_text]<span style=\"color: #999999; font-family: Lato; font-size: 12px;\">22 de Abril, 2022 | Cap\u00edtulo 21<\/span>[\/vc_column_text][vc_empty_space][vc_column_text]<em><span style=\"font-size: 18px; background-color: #000000; color: #ffffff; padding-left: 10px; padding-right: 10px;\">Por Marcelo Nieto<\/span><\/em>[\/vc_column_text][vc_empty_space][vc_column_text el_class=&#8221;parrafo&#8221;]<\/p>\n<p style=\"font-size: 18px;\">En la esquina de avenida Laprida y L\u00f3pez Y Planes, se erige con sus l\u00edneas deconstructivas y aires modernos el museo taller Humberto G\u00f3mez Lollo. La treintena de esculturas del artista chaque\u00f1o donadas a la provincia, se lucen con total jerarqu\u00eda en este templo del arte.<\/p>\n<p>&nbsp;<\/p>\n<p style=\"font-size: 18px;\">Osadas formas y el soporte lum\u00ednico por la noche que otorga sugestivo color al espacio levantado en antiguos terrenos del Ferrocarril Franc\u00e9s, convirtieron instant\u00e1neamente a esta construcci\u00f3n en un hito de la ciudad de las esculturas, devenido punto cultural y tur\u00edstico.<\/p>\n<p>[\/vc_column_text][vc_empty_space][vc_single_image image=&#8221;450&#8243; img_size=&#8221;full&#8221; alignment=&#8221;center&#8221; qode_css_animation=&#8221;element_from_fade&#8221;][vc_empty_space][vc_column_text el_class=&#8221;parrafo&#8221;]<\/p>\n<p style=\"font-size: 18px;\">El museo taller es de los m\u00e1s recientes espacios constituidos como mojones de la escult\u00f3rica resistenciana. Ratifica la proyecci\u00f3n escult\u00f3rica de Resistencia, sumando 30 obras que fueron obsequiadas por Humberto a la provincia del Chaco.<\/p>\n<p>&nbsp;<\/p>\n<p style=\"font-size: 18px;\">Con gran puesta en escena que incluy\u00f3 luces y m\u00fasica de la Banda Municipal, el Museo Taller inaugur\u00f3 en una fecha clave: el 8 de agosto de 2016, cuando se cumpl\u00edan 65 a\u00f1os de la Provincializaci\u00f3n del Chaco.<\/p>\n<p>&nbsp;<\/p>\n<p style=\"font-size: 18px;\">Abiertas las puertas al p\u00fablico para mostrar el s\u00f3lido patrimonio cultural de este artista consagrado del Chaco, propone adem\u00e1s becas para artistas del interior y como sede de distintas actividades como exposiciones, charlas, conferencias y talleres.<\/p>\n<p>&nbsp;<\/p>\n<p style=\"font-size: 18px;\">&#8220;Fue una idea, un sue\u00f1o que llevaba conmigo ya cuando era estudiante y lo que me marc\u00f3 fue estudiar al gran escultor Crisanto Dom\u00ednguez sin tener acceso a sus obras. All\u00ed pens\u00e9, si alguna vez mis obras tienen reconocimiento en el pa\u00eds, regalar\u00eda a mi provincia obras para su patrimonio&#8221;, recuerda Humberto.<\/p>\n<p>&nbsp;<\/p>\n<p style=\"font-size: 18px;\">El interior del edificio se compone del sal\u00f3n de exposiciones, un taller de escultores y un departamento para recibir escultores invitados durante algunos eventos o encuentros.<\/p>\n<p>&nbsp;<\/p>\n<p style=\"font-size: 18px;\">G\u00f3mez Lollo, cont\u00f3 que el proyecto tuvo sus or\u00edgenes cuando \u00e9l estudiaba Bellas Artes. &#8220;Pensaba que, si alguna vez mis obras ten\u00edan trascendencia, quer\u00eda poder dejarlas juntas en un espacio, como patrimonio cultural provincial&#8221;.<\/p>\n<p>&nbsp;<\/p>\n<p style=\"font-size: 18px;\">G\u00f3mez Lollo tiene una trayectoria art\u00edstica de m\u00e1s de 45 a\u00f1os y su trabajo es reconocido a nivel nacional e internacional, por la alta calidad en el dise\u00f1o y ejecuci\u00f3n de sus obras.<\/p>\n<p>&nbsp;<\/p>\n<p style=\"font-size: 18px;\">En el Museo Taller dise\u00f1ado por el arquitecto Carlos Alabe, quedan expuestas treinta de sus esculturas, principalmente en madera y m\u00e1rmol -incluyendo la primera obra que crearon sus manos- como &#8220;legado cultural para las futuras generaciones de alguien que se dedic\u00f3 al arte&#8221;, supo decir.<\/p>\n<p>&nbsp;<\/p>\n<p style=\"font-size: 18px;\">&#8220;Dejo a Resistencia muchas de mis obras en reconocimiento a lo mucho que me dio toda la comunidad y tambi\u00e9n un taller donde ense\u00f1ar y formar nuevos escultores&#8221;.<\/p>\n<p>[\/vc_column_text][vc_empty_space height=&#8221;60px&#8221;][vc_column_text el_class=&#8221;parrafo&#8221;]<\/p>\n<p style=\"font-size: 18px; padding-bottom: 20px;\"><strong>TAL HUMBERTO<\/strong><\/p>\n<p style=\"font-size: 18px;\">El escultor, resistenciano, oriundo de Villa Seitor, hermano de Fabriciano G\u00f3mez, egres\u00f3 del Instituto Superior de Bellas Artes, con el t\u00edtulo de Profesor de Dibujo y Escultura.<\/p>\n<p>&nbsp;<\/p>\n<p style=\"font-size: 18px;\">Estudi\u00f3 con los escultores Mauro Glorioso y Francisco Reyes, como as\u00ed tambi\u00e9n fue disc\u00edpulo del maestro Enrique Gaimarini.<\/p>\n<p>&nbsp;<\/p>\n<p style=\"font-size: 18px;\">Con la obra \u201cFormas y espacios\u201d, obtuvo el Gran Premio de Honor Adquisici\u00f3n del XXIX Sal\u00f3n Nacional de Tucum\u00e1n Pintura y Escultura &#8211; Secci\u00f3n Escultura -1988 y el &#8220;Gran Premio de Honor del Sal\u00f3n Nacional 1999&#8221; con su obra G\u00e9nesis del Nuevo Siglo.<\/p>\n<p>&nbsp;<\/p>\n<p style=\"font-size: 18px;\">Sus obras se encuentran en distintos lugares del pa\u00eds; entre ellos los museos de Tucum\u00e1n, Salta, Juan Ram\u00f3n Vidal de Corrientes, Misiones, Paran\u00e1, Rosa Galisteo de Santa Fe, Fernando Fader de Mendoza y Emilio Caraffa de C\u00f3rdoba, El Fog\u00f3n de los Arrieros de Resistencia, plaza de la ciudad de Formosa y en el Aeropuerto y calles de Resistencia.<\/p>\n<p>&nbsp;<\/p>\n<p style=\"font-size: 18px;\">En el exterior su obra se incluye en colecciones particulares de R\u00edo de Janeiro y San Pablo en Brasil, Montevideo de Uruguay, Asunci\u00f3n de Paraguay, Texas en los Estados Unidos, Madrid Espa\u00f1a, Parque los Colomos en Guadalajara en M\u00e9xico y museos de Finlandia e Italia.<\/p>\n<p>&nbsp;<\/p>\n<p style=\"font-size: 18px;\">La ciudad de las Esculturas, naturalmente, patrimonia algunas obras de Humberto G\u00f3mez Lollo. \u201cEl que insisti\u00f3 en que colocara una obra en la ciudad fue Efra\u00edn Boglietti y yo prefer\u00eda esperar\u2026 Era mucho, demasiado honor\u201d. Despu\u00e9s de ganar el primer premio del Sal\u00f3n Nacional y tras la muerte de Efra\u00edn se \u201canim\u00f3\u201d a colocar una obra.<\/p>\n<p>&nbsp;<\/p>\n<p style=\"font-size: 18px;\">Entre las esculturas de G\u00f3mez Lollo que hermosean la ciudad, se pueden mencionar el m\u00e1rmol de carrara \u201cTransformaci\u00f3n\u201d, en la intersecci\u00f3n de avenida Alberdi e Ill\u00eda; \u201cViento Norte\u201d, en el parterre de la avenida Sarmiento al 770; la obra \u201cGemelas\u201d frente al viejo mercado municipal; la escultura \u201cArmon\u00eda\u201d, en el parterre de la avenida Sarmiento al 3500.<\/p>\n<p>[\/vc_column_text][vc_empty_space][vc_column_text el_class=&#8221;parrafo&#8221;]<\/p>\n<p>&nbsp;<\/p>\n<p style=\"font-size: 18px;\"><em>Contenidos: Virgina Quirelli<\/em><\/p>\n<p style=\"font-size: 18px;\"><em>Arte: Brian Ariel Dufek<\/em><\/p>\n<p>[\/vc_column_text][vc_empty_space height=&#8221;40px&#8221;][\/vc_column_inner][vc_column_inner width=&#8221;1\/3&#8243;][vc_widget_sidebar sidebar_id=&#8221;Menu Capitulos&#8221;][\/vc_column_inner][\/vc_row_inner][\/vc_column][\/vc_row][vc_row css_animation=&#8221;&#8221; row_type=&#8221;row&#8221; use_row_as_full_screen_section=&#8221;no&#8221; type=&#8221;full_width&#8221; angled_section=&#8221;no&#8221; text_align=&#8221;left&#8221; background_image_as_pattern=&#8221;without_pattern&#8221;][vc_column][vc_empty_space height=&#8221;120px&#8221;][vc_single_image image=&#8221;112&#8243; img_size=&#8221;full&#8221; alignment=&#8221;center&#8221; qode_css_animation=&#8221;&#8221;][vc_empty_space height=&#8221;60px&#8221;][\/vc_column][\/vc_row]<\/p>\n","protected":false},"excerpt":{"rendered":"<p>[vc_row css_animation=&#8221;&#8221; row_type=&#8221;row&#8221; use_row_as_full_screen_section=&#8221;no&#8221; type=&#8221;full_width&#8221; angled_section=&#8221;no&#8221; text_align=&#8221;left&#8221; background_image_as_pattern=&#8221;without_pattern&#8221;][vc_column offset=&#8221;vc_hidden-sm vc_hidden-xs&#8221;][vc_empty_space height=&#8221;50px&#8221;][vc_row_inner row_type=&#8221;row&#8221; type=&#8221;grid&#8221; text_align=&#8221;left&#8221; css_animation=&#8221;&#8221;][vc_column_inner width=&#8221;2\/3&#8243;][vc_single_image image=&#8221;452&#8243; img_size=&#8221;full&#8221; qode_css_animation=&#8221;element_from_fade&#8221; transition_delay=&#8221;1&#8243;][vc_empty_space][vc_column_text] La obra de Humberto en la Casa Taller [\/vc_column_text][vc_column_text]22 de Abril, 2022 | Cap\u00edtulo 21[\/vc_column_text][vc_empty_space][vc_column_text]Por Marcelo Nieto[\/vc_column_text][vc_empty_space][vc_column_text el_class=&#8221;parrafo&#8221;] En la esquina de avenida Laprida y&#8230;<\/p>\n","protected":false},"author":1,"featured_media":0,"parent":0,"menu_order":0,"comment_status":"closed","ping_status":"closed","template":"full_width.php","meta":{"footnotes":""},"class_list":["post-449","page","type-page","status-publish","hentry"],"_links":{"self":[{"href":"http:\/\/www.fundacionurunday.org\/lae\/wp-json\/wp\/v2\/pages\/449","targetHints":{"allow":["GET"]}}],"collection":[{"href":"http:\/\/www.fundacionurunday.org\/lae\/wp-json\/wp\/v2\/pages"}],"about":[{"href":"http:\/\/www.fundacionurunday.org\/lae\/wp-json\/wp\/v2\/types\/page"}],"author":[{"embeddable":true,"href":"http:\/\/www.fundacionurunday.org\/lae\/wp-json\/wp\/v2\/users\/1"}],"replies":[{"embeddable":true,"href":"http:\/\/www.fundacionurunday.org\/lae\/wp-json\/wp\/v2\/comments?post=449"}],"version-history":[{"count":6,"href":"http:\/\/www.fundacionurunday.org\/lae\/wp-json\/wp\/v2\/pages\/449\/revisions"}],"predecessor-version":[{"id":458,"href":"http:\/\/www.fundacionurunday.org\/lae\/wp-json\/wp\/v2\/pages\/449\/revisions\/458"}],"wp:attachment":[{"href":"http:\/\/www.fundacionurunday.org\/lae\/wp-json\/wp\/v2\/media?parent=449"}],"curies":[{"name":"wp","href":"https:\/\/api.w.org\/{rel}","templated":true}]}}