{"id":472,"date":"2022-05-05T09:51:55","date_gmt":"2022-05-05T12:51:55","guid":{"rendered":"http:\/\/www.fundacionurunday.org\/lae\/?page_id=472"},"modified":"2022-05-05T10:20:59","modified_gmt":"2022-05-05T13:20:59","slug":"capitulo-23-el-escultor-moqoit","status":"publish","type":"page","link":"http:\/\/www.fundacionurunday.org\/lae\/capitulo-23-el-escultor-moqoit\/","title":{"rendered":"Cap\u00edtulo 23 &#8211; El escultor moqoit"},"content":{"rendered":"<p>[vc_row css_animation=&#8221;&#8221; row_type=&#8221;row&#8221; use_row_as_full_screen_section=&#8221;no&#8221; type=&#8221;full_width&#8221; angled_section=&#8221;no&#8221; text_align=&#8221;left&#8221; background_image_as_pattern=&#8221;without_pattern&#8221;][vc_column offset=&#8221;vc_hidden-sm vc_hidden-xs&#8221;][vc_empty_space height=&#8221;50px&#8221;][vc_row_inner row_type=&#8221;row&#8221; type=&#8221;grid&#8221; text_align=&#8221;left&#8221; css_animation=&#8221;&#8221;][vc_column_inner width=&#8221;2\/3&#8243;][vc_single_image image=&#8221;474&#8243; img_size=&#8221;full&#8221; qode_css_animation=&#8221;element_from_fade&#8221; transition_delay=&#8221;1&#8243;][vc_empty_space][vc_column_text]<\/p>\n<h2><strong>El escultor moqoit<\/strong><\/h2>\n<p>[\/vc_column_text][vc_column_text]<span style=\"color: #999999; font-family: Lato; font-size: 12px;\">05 de Mayo, 2022 | Cap\u00edtulo 23<\/span>[\/vc_column_text][vc_empty_space][vc_column_text]<em><span style=\"font-size: 18px; background-color: #000000; color: #ffffff; padding-left: 10px; padding-right: 10px;\">Por Marcelo Nieto<\/span><\/em>[\/vc_column_text][vc_empty_space][vc_column_text el_class=&#8221;parrafo&#8221;]<\/p>\n<p style=\"font-size: 18px;\">Ferrer era de estirpe moqoit. En otra vida debi\u00f3 ser un pr\u00edncipe mocov\u00ed, en \u00e9sta, -la cual ya dej\u00f3- era escultor. Y un so\u00f1ador, y un conductor de pueblos. Porque desde el lugar cultural, desde una gesti\u00f3n perseverante, favoreci\u00f3 la cultura originaria, la distingui\u00f3.<\/p>\n<p>&nbsp;<\/p>\n<p style=\"font-size: 18px;\">Ferrer vivi\u00f3 dos mundos: sangre moqoit y qom, de los abuelos maternos y sangre espa\u00f1ola por parte de los abuelos paternos.<\/p>\n<p>&nbsp;<\/p>\n<p style=\"font-size: 18px;\">Era escultor, pero tambi\u00e9n artesano y un experto de la artesan\u00eda aborigen.<\/p>\n<p>[\/vc_column_text][vc_empty_space][vc_single_image image=&#8221;476&#8243; img_size=&#8221;full&#8221; alignment=&#8221;center&#8221; qode_css_animation=&#8221;element_from_fade&#8221;][vc_empty_space][vc_column_text el_class=&#8221;parrafo&#8221;]<\/p>\n<p style=\"font-size: 18px;\">Alto, muy alto y silencioso, pero cuando hablaba, s\u00f3lo dec\u00eda cosas dignas de escuchar. Siempre reservado, como todo ind\u00edgena, silencioso. Pero abierto a un di\u00e1logo, riqu\u00edsimo pan para compartir.<\/p>\n<p>&nbsp;<\/p>\n<p style=\"font-size: 18px;\">Era el ancestral, pero desde el ejercicio permanente en diferentes puestos (al presente de esta cr\u00f3nica, director del Departamento de Artesan\u00edas y Arte Popular del Instituto de Cultura del Chaco, coordinador de la Feria de Artesan\u00eda de Quitilipi) y apropi\u00e1ndose de las herramientas de la l\u00f3gica blanca, se convirti\u00f3 en un formidable gestor cultural.<\/p>\n<p>&nbsp;<\/p>\n<p style=\"font-size: 18px;\">Fue El Int\u00e9rprete de dos culturas. Sin sacrificar nunca lo \u00edntimo, lo propio. Eso lo volvi\u00f3 imprescindible.<\/p>\n<p>&nbsp;<\/p>\n<p style=\"font-size: 18px;\">Ferrer era un libro abierto, gustoso de compartir los relatos de sus antepasados, las ense\u00f1anzas, los mitos y leyendas, y el porqu\u00e9 de cierta fruta, o cierta ra\u00edz, o cierto \u00e1rbol. Era en vivo y en directo, la ex\u00f3tica y melanc\u00f3lica, pero presente cultura originaria.<\/p>\n<p>&nbsp;<\/p>\n<p style=\"font-size: 18px;\">Y entre otras sensibilidades art\u00edsticas, resalt\u00f3 como pulsi\u00f3n destacada la de escultor.<\/p>\n<p>&nbsp;<\/p>\n<p style=\"font-size: 18px;\">Recordaba Fabriciano: \u201cSe fue este gran amigo con el que ten\u00edamos tantos proyectos; algunos logramos hacerlos, otros quedaron, como el de hacer un Portal a la entrada de Colonia Aborigen, al estilo del El Impenetrable\u2026 Desde el primer concurso de esculturas en la plaza nos estuvo acompa\u00f1ando siempre, durante 29 a\u00f1os, al lado\u201d.<\/p>\n<p>&nbsp;<\/p>\n<p style=\"font-size: 18px;\">Francisco Ferrer naci\u00f3 en Villa Berthet, el 30 de enero de 1953. Su carrera como escultor se desarroll\u00f3 en simult\u00e1neo con su labor como artesano y docente. Fue jurado en cert\u00e1menes de la especialidad e interventor en el Instituto del Aborigen Chaque\u00f1o.<\/p>\n<p>&nbsp;<\/p>\n<p style=\"font-size: 18px;\">En su juventud, tuvo de eventuales maestros al escultor Jorge Gamarra y a Dolores Cabrera Castilla. Represent\u00f3 al Chaco en el Primer Encuentro Nacional de Escultura en madera de 1986 y en 1988, 1990, 1992. En 1993 fue seleccionado para representar a la Argentina en el Primer Concurso Latinoamericano de Escultura en madera de Resistencia: Tambi\u00e9n en 1995, en la Primera Trienal de Escultura en Madera y en 1999 y en el Concurso de Escultura Milenium.<\/p>\n<p>&nbsp;<\/p>\n<p style=\"font-size: 18px;\">Asimismo, fue figura de varios concursos escult\u00f3ricos de Villa Allende, C\u00f3rdoba (1991, 1994,1995); como el Encuentro de escultores en madera de Reconquista, Rosario, Alem (Misiones) y varios otros en el interior del Chaco.<\/p>\n<p>&nbsp;<\/p>\n<p style=\"font-size: 18px;\">El 7 de julio de 1993, fue nombrado &#8220;Amigo Ilustre por su aporte al Arte&#8221;, por la Asociaci\u00f3n de Escultores del Chaco.<\/p>\n<p>&nbsp;<\/p>\n<p style=\"font-size: 18px;\">Realiz\u00f3 exposiciones individuales y colectivas de escultura, tanto en Chaco como en otras provincias. Y obtuvo m\u00e1s de 50 distinciones a lo largo de su carrera. Sus obras se encuentran en distintos museos e instituciones de Resistencia y ciudades argentinas.<\/p>\n<p>&nbsp;<\/p>\n<p style=\"font-size: 18px;\">Ha dicho sobre su obra el periodista Rolando C\u00e1nepa: \u201cAlgunos de nuestros escultores trabajan intensamente para realizar una obra que exprese el silencio y detenci\u00f3n del crecimiento de las razas de Am\u00e9rica y, al mismo tiempo, para que sea tambi\u00e9n la voz de esas razas (\u2026)\u201d.<\/p>\n<p>&nbsp;<\/p>\n<p style=\"font-size: 18px;\">\u201cFrancisco Ferrer, el escultor chaque\u00f1o que casi en el umbral del 2000, se siente heredero de primitivas razas que habitaron estos suelos, siente en su sangre la fuerza quieta del aborigen precolombino, se siente desligado de ataduras culturales que lo aferran a lo moderno, aun cuando trabaje con elementos y herramientas de la modernidad, siente que puede hacer realmente lo que quiere y en libertad, pero lo que quiere hacer, es tambi\u00e9n un mandato de sus antepasados que no ser\u00e1n traicionados y que renacer\u00e1n en su obra\u201d.<\/p>\n<p>&nbsp;<\/p>\n<p style=\"font-size: 18px;\">Inevitable una sangr\u00eda emocional, habida cuenta de su cercana partida. Un 21 de noviembre muri\u00f3 Ferrer, \u201ccon los ojos abiertos\u201d \u2013parafraseando a la escritora Marguerite Yourcenaire-. Consciente de su destino inmediato, envi\u00f3 una carta a medios y amigos, en la que se autorreferencia como \u201cuna persona agradecida, bendecida y muy feliz\u201d.<\/p>\n<p>&nbsp;<\/p>\n<p style=\"font-size: 18px;\">\u201cS\u00e9 que comenc\u00e9 a transitar el camino, que me llevar\u00e1 al encuentro con mis Abuelos\u2026 ahora depende de m\u00ed, el tiempo en llegar. El hombre tiene un objetivo en la vida y nada puede entorpecer su trayecto, ni cambiar su destino, todo ten\u00eda que suceder, as\u00ed como estaba dispuesto\u201d.<\/p>\n<p>&nbsp;<\/p>\n<p style=\"font-size: 18px;\">\u201cEn este momento en que hermosos Shimiag\u00e4i\u2019che (picaflores), me visitan para recordarme que el padre bueno me espera de regreso a su lado, solo quiero recordarles que me siento pleno y agradecido de haber tenido la oportunidad de transitar junto a cada uno de ustedes, mis hermanos y bajo el cobijo de nuestra amorosa madre tierra, este m\u00edtico viaje\u201d.<\/p>\n<p>&nbsp;<\/p>\n<p style=\"font-size: 18px;\">Bendita forma de sentir. Belleza.<\/p>\n<p>&nbsp;<\/p>\n<p style=\"font-size: 18px;\">Los ancestrales creen que tras la muerte van a un lugar difuso entre este mundo y el m\u00e1s all\u00e1, y que pasan mucho tiempo en los montes, haciendo la guerra, cazando fieras y amando. Ferrer anda por esos lares.<\/p>\n<p>[\/vc_column_text][vc_empty_space][vc_column_text el_class=&#8221;parrafo&#8221;]<\/p>\n<p>&nbsp;<\/p>\n<p style=\"font-size: 18px;\"><em>Contenidos: Virgina Quirelli<\/em><\/p>\n<p style=\"font-size: 18px;\"><em>Arte: Brian Ariel Dufek<\/em><\/p>\n<p>[\/vc_column_text][vc_empty_space height=&#8221;40px&#8221;][\/vc_column_inner][vc_column_inner width=&#8221;1\/3&#8243;][vc_widget_sidebar sidebar_id=&#8221;Menu Capitulos&#8221;][\/vc_column_inner][\/vc_row_inner][\/vc_column][\/vc_row][vc_row css_animation=&#8221;&#8221; row_type=&#8221;row&#8221; use_row_as_full_screen_section=&#8221;no&#8221; type=&#8221;full_width&#8221; angled_section=&#8221;no&#8221; text_align=&#8221;left&#8221; background_image_as_pattern=&#8221;without_pattern&#8221;][vc_column offset=&#8221;vc_hidden-lg vc_hidden-md&#8221; css=&#8221;.vc_custom_1651756858785{padding-right: 10% !important;padding-left: 10% !important;}&#8221;][vc_empty_space height=&#8221;50px&#8221;][vc_row_inner row_type=&#8221;row&#8221; type=&#8221;grid&#8221; text_align=&#8221;left&#8221; css_animation=&#8221;&#8221;][vc_column_inner width=&#8221;2\/3&#8243;][vc_single_image image=&#8221;474&#8243; img_size=&#8221;full&#8221; qode_css_animation=&#8221;element_from_fade&#8221; transition_delay=&#8221;1&#8243;][vc_empty_space][vc_column_text]<\/p>\n<h2><strong>El escultor moqoit<\/strong><\/h2>\n<p>[\/vc_column_text][vc_column_text]<span style=\"color: #999999; font-family: Lato; font-size: 12px;\">05 de Mayo, 2022 | Cap\u00edtulo 23<\/span>[\/vc_column_text][vc_empty_space][vc_column_text]<em><span style=\"font-size: 18px; background-color: #000000; color: #ffffff; padding-left: 10px; padding-right: 10px;\">Por Marcelo Nieto<\/span><\/em>[\/vc_column_text][vc_empty_space][vc_column_text el_class=&#8221;parrafo&#8221;]<\/p>\n<p style=\"font-size: 18px;\">Ferrer era de estirpe moqoit. En otra vida debi\u00f3 ser un pr\u00edncipe mocov\u00ed, en \u00e9sta, -la cual ya dej\u00f3- era escultor. Y un so\u00f1ador, y un conductor de pueblos. Porque desde el lugar cultural, desde una gesti\u00f3n perseverante, favoreci\u00f3 la cultura originaria, la distingui\u00f3.<\/p>\n<p>&nbsp;<\/p>\n<p style=\"font-size: 18px;\">Ferrer vivi\u00f3 dos mundos: sangre moqoit y qom, de los abuelos maternos y sangre espa\u00f1ola por parte de los abuelos paternos.<\/p>\n<p>&nbsp;<\/p>\n<p style=\"font-size: 18px;\">Era escultor, pero tambi\u00e9n artesano y un experto de la artesan\u00eda aborigen.<\/p>\n<p>[\/vc_column_text][vc_empty_space][vc_single_image image=&#8221;476&#8243; img_size=&#8221;full&#8221; alignment=&#8221;center&#8221; qode_css_animation=&#8221;element_from_fade&#8221;][vc_empty_space][vc_column_text el_class=&#8221;parrafo&#8221;]<\/p>\n<p style=\"font-size: 18px;\">Alto, muy alto y silencioso, pero cuando hablaba, s\u00f3lo dec\u00eda cosas dignas de escuchar. Siempre reservado, como todo ind\u00edgena, silencioso. Pero abierto a un di\u00e1logo, riqu\u00edsimo pan para compartir.<\/p>\n<p>&nbsp;<\/p>\n<p style=\"font-size: 18px;\">Era el ancestral, pero desde el ejercicio permanente en diferentes puestos (al presente de esta cr\u00f3nica, director del Departamento de Artesan\u00edas y Arte Popular del Instituto de Cultura del Chaco, coordinador de la Feria de Artesan\u00eda de Quitilipi) y apropi\u00e1ndose de las herramientas de la l\u00f3gica blanca, se convirti\u00f3 en un formidable gestor cultural.<\/p>\n<p>&nbsp;<\/p>\n<p style=\"font-size: 18px;\">Fue El Int\u00e9rprete de dos culturas. Sin sacrificar nunca lo \u00edntimo, lo propio. Eso lo volvi\u00f3 imprescindible.<\/p>\n<p>&nbsp;<\/p>\n<p style=\"font-size: 18px;\">Ferrer era un libro abierto, gustoso de compartir los relatos de sus antepasados, las ense\u00f1anzas, los mitos y leyendas, y el porqu\u00e9 de cierta fruta, o cierta ra\u00edz, o cierto \u00e1rbol. Era en vivo y en directo, la ex\u00f3tica y melanc\u00f3lica, pero presente cultura originaria.<\/p>\n<p>&nbsp;<\/p>\n<p style=\"font-size: 18px;\">Y entre otras sensibilidades art\u00edsticas, resalt\u00f3 como pulsi\u00f3n destacada la de escultor.<\/p>\n<p>&nbsp;<\/p>\n<p style=\"font-size: 18px;\">Recordaba Fabriciano: \u201cSe fue este gran amigo con el que ten\u00edamos tantos proyectos; algunos logramos hacerlos, otros quedaron, como el de hacer un Portal a la entrada de Colonia Aborigen, al estilo del El Impenetrable\u2026 Desde el primer concurso de esculturas en la plaza nos estuvo acompa\u00f1ando siempre, durante 29 a\u00f1os, al lado\u201d.<\/p>\n<p>&nbsp;<\/p>\n<p style=\"font-size: 18px;\">Francisco Ferrer naci\u00f3 en Villa Berthet, el 30 de enero de 1953. Su carrera como escultor se desarroll\u00f3 en simult\u00e1neo con su labor como artesano y docente. Fue jurado en cert\u00e1menes de la especialidad e interventor en el Instituto del Aborigen Chaque\u00f1o.<\/p>\n<p>&nbsp;<\/p>\n<p style=\"font-size: 18px;\">En su juventud, tuvo de eventuales maestros al escultor Jorge Gamarra y a Dolores Cabrera Castilla. Represent\u00f3 al Chaco en el Primer Encuentro Nacional de Escultura en madera de 1986 y en 1988, 1990, 1992. En 1993 fue seleccionado para representar a la Argentina en el Primer Concurso Latinoamericano de Escultura en madera de Resistencia: Tambi\u00e9n en 1995, en la Primera Trienal de Escultura en Madera y en 1999 y en el Concurso de Escultura Milenium.<\/p>\n<p>&nbsp;<\/p>\n<p style=\"font-size: 18px;\">Asimismo, fue figura de varios concursos escult\u00f3ricos de Villa Allende, C\u00f3rdoba (1991, 1994,1995); como el Encuentro de escultores en madera de Reconquista, Rosario, Alem (Misiones) y varios otros en el interior del Chaco.<\/p>\n<p>&nbsp;<\/p>\n<p style=\"font-size: 18px;\">El 7 de julio de 1993, fue nombrado &#8220;Amigo Ilustre por su aporte al Arte&#8221;, por la Asociaci\u00f3n de Escultores del Chaco.<\/p>\n<p>&nbsp;<\/p>\n<p style=\"font-size: 18px;\">Realiz\u00f3 exposiciones individuales y colectivas de escultura, tanto en Chaco como en otras provincias. Y obtuvo m\u00e1s de 50 distinciones a lo largo de su carrera. Sus obras se encuentran en distintos museos e instituciones de Resistencia y ciudades argentinas.<\/p>\n<p>&nbsp;<\/p>\n<p style=\"font-size: 18px;\">Ha dicho sobre su obra el periodista Rolando C\u00e1nepa: \u201cAlgunos de nuestros escultores trabajan intensamente para realizar una obra que exprese el silencio y detenci\u00f3n del crecimiento de las razas de Am\u00e9rica y, al mismo tiempo, para que sea tambi\u00e9n la voz de esas razas (\u2026)\u201d.<\/p>\n<p>&nbsp;<\/p>\n<p style=\"font-size: 18px;\">\u201cFrancisco Ferrer, el escultor chaque\u00f1o que casi en el umbral del 2000, se siente heredero de primitivas razas que habitaron estos suelos, siente en su sangre la fuerza quieta del aborigen precolombino, se siente desligado de ataduras culturales que lo aferran a lo moderno, aun cuando trabaje con elementos y herramientas de la modernidad, siente que puede hacer realmente lo que quiere y en libertad, pero lo que quiere hacer, es tambi\u00e9n un mandato de sus antepasados que no ser\u00e1n traicionados y que renacer\u00e1n en su obra\u201d.<\/p>\n<p>&nbsp;<\/p>\n<p style=\"font-size: 18px;\">Inevitable una sangr\u00eda emocional, habida cuenta de su cercana partida. Un 21 de noviembre muri\u00f3 Ferrer, \u201ccon los ojos abiertos\u201d \u2013parafraseando a la escritora Marguerite Yourcenaire-. Consciente de su destino inmediato, envi\u00f3 una carta a medios y amigos, en la que se autorreferencia como \u201cuna persona agradecida, bendecida y muy feliz\u201d.<\/p>\n<p>&nbsp;<\/p>\n<p style=\"font-size: 18px;\">\u201cS\u00e9 que comenc\u00e9 a transitar el camino, que me llevar\u00e1 al encuentro con mis Abuelos\u2026 ahora depende de m\u00ed, el tiempo en llegar. El hombre tiene un objetivo en la vida y nada puede entorpecer su trayecto, ni cambiar su destino, todo ten\u00eda que suceder, as\u00ed como estaba dispuesto\u201d.<\/p>\n<p>&nbsp;<\/p>\n<p style=\"font-size: 18px;\">\u201cEn este momento en que hermosos Shimiag\u00e4i\u2019che (picaflores), me visitan para recordarme que el padre bueno me espera de regreso a su lado, solo quiero recordarles que me siento pleno y agradecido de haber tenido la oportunidad de transitar junto a cada uno de ustedes, mis hermanos y bajo el cobijo de nuestra amorosa madre tierra, este m\u00edtico viaje\u201d.<\/p>\n<p>&nbsp;<\/p>\n<p style=\"font-size: 18px;\">Bendita forma de sentir. Belleza.<\/p>\n<p>&nbsp;<\/p>\n<p style=\"font-size: 18px;\">Los ancestrales creen que tras la muerte van a un lugar difuso entre este mundo y el m\u00e1s all\u00e1, y que pasan mucho tiempo en los montes, haciendo la guerra, cazando fieras y amando. Ferrer anda por esos lares.<\/p>\n<p>[\/vc_column_text][vc_empty_space][vc_column_text el_class=&#8221;parrafo&#8221;]<\/p>\n<p>&nbsp;<\/p>\n<p style=\"font-size: 18px;\"><em>Contenidos: Virgina Quirelli<\/em><\/p>\n<p style=\"font-size: 18px;\"><em>Arte: Brian Ariel Dufek<\/em><\/p>\n<p>[\/vc_column_text][vc_empty_space height=&#8221;40px&#8221;][\/vc_column_inner][vc_column_inner width=&#8221;1\/3&#8243;][vc_widget_sidebar sidebar_id=&#8221;Menu Capitulos&#8221;][\/vc_column_inner][\/vc_row_inner][\/vc_column][\/vc_row][vc_row css_animation=&#8221;&#8221; row_type=&#8221;row&#8221; use_row_as_full_screen_section=&#8221;no&#8221; type=&#8221;full_width&#8221; angled_section=&#8221;no&#8221; text_align=&#8221;left&#8221; background_image_as_pattern=&#8221;without_pattern&#8221;][vc_column][vc_empty_space height=&#8221;120px&#8221;][vc_single_image image=&#8221;112&#8243; img_size=&#8221;full&#8221; alignment=&#8221;center&#8221; qode_css_animation=&#8221;&#8221;][vc_empty_space height=&#8221;60px&#8221;][\/vc_column][\/vc_row]<\/p>\n","protected":false},"excerpt":{"rendered":"<p>[vc_row css_animation=&#8221;&#8221; row_type=&#8221;row&#8221; use_row_as_full_screen_section=&#8221;no&#8221; type=&#8221;full_width&#8221; angled_section=&#8221;no&#8221; text_align=&#8221;left&#8221; background_image_as_pattern=&#8221;without_pattern&#8221;][vc_column offset=&#8221;vc_hidden-sm vc_hidden-xs&#8221;][vc_empty_space height=&#8221;50px&#8221;][vc_row_inner row_type=&#8221;row&#8221; type=&#8221;grid&#8221; text_align=&#8221;left&#8221; css_animation=&#8221;&#8221;][vc_column_inner width=&#8221;2\/3&#8243;][vc_single_image image=&#8221;474&#8243; img_size=&#8221;full&#8221; qode_css_animation=&#8221;element_from_fade&#8221; transition_delay=&#8221;1&#8243;][vc_empty_space][vc_column_text] El escultor moqoit [\/vc_column_text][vc_column_text]05 de Mayo, 2022 | Cap\u00edtulo 23[\/vc_column_text][vc_empty_space][vc_column_text]Por Marcelo Nieto[\/vc_column_text][vc_empty_space][vc_column_text el_class=&#8221;parrafo&#8221;] Ferrer era de estirpe moqoit. En otra vida debi\u00f3 ser un pr\u00edncipe&#8230;<\/p>\n","protected":false},"author":1,"featured_media":0,"parent":0,"menu_order":0,"comment_status":"closed","ping_status":"closed","template":"full_width.php","meta":{"footnotes":""},"class_list":["post-472","page","type-page","status-publish","hentry"],"_links":{"self":[{"href":"http:\/\/www.fundacionurunday.org\/lae\/wp-json\/wp\/v2\/pages\/472","targetHints":{"allow":["GET"]}}],"collection":[{"href":"http:\/\/www.fundacionurunday.org\/lae\/wp-json\/wp\/v2\/pages"}],"about":[{"href":"http:\/\/www.fundacionurunday.org\/lae\/wp-json\/wp\/v2\/types\/page"}],"author":[{"embeddable":true,"href":"http:\/\/www.fundacionurunday.org\/lae\/wp-json\/wp\/v2\/users\/1"}],"replies":[{"embeddable":true,"href":"http:\/\/www.fundacionurunday.org\/lae\/wp-json\/wp\/v2\/comments?post=472"}],"version-history":[{"count":4,"href":"http:\/\/www.fundacionurunday.org\/lae\/wp-json\/wp\/v2\/pages\/472\/revisions"}],"predecessor-version":[{"id":478,"href":"http:\/\/www.fundacionurunday.org\/lae\/wp-json\/wp\/v2\/pages\/472\/revisions\/478"}],"wp:attachment":[{"href":"http:\/\/www.fundacionurunday.org\/lae\/wp-json\/wp\/v2\/media?parent=472"}],"curies":[{"name":"wp","href":"https:\/\/api.w.org\/{rel}","templated":true}]}}