{"id":482,"date":"2022-05-13T14:34:57","date_gmt":"2022-05-13T17:34:57","guid":{"rendered":"http:\/\/www.fundacionurunday.org\/lae\/?page_id=482"},"modified":"2022-05-13T14:42:22","modified_gmt":"2022-05-13T17:42:22","slug":"capitulo-24-un-claro-del-arte","status":"publish","type":"page","link":"http:\/\/www.fundacionurunday.org\/lae\/capitulo-24-un-claro-del-arte\/","title":{"rendered":"Cap\u00edtulo 24 &#8211; Un claro del arte"},"content":{"rendered":"<p>[vc_row css_animation=&#8221;&#8221; row_type=&#8221;row&#8221; use_row_as_full_screen_section=&#8221;no&#8221; type=&#8221;full_width&#8221; angled_section=&#8221;no&#8221; text_align=&#8221;left&#8221; background_image_as_pattern=&#8221;without_pattern&#8221;][vc_column offset=&#8221;vc_hidden-sm vc_hidden-xs&#8221;][vc_empty_space height=&#8221;50px&#8221;][vc_row_inner row_type=&#8221;row&#8221; type=&#8221;grid&#8221; text_align=&#8221;left&#8221; css_animation=&#8221;&#8221;][vc_column_inner width=&#8221;2\/3&#8243;][vc_single_image image=&#8221;487&#8243; img_size=&#8221;full&#8221; qode_css_animation=&#8221;element_from_fade&#8221; transition_delay=&#8221;1&#8243;][vc_empty_space][vc_column_text]<\/p>\n<h2><strong>Un claro del arte<\/strong><\/h2>\n<p>[\/vc_column_text][vc_column_text]<span style=\"color: #999999; font-family: Lato; font-size: 12px;\">13 de Mayo, 2022 | Cap\u00edtulo 24<\/span>[\/vc_column_text][vc_empty_space][vc_column_text]<em><span style=\"font-size: 18px; background-color: #000000; color: #ffffff; padding-left: 10px; padding-right: 10px;\">Por Marcelo Nieto<\/span><\/em>[\/vc_column_text][vc_empty_space][vc_column_text el_class=&#8221;parrafo&#8221;]<\/p>\n<p style=\"font-size: 18px;\">Sobre la costa del r\u00edo Negro, se yergue el parque de las esculturas del mundo. No s\u00f3lo es un solaz digno de una capital, tambi\u00e9n es un templo del arte escult\u00f3rico, agigantado por grandes firmas.<\/p>\n<p>&nbsp;<\/p>\n<p style=\"font-size: 18px;\">El parque es uno de los lugares m\u00e1s intensos de Resistencia. No en vano fue dise\u00f1ado por uno de los prominentes paisajistas del pa\u00eds: el arquitecto Pradial Guti\u00e9rrez.<\/p>\n<p>[\/vc_column_text][vc_empty_space][vc_single_image image=&#8221;485&#8243; img_size=&#8221;full&#8221; alignment=&#8221;center&#8221; qode_css_animation=&#8221;element_from_fade&#8221;][vc_empty_space][vc_column_text el_class=&#8221;parrafo&#8221;]<\/p>\n<p style=\"font-size: 18px;\">El MusEUM es un proyecto de la FU que ha jerarquizado la ciudad. A quien llegue a Resistencia y quiera conocerla, sin dudarlo, el lugar es un privilegio para los sentidos.<\/p>\n<p>&nbsp;<\/p>\n<p style=\"font-size: 18px;\">Arribar al Museum implica una primera traves\u00eda por la rambla de las esculturas. Nace en la avenida Lavalle rumbo hacia el r\u00edo Negro. El corredor es un entrecruzamiento constante de naturaleza y esculturas.<\/p>\n<p>&nbsp;<\/p>\n<p style=\"font-size: 18px;\">La senda culmina en el parque donde se exhiben obras premiadas de Las Bienales de Escultura y que bordea el complejo que aloja el predio de los concursos internacionales, la sede de la Fundaci\u00f3n Urunday, el departamento de Restauraci\u00f3n y Mantenimiento de Esculturas y una galer\u00eda cerrada de arte.<\/p>\n<p>[\/vc_column_text][vc_empty_space][vc_single_image image=&#8221;484&#8243; img_size=&#8221;full&#8221; alignment=&#8221;center&#8221; qode_css_animation=&#8221;element_from_fade&#8221;][vc_empty_space][vc_column_text el_class=&#8221;parrafo&#8221;]<\/p>\n<p style=\"font-size: 18px;\">La FU define este complejo como \u201cUn centro de desarrollo y promoci\u00f3n cultural a la altura de las crecientes necesidades y expectativas de nuestros tiempos\u201d.<\/p>\n<p>&nbsp;<\/p>\n<p style=\"font-size: 18px;\">Llegar al parque de las esculturas, es desembarcar en un paseo de especies vegetales aut\u00f3ctonas y ex\u00f3ticas, entre monumentales esculturas a las que se integran armoniosamente varios primeros premios de las bienales. Detalle sutil la m\u00fasica \u2013puede ser un tango, un tema de Ceratti o una obra de Vivaldi- que se escucha apenas llegando a la galer\u00eda principal que cobija tambi\u00e9n obras valiosas.<\/p>\n<p>&nbsp;<\/p>\n<p style=\"font-size: 18px;\">Paneando la mirada por los 14.500 metros cuadrados, se revela un templo de la creaci\u00f3n, un templo de la fantas\u00eda. El metal, el m\u00e1rmol, la madera y la piedra se lucen como materia prima del mismo modo en que se interpelan figuraci\u00f3n y abstracci\u00f3n.<\/p>\n<p>&nbsp;<\/p>\n<p style=\"font-size: 18px;\">Son 700 obras esparcidas en veredas, parterres, accesos y parques de la ciudad. Unas 50 se dispersan en este parque para la contemplaci\u00f3n y el disfrute del arte volum\u00e9trico. Y por qu\u00e9 no, para el estudio de la escultura contempor\u00e1nea del mundo.<\/p>\n<p>[\/vc_column_text][vc_empty_space][vc_column_text el_class=&#8221;parrafo&#8221;]<\/p>\n<p>&nbsp;<\/p>\n<p style=\"font-size: 18px;\"><em>Contenidos: Virgina Quirelli<\/em><\/p>\n<p style=\"font-size: 18px;\"><em>Arte: Brian Ariel Dufek<\/em><\/p>\n<p>[\/vc_column_text][vc_empty_space height=&#8221;40px&#8221;][\/vc_column_inner][vc_column_inner width=&#8221;1\/3&#8243;][vc_widget_sidebar sidebar_id=&#8221;Menu Capitulos&#8221;][\/vc_column_inner][\/vc_row_inner][\/vc_column][\/vc_row][vc_row css_animation=&#8221;&#8221; row_type=&#8221;row&#8221; use_row_as_full_screen_section=&#8221;no&#8221; type=&#8221;full_width&#8221; angled_section=&#8221;no&#8221; text_align=&#8221;left&#8221; background_image_as_pattern=&#8221;without_pattern&#8221;][vc_column offset=&#8221;vc_hidden-lg vc_hidden-md&#8221; css=&#8221;.vc_custom_1652463738810{padding-right: 10% !important;padding-left: 10% !important;}&#8221;][vc_empty_space height=&#8221;50px&#8221;][vc_row_inner row_type=&#8221;row&#8221; type=&#8221;grid&#8221; text_align=&#8221;left&#8221; css_animation=&#8221;&#8221;][vc_column_inner width=&#8221;2\/3&#8243;][vc_single_image image=&#8221;487&#8243; img_size=&#8221;full&#8221; qode_css_animation=&#8221;element_from_fade&#8221; transition_delay=&#8221;1&#8243;][vc_empty_space][vc_column_text]<\/p>\n<h2><strong>Un claro del arte<\/strong><\/h2>\n<p>[\/vc_column_text][vc_column_text]<span style=\"color: #999999; font-family: Lato; font-size: 12px;\">13 de Mayo, 2022 | Cap\u00edtulo 24<\/span>[\/vc_column_text][vc_empty_space][vc_column_text]<em><span style=\"font-size: 18px; background-color: #000000; color: #ffffff; padding-left: 10px; padding-right: 10px;\">Por Marcelo Nieto<\/span><\/em>[\/vc_column_text][vc_empty_space][vc_column_text el_class=&#8221;parrafo&#8221;]<\/p>\n<p style=\"font-size: 18px;\">Sobre la costa del r\u00edo Negro, se yergue el parque de las esculturas del mundo. No s\u00f3lo es un solaz digno de una capital, tambi\u00e9n es un templo del arte escult\u00f3rico, agigantado por grandes firmas.<\/p>\n<p>&nbsp;<\/p>\n<p style=\"font-size: 18px;\">El parque es uno de los lugares m\u00e1s intensos de Resistencia. No en vano fue dise\u00f1ado por uno de los prominentes paisajistas del pa\u00eds: el arquitecto Pradial Guti\u00e9rrez.<\/p>\n<p>[\/vc_column_text][vc_empty_space][vc_single_image image=&#8221;485&#8243; img_size=&#8221;full&#8221; alignment=&#8221;center&#8221; qode_css_animation=&#8221;element_from_fade&#8221;][vc_empty_space][vc_column_text el_class=&#8221;parrafo&#8221;]<\/p>\n<p style=\"font-size: 18px;\">El MusEUM es un proyecto de la FU que ha jerarquizado la ciudad. A quien llegue a Resistencia y quiera conocerla, sin dudarlo, el lugar es un privilegio para los sentidos.<\/p>\n<p>&nbsp;<\/p>\n<p style=\"font-size: 18px;\">Arribar al Museum implica una primera traves\u00eda por la rambla de las esculturas. Nace en la avenida Lavalle rumbo hacia el r\u00edo Negro. El corredor es un entrecruzamiento constante de naturaleza y esculturas.<\/p>\n<p>&nbsp;<\/p>\n<p style=\"font-size: 18px;\">La senda culmina en el parque donde se exhiben obras premiadas de Las Bienales de Escultura y que bordea el complejo que aloja el predio de los concursos internacionales, la sede de la Fundaci\u00f3n Urunday, el departamento de Restauraci\u00f3n y Mantenimiento de Esculturas y una galer\u00eda cerrada de arte.<\/p>\n<p>[\/vc_column_text][vc_empty_space][vc_single_image image=&#8221;484&#8243; img_size=&#8221;full&#8221; alignment=&#8221;center&#8221; qode_css_animation=&#8221;element_from_fade&#8221;][vc_empty_space][vc_column_text el_class=&#8221;parrafo&#8221;]<\/p>\n<p style=\"font-size: 18px;\">La FU define este complejo como \u201cUn centro de desarrollo y promoci\u00f3n cultural a la altura de las crecientes necesidades y expectativas de nuestros tiempos\u201d.<\/p>\n<p>&nbsp;<\/p>\n<p style=\"font-size: 18px;\">Llegar al parque de las esculturas, es desembarcar en un paseo de especies vegetales aut\u00f3ctonas y ex\u00f3ticas, entre monumentales esculturas a las que se integran armoniosamente varios primeros premios de las bienales. Detalle sutil la m\u00fasica \u2013puede ser un tango, un tema de Ceratti o una obra de Vivaldi- que se escucha apenas llegando a la galer\u00eda principal que cobija tambi\u00e9n obras valiosas.<\/p>\n<p>&nbsp;<\/p>\n<p style=\"font-size: 18px;\">Paneando la mirada por los 14.500 metros cuadrados, se revela un templo de la creaci\u00f3n, un templo de la fantas\u00eda. El metal, el m\u00e1rmol, la madera y la piedra se lucen como materia prima del mismo modo en que se interpelan figuraci\u00f3n y abstracci\u00f3n.<\/p>\n<p>&nbsp;<\/p>\n<p style=\"font-size: 18px;\">Son 700 obras esparcidas en veredas, parterres, accesos y parques de la ciudad. Unas 50 se dispersan en este parque para la contemplaci\u00f3n y el disfrute del arte volum\u00e9trico. Y por qu\u00e9 no, para el estudio de la escultura contempor\u00e1nea del mundo.<\/p>\n<p>[\/vc_column_text][vc_empty_space][vc_column_text el_class=&#8221;parrafo&#8221;]<\/p>\n<p>&nbsp;<\/p>\n<p style=\"font-size: 18px;\"><em>Contenidos: Virgina Quirelli<\/em><\/p>\n<p style=\"font-size: 18px;\"><em>Arte: Brian Ariel Dufek<\/em><\/p>\n<p>[\/vc_column_text][vc_empty_space height=&#8221;40px&#8221;][\/vc_column_inner][vc_column_inner width=&#8221;1\/3&#8243;][vc_widget_sidebar sidebar_id=&#8221;Menu Capitulos&#8221;][\/vc_column_inner][\/vc_row_inner][\/vc_column][\/vc_row][vc_row css_animation=&#8221;&#8221; row_type=&#8221;row&#8221; use_row_as_full_screen_section=&#8221;no&#8221; type=&#8221;full_width&#8221; angled_section=&#8221;no&#8221; text_align=&#8221;left&#8221; background_image_as_pattern=&#8221;without_pattern&#8221;][vc_column][vc_empty_space height=&#8221;120px&#8221;][vc_single_image image=&#8221;112&#8243; img_size=&#8221;full&#8221; alignment=&#8221;center&#8221; qode_css_animation=&#8221;&#8221;][vc_empty_space height=&#8221;60px&#8221;][\/vc_column][\/vc_row]<\/p>\n","protected":false},"excerpt":{"rendered":"<p>[vc_row css_animation=&#8221;&#8221; row_type=&#8221;row&#8221; use_row_as_full_screen_section=&#8221;no&#8221; type=&#8221;full_width&#8221; angled_section=&#8221;no&#8221; text_align=&#8221;left&#8221; background_image_as_pattern=&#8221;without_pattern&#8221;][vc_column offset=&#8221;vc_hidden-sm vc_hidden-xs&#8221;][vc_empty_space height=&#8221;50px&#8221;][vc_row_inner row_type=&#8221;row&#8221; type=&#8221;grid&#8221; text_align=&#8221;left&#8221; css_animation=&#8221;&#8221;][vc_column_inner width=&#8221;2\/3&#8243;][vc_single_image image=&#8221;487&#8243; img_size=&#8221;full&#8221; qode_css_animation=&#8221;element_from_fade&#8221; transition_delay=&#8221;1&#8243;][vc_empty_space][vc_column_text] Un claro del arte [\/vc_column_text][vc_column_text]13 de Mayo, 2022 | Cap\u00edtulo 24[\/vc_column_text][vc_empty_space][vc_column_text]Por Marcelo Nieto[\/vc_column_text][vc_empty_space][vc_column_text el_class=&#8221;parrafo&#8221;] Sobre la costa del r\u00edo Negro, se yergue el parque de&#8230;<\/p>\n","protected":false},"author":1,"featured_media":0,"parent":0,"menu_order":0,"comment_status":"closed","ping_status":"closed","template":"full_width.php","meta":{"footnotes":""},"class_list":["post-482","page","type-page","status-publish","hentry"],"_links":{"self":[{"href":"http:\/\/www.fundacionurunday.org\/lae\/wp-json\/wp\/v2\/pages\/482","targetHints":{"allow":["GET"]}}],"collection":[{"href":"http:\/\/www.fundacionurunday.org\/lae\/wp-json\/wp\/v2\/pages"}],"about":[{"href":"http:\/\/www.fundacionurunday.org\/lae\/wp-json\/wp\/v2\/types\/page"}],"author":[{"embeddable":true,"href":"http:\/\/www.fundacionurunday.org\/lae\/wp-json\/wp\/v2\/users\/1"}],"replies":[{"embeddable":true,"href":"http:\/\/www.fundacionurunday.org\/lae\/wp-json\/wp\/v2\/comments?post=482"}],"version-history":[{"count":4,"href":"http:\/\/www.fundacionurunday.org\/lae\/wp-json\/wp\/v2\/pages\/482\/revisions"}],"predecessor-version":[{"id":490,"href":"http:\/\/www.fundacionurunday.org\/lae\/wp-json\/wp\/v2\/pages\/482\/revisions\/490"}],"wp:attachment":[{"href":"http:\/\/www.fundacionurunday.org\/lae\/wp-json\/wp\/v2\/media?parent=482"}],"curies":[{"name":"wp","href":"https:\/\/api.w.org\/{rel}","templated":true}]}}