{"id":502,"date":"2022-05-27T12:46:36","date_gmt":"2022-05-27T15:46:36","guid":{"rendered":"http:\/\/www.fundacionurunday.org\/lae\/?page_id=502"},"modified":"2022-05-27T12:59:06","modified_gmt":"2022-05-27T15:59:06","slug":"capitulo-26-el-parque-de-esculturas-aldo-y-efrain-boglietti","status":"publish","type":"page","link":"http:\/\/www.fundacionurunday.org\/lae\/capitulo-26-el-parque-de-esculturas-aldo-y-efrain-boglietti\/","title":{"rendered":"Cap\u00edtulo 26 &#8211; El parque de esculturas Aldo y Efra\u00edn Boglietti"},"content":{"rendered":"<p>[vc_row css_animation=&#8221;&#8221; row_type=&#8221;row&#8221; use_row_as_full_screen_section=&#8221;no&#8221; type=&#8221;full_width&#8221; angled_section=&#8221;no&#8221; text_align=&#8221;left&#8221; background_image_as_pattern=&#8221;without_pattern&#8221;][vc_column offset=&#8221;vc_hidden-sm vc_hidden-xs&#8221;][vc_empty_space height=&#8221;50px&#8221;][vc_row_inner row_type=&#8221;row&#8221; type=&#8221;grid&#8221; text_align=&#8221;left&#8221; css_animation=&#8221;&#8221;][vc_column_inner width=&#8221;2\/3&#8243;][vc_single_image image=&#8221;503&#8243; img_size=&#8221;full&#8221; qode_css_animation=&#8221;element_from_fade&#8221; transition_delay=&#8221;1&#8243;][vc_empty_space][vc_column_text]<\/p>\n<h2><strong>El parque de esculturas Aldo y Efra\u00edn Boglietti<\/strong><\/h2>\n<p>[\/vc_column_text][vc_column_text]<span style=\"color: #999999; font-family: Lato; font-size: 12px;\">27 de Mayo, 2022 | Cap\u00edtulo 26<\/span>[\/vc_column_text][vc_empty_space][vc_column_text]<em><span style=\"font-size: 18px; background-color: #000000; color: #ffffff; padding-left: 10px; padding-right: 10px;\">Por Marcelo Nieto<\/span><\/em>[\/vc_column_text][vc_empty_space][vc_column_text el_class=&#8221;parrafo&#8221;]<\/p>\n<p style=\"font-size: 18px;\">El proyecto de colocaci\u00f3n de esculturas en la ciudad de Resistencia trascendi\u00f3 la obra inaugurada en una vereda o cantero central con la creaci\u00f3n de parques escult\u00f3ricos.<\/p>\n<p>&nbsp;<\/p>\n<p style=\"font-size: 18px;\">Recordamos a uno que tuvo vida y gloria: el parque Aldo y Efra\u00edn Boglietti.<\/p>\n<p>&nbsp;<\/p>\n<p style=\"font-size: 18px;\">Se\u00f1ala Taverna Irigoyen: \u201cLos parques y paseos ya no son m\u00e1s solamente los monumentos, la estatuaria ritual de bustos y gigantomaquias. Los \u00e1mbitos de la naturaleza se abren para nuevas proyecciones, para otros di\u00e1logos de materia y flora, para otros encuentros entre la mano de Dios y la mano del hombre\u201d.<\/p>\n<p>&nbsp;<\/p>\n<p style=\"font-size: 18px;\">Era destino el solar lindante con los terrenos del Ferrocarril Santa Fe \u2013el \u00e1ngulo de las avenidas Sarmiento y Laprida-estar destinado a Palacio de tribunales. Mientras tanto, un comodato convirti\u00f3 el estrat\u00e9gico lugar en un paseo escult\u00f3rico.<\/p>\n<p>[\/vc_column_text][vc_empty_space][vc_single_image image=&#8221;504&#8243; img_size=&#8221;full&#8221; alignment=&#8221;center&#8221; qode_css_animation=&#8221;element_from_fade&#8221;][vc_empty_space][vc_single_image image=&#8221;505&#8243; img_size=&#8221;full&#8221; alignment=&#8221;center&#8221; qode_css_animation=&#8221;element_from_fade&#8221;][vc_empty_space][vc_column_text el_class=&#8221;parrafo&#8221;]<\/p>\n<p style=\"font-size: 18px;\">Era el a\u00f1o 1997 y se preparaba Resistencia para el Gran Premio de Honor- Concurso de Escultura en Madera. Era el festejo por 10 a\u00f1os de concursos ininterrumpidos con la participaci\u00f3n de los primeros premios de los cert\u00e1menes anteriores. (Podemos recordar que el ganador del gran premio fue el holand\u00e9s Serge Gangolf; ya Primer Premio del a\u00f1o 1994).<\/p>\n<p>&nbsp;<\/p>\n<p style=\"font-size: 18px;\">En ese marco festivo se inaugur\u00f3 el Parque de las Esculturas Aldo y Efra\u00edn Boglietti, con dise\u00f1o del paisajista Pradial Guti\u00e9rrez y dise\u00f1o de iluminaci\u00f3n de Ernesto Diz. Teniendo la particularidad de que las diez obras realizadas en esa edici\u00f3n 1997, ser\u00edan parte del espacio verde. M\u00e1s otras esculturas de artistas invitados.<\/p>\n<p>[\/vc_column_text][vc_empty_space][vc_single_image image=&#8221;506&#8243; img_size=&#8221;full&#8221; alignment=&#8221;center&#8221; qode_css_animation=&#8221;element_from_fade&#8221;][vc_empty_space][vc_column_text el_class=&#8221;parrafo&#8221;]<\/p>\n<p style=\"font-size: 18px;\">En un juego de lomadas y llanos, de \u00e1rboles y plantas, coexistiendo con un antiguo edificio de la ciudad \u2013 altos muros, sin techos ya, pero de gran nobleza \u2013, se dispersaban, monumentales, las obras de Jorge Gamarra, Carlos D\u00edaz Navarro, Ra\u00fal \u201cP\u00e1jaro\u201d G\u00f3mez, H\u00e9ctor Jhonson, Hern\u00e1n Domp\u00e9, entre otros. Y produjo lo esperado: un espectacular escenario, una instancia escenogr\u00e1fica invitando al ocio y la belleza.<\/p>\n<p>&nbsp;<\/p>\n<p style=\"font-size: 18px;\">Pas\u00f3 el tiempo y lleg\u00f3 el d\u00eda en que comenzar\u00eda a levantarse el edificio de Justicia habiendo que devolver el espacio a su leg\u00edtimo due\u00f1o, con igual predisposici\u00f3n de quien en su momento lo hab\u00eda prestado.<\/p>\n<p>&nbsp;<\/p>\n<p style=\"font-size: 18px;\">Sin embargo, ocurri\u00f3 un hecho curioso: toda una sociedad desde los medios de comunicaci\u00f3n entr\u00f3 en un debate y una cr\u00edtica acerca de \u201cla muerte anunciada\u201d del parque, en una instancia donde el resistenciano no hab\u00eda valorado, se hab\u00eda apropiado de ese espacio escult\u00f3rico. Desde intelectuales a vecinos activos pusieron su nota, su reflexi\u00f3n, sobre la necesidad de conservar un lugar ciudadano y art\u00edstico.<\/p>\n<p>[\/vc_column_text][vc_empty_space][vc_single_image image=&#8221;507&#8243; img_size=&#8221;full&#8221; alignment=&#8221;center&#8221; qode_css_animation=&#8221;element_from_fade&#8221;][vc_empty_space][vc_column_text el_class=&#8221;parrafo&#8221;]<\/p>\n<p style=\"font-size: 18px;\">Y ese debate dio la prueba de c\u00f3mo el resistenciano asum\u00eda una actitud protag\u00f3nica en defensa del arte, prueba de c\u00f3mo empezaba a entreverse una aut\u00e9ntica construcci\u00f3n identitaria acerca del arte como un bien de todos.<\/p>\n<p>[\/vc_column_text][vc_empty_space][vc_column_text el_class=&#8221;parrafo&#8221;]<\/p>\n<p>&nbsp;<\/p>\n<p style=\"font-size: 18px;\"><em>Contenidos: Virgina Quirelli<\/em><\/p>\n<p style=\"font-size: 18px;\"><em>Arte: Brian Ariel Dufek<\/em><\/p>\n<p>[\/vc_column_text][vc_empty_space height=&#8221;40px&#8221;][\/vc_column_inner][vc_column_inner width=&#8221;1\/3&#8243;][vc_widget_sidebar sidebar_id=&#8221;Menu Capitulos&#8221;][\/vc_column_inner][\/vc_row_inner][\/vc_column][\/vc_row][vc_row css_animation=&#8221;&#8221; row_type=&#8221;row&#8221; use_row_as_full_screen_section=&#8221;no&#8221; type=&#8221;full_width&#8221; angled_section=&#8221;no&#8221; text_align=&#8221;left&#8221; background_image_as_pattern=&#8221;without_pattern&#8221;][vc_column offset=&#8221;vc_hidden-lg vc_hidden-md&#8221; css=&#8221;.vc_custom_1653667146368{padding-right: 10% !important;padding-left: 10% !important;}&#8221;][vc_empty_space height=&#8221;50px&#8221;][vc_row_inner row_type=&#8221;row&#8221; type=&#8221;grid&#8221; text_align=&#8221;left&#8221; css_animation=&#8221;&#8221;][vc_column_inner width=&#8221;2\/3&#8243;][vc_single_image image=&#8221;503&#8243; img_size=&#8221;full&#8221; qode_css_animation=&#8221;element_from_fade&#8221; transition_delay=&#8221;1&#8243;][vc_empty_space][vc_column_text]<\/p>\n<h2><strong>El parque de esculturas Aldo y Efra\u00edn Boglietti<\/strong><\/h2>\n<p>[\/vc_column_text][vc_column_text]<span style=\"color: #999999; font-family: Lato; font-size: 12px;\">27 de Mayo, 2022 | Cap\u00edtulo 26<\/span>[\/vc_column_text][vc_empty_space][vc_column_text]<em><span style=\"font-size: 18px; background-color: #000000; color: #ffffff; padding-left: 10px; padding-right: 10px;\">Por Marcelo Nieto<\/span><\/em>[\/vc_column_text][vc_empty_space][vc_column_text el_class=&#8221;parrafo&#8221;]<\/p>\n<p style=\"font-size: 18px;\">El proyecto de colocaci\u00f3n de esculturas en la ciudad de Resistencia trascendi\u00f3 la obra inaugurada en una vereda o cantero central con la creaci\u00f3n de parques escult\u00f3ricos.<\/p>\n<p>&nbsp;<\/p>\n<p style=\"font-size: 18px;\">Recordamos a uno que tuvo vida y gloria: el parque Aldo y Efra\u00edn Boglietti.<\/p>\n<p>&nbsp;<\/p>\n<p style=\"font-size: 18px;\">Se\u00f1ala Taverna Irigoyen: \u201cLos parques y paseos ya no son m\u00e1s solamente los monumentos, la estatuaria ritual de bustos y gigantomaquias. Los \u00e1mbitos de la naturaleza se abren para nuevas proyecciones, para otros di\u00e1logos de materia y flora, para otros encuentros entre la mano de Dios y la mano del hombre\u201d.<\/p>\n<p>&nbsp;<\/p>\n<p style=\"font-size: 18px;\">Era destino el solar lindante con los terrenos del Ferrocarril Santa Fe \u2013el \u00e1ngulo de las avenidas Sarmiento y Laprida-estar destinado a Palacio de tribunales. Mientras tanto, un comodato convirti\u00f3 el estrat\u00e9gico lugar en un paseo escult\u00f3rico.<\/p>\n<p>[\/vc_column_text][vc_empty_space][vc_single_image image=&#8221;504&#8243; img_size=&#8221;full&#8221; alignment=&#8221;center&#8221; qode_css_animation=&#8221;element_from_fade&#8221;][vc_empty_space][vc_single_image image=&#8221;505&#8243; img_size=&#8221;full&#8221; alignment=&#8221;center&#8221; qode_css_animation=&#8221;element_from_fade&#8221;][vc_empty_space][vc_column_text el_class=&#8221;parrafo&#8221;]<\/p>\n<p style=\"font-size: 18px;\">Era el a\u00f1o 1997 y se preparaba Resistencia para el Gran Premio de Honor- Concurso de Escultura en Madera. Era el festejo por 10 a\u00f1os de concursos ininterrumpidos con la participaci\u00f3n de los primeros premios de los cert\u00e1menes anteriores. (Podemos recordar que el ganador del gran premio fue el holand\u00e9s Serge Gangolf; ya Primer Premio del a\u00f1o 1994).<\/p>\n<p>&nbsp;<\/p>\n<p style=\"font-size: 18px;\">En ese marco festivo se inaugur\u00f3 el Parque de las Esculturas Aldo y Efra\u00edn Boglietti, con dise\u00f1o del paisajista Pradial Guti\u00e9rrez y dise\u00f1o de iluminaci\u00f3n de Ernesto Diz. Teniendo la particularidad de que las diez obras realizadas en esa edici\u00f3n 1997, ser\u00edan parte del espacio verde. M\u00e1s otras esculturas de artistas invitados.<\/p>\n<p>[\/vc_column_text][vc_empty_space][vc_single_image image=&#8221;506&#8243; img_size=&#8221;full&#8221; alignment=&#8221;center&#8221; qode_css_animation=&#8221;element_from_fade&#8221;][vc_empty_space][vc_column_text el_class=&#8221;parrafo&#8221;]<\/p>\n<p style=\"font-size: 18px;\">En un juego de lomadas y llanos, de \u00e1rboles y plantas, coexistiendo con un antiguo edificio de la ciudad \u2013 altos muros, sin techos ya, pero de gran nobleza \u2013, se dispersaban, monumentales, las obras de Jorge Gamarra, Carlos D\u00edaz Navarro, Ra\u00fal \u201cP\u00e1jaro\u201d G\u00f3mez, H\u00e9ctor Jhonson, Hern\u00e1n Domp\u00e9, entre otros. Y produjo lo esperado: un espectacular escenario, una instancia escenogr\u00e1fica invitando al ocio y la belleza.<\/p>\n<p>&nbsp;<\/p>\n<p style=\"font-size: 18px;\">Pas\u00f3 el tiempo y lleg\u00f3 el d\u00eda en que comenzar\u00eda a levantarse el edificio de Justicia habiendo que devolver el espacio a su leg\u00edtimo due\u00f1o, con igual predisposici\u00f3n de quien en su momento lo hab\u00eda prestado.<\/p>\n<p>&nbsp;<\/p>\n<p style=\"font-size: 18px;\">Sin embargo, ocurri\u00f3 un hecho curioso: toda una sociedad desde los medios de comunicaci\u00f3n entr\u00f3 en un debate y una cr\u00edtica acerca de \u201cla muerte anunciada\u201d del parque, en una instancia donde el resistenciano no hab\u00eda valorado, se hab\u00eda apropiado de ese espacio escult\u00f3rico. Desde intelectuales a vecinos activos pusieron su nota, su reflexi\u00f3n, sobre la necesidad de conservar un lugar ciudadano y art\u00edstico.<\/p>\n<p>[\/vc_column_text][vc_empty_space][vc_single_image image=&#8221;507&#8243; img_size=&#8221;full&#8221; alignment=&#8221;center&#8221; qode_css_animation=&#8221;element_from_fade&#8221;][vc_empty_space][vc_column_text el_class=&#8221;parrafo&#8221;]<\/p>\n<p style=\"font-size: 18px;\">Y ese debate dio la prueba de c\u00f3mo el resistenciano asum\u00eda una actitud protag\u00f3nica en defensa del arte, prueba de c\u00f3mo empezaba a entreverse una aut\u00e9ntica construcci\u00f3n identitaria acerca del arte como un bien de todos.<\/p>\n<p>[\/vc_column_text][vc_empty_space][vc_column_text el_class=&#8221;parrafo&#8221;]<\/p>\n<p>&nbsp;<\/p>\n<p style=\"font-size: 18px;\"><em>Contenidos: Virgina Quirelli<\/em><\/p>\n<p style=\"font-size: 18px;\"><em>Arte: Brian Ariel Dufek<\/em><\/p>\n<p>[\/vc_column_text][vc_empty_space height=&#8221;40px&#8221;][\/vc_column_inner][vc_column_inner width=&#8221;1\/3&#8243;][vc_widget_sidebar sidebar_id=&#8221;Menu Capitulos&#8221;][\/vc_column_inner][\/vc_row_inner][\/vc_column][\/vc_row][vc_row css_animation=&#8221;&#8221; row_type=&#8221;row&#8221; use_row_as_full_screen_section=&#8221;no&#8221; type=&#8221;full_width&#8221; angled_section=&#8221;no&#8221; text_align=&#8221;left&#8221; background_image_as_pattern=&#8221;without_pattern&#8221;][vc_column][vc_empty_space height=&#8221;120px&#8221;][vc_single_image image=&#8221;112&#8243; img_size=&#8221;full&#8221; alignment=&#8221;center&#8221; qode_css_animation=&#8221;&#8221;][vc_empty_space height=&#8221;60px&#8221;][\/vc_column][\/vc_row]<\/p>\n","protected":false},"excerpt":{"rendered":"<p>[vc_row css_animation=&#8221;&#8221; row_type=&#8221;row&#8221; use_row_as_full_screen_section=&#8221;no&#8221; type=&#8221;full_width&#8221; angled_section=&#8221;no&#8221; text_align=&#8221;left&#8221; background_image_as_pattern=&#8221;without_pattern&#8221;][vc_column offset=&#8221;vc_hidden-sm vc_hidden-xs&#8221;][vc_empty_space height=&#8221;50px&#8221;][vc_row_inner row_type=&#8221;row&#8221; type=&#8221;grid&#8221; text_align=&#8221;left&#8221; css_animation=&#8221;&#8221;][vc_column_inner width=&#8221;2\/3&#8243;][vc_single_image image=&#8221;503&#8243; img_size=&#8221;full&#8221; qode_css_animation=&#8221;element_from_fade&#8221; transition_delay=&#8221;1&#8243;][vc_empty_space][vc_column_text] El parque de esculturas Aldo y Efra\u00edn Boglietti [\/vc_column_text][vc_column_text]27 de Mayo, 2022 | Cap\u00edtulo 26[\/vc_column_text][vc_empty_space][vc_column_text]Por Marcelo Nieto[\/vc_column_text][vc_empty_space][vc_column_text el_class=&#8221;parrafo&#8221;] El proyecto de colocaci\u00f3n de esculturas en&#8230;<\/p>\n","protected":false},"author":1,"featured_media":0,"parent":0,"menu_order":0,"comment_status":"closed","ping_status":"closed","template":"full_width.php","meta":{"footnotes":""},"class_list":["post-502","page","type-page","status-publish","hentry"],"_links":{"self":[{"href":"http:\/\/www.fundacionurunday.org\/lae\/wp-json\/wp\/v2\/pages\/502","targetHints":{"allow":["GET"]}}],"collection":[{"href":"http:\/\/www.fundacionurunday.org\/lae\/wp-json\/wp\/v2\/pages"}],"about":[{"href":"http:\/\/www.fundacionurunday.org\/lae\/wp-json\/wp\/v2\/types\/page"}],"author":[{"embeddable":true,"href":"http:\/\/www.fundacionurunday.org\/lae\/wp-json\/wp\/v2\/users\/1"}],"replies":[{"embeddable":true,"href":"http:\/\/www.fundacionurunday.org\/lae\/wp-json\/wp\/v2\/comments?post=502"}],"version-history":[{"count":2,"href":"http:\/\/www.fundacionurunday.org\/lae\/wp-json\/wp\/v2\/pages\/502\/revisions"}],"predecessor-version":[{"id":509,"href":"http:\/\/www.fundacionurunday.org\/lae\/wp-json\/wp\/v2\/pages\/502\/revisions\/509"}],"wp:attachment":[{"href":"http:\/\/www.fundacionurunday.org\/lae\/wp-json\/wp\/v2\/media?parent=502"}],"curies":[{"name":"wp","href":"https:\/\/api.w.org\/{rel}","templated":true}]}}