{"id":787,"date":"2023-12-13T12:52:57","date_gmt":"2023-12-13T15:52:57","guid":{"rendered":"http:\/\/www.fundacionurunday.org\/lae\/?page_id=787"},"modified":"2023-12-13T16:18:07","modified_gmt":"2023-12-13T19:18:07","slug":"capitulo-30-10-banca-social","status":"publish","type":"page","link":"http:\/\/www.fundacionurunday.org\/lae\/capitulo-30-10-banca-social\/","title":{"rendered":"Cap\u00edtulo 30.10 &#8211; Banca social"},"content":{"rendered":"<p>[vc_row css_animation=&#8221;&#8221; row_type=&#8221;row&#8221; use_row_as_full_screen_section=&#8221;no&#8221; type=&#8221;full_width&#8221; angled_section=&#8221;no&#8221; text_align=&#8221;left&#8221; background_image_as_pattern=&#8221;without_pattern&#8221;][vc_column offset=&#8221;vc_hidden-sm vc_hidden-xs&#8221;][vc_empty_space height=&#8221;50px&#8221;][vc_row_inner row_type=&#8221;row&#8221; type=&#8221;grid&#8221; text_align=&#8221;left&#8221; css_animation=&#8221;&#8221;][vc_column_inner width=&#8221;2\/3&#8243;][vc_single_image image=&#8221;788&#8243; img_size=&#8221;full&#8221; qode_css_animation=&#8221;element_from_fade&#8221; transition_delay=&#8221;1&#8243;][vc_empty_space][vc_column_text]<\/p>\n<h2><strong>Banca social<\/strong><\/h2>\n<p>[\/vc_column_text][vc_column_text]<\/p>\n<h3><strong>Mecenazgo para el bien com\u00fan<br \/>\nFederico Mu\u00f1oz Femen\u00eda<\/strong><\/h3>\n<p>[\/vc_column_text][vc_column_text]<span style=\"color: #999999; font-family: Lato; font-size: 12px;\">13 de diciembre, 2023 | Cap\u00edtulo 30.10<\/span>[\/vc_column_text][vc_empty_space][vc_column_text el_class=&#8221;parrafo&#8221;]<\/p>\n<p style=\"font-size: 18px;\">Diez ediciones han transcurrido ya en las que la Fundaci\u00f3n Urunday abord\u00f3 la llegada del David como hito escult\u00f3rico y comunitario. En esta edici\u00f3n n\u00famero diez hemos establecido una conversaci\u00f3n con quien es el Presidente del Nuevo Banco del Chaco, Federico Mu\u00f1oz Femen\u00eda: el rol del NBCH como articulador y actor principal en la comunidad y una historia de por medio con la Fundaci\u00f3n Urunday fueron los t\u00f3picos abordados en esta charla.<\/p>\n<p>[\/vc_column_text][vc_empty_space][vc_single_image image=&#8221;792&#8243; img_size=&#8221;full&#8221; alignment=&#8221;center&#8221; qode_css_animation=&#8221;element_from_fade&#8221;][vc_empty_space height=&#8221;50px&#8221;][vc_column_text el_class=&#8221;parrafo&#8221;]<\/p>\n<p style=\"font-size: 18px;\"><strong>\u00bfCu\u00e1l es la historia entre la Fundaci\u00f3n Urunday y el NBCH? <\/strong><\/p>\n<p>&nbsp;<\/p>\n<p style=\"font-size: 18px;\">El Banco del Chaco siempre ha sido y ha participado de los comienzos de la Bienal como mecenas, como acompa\u00f1amiento a una cuesti\u00f3n cultural que creo que es muy relevante, sobre todo en nuestra ciudad, la ciudad de Resistencia. Como lo que comenz\u00f3 y a lo largo del tiempo fue creciendo y lo es hoy a nivel internacional. Tanto es as\u00ed que el premio, el primer premio de la Bienal de las Esculturas es del nuevo Banco del Chaco. Para no corrernos de ese sendero y la l\u00f3gica de un evento que nos pareci\u00f3 muy importante, hemos ya desde hace mucho tiempo conversado con la Fundaci\u00f3n Urunday para colaborar en este, a mi modo de ver hito hist\u00f3rico; En primer lugar por su calidad, en lo que representa y lo que puede significar para la ciudad de Resistencia y la provincia del Chaco. Este emplazamiento de una reproducci\u00f3n del David, de la calidad que se logr\u00f3. Desde las primeras ediciones, junto a la figura de Fabriciano Gomez, el NBCH ha trabajado a la par de la Fundaci\u00f3n Urunday durante todas sus gestiones y todas sus ediciones del evento m\u00e1s importante de la provincia que es la Bienal.<\/p>\n<p>[\/vc_column_text][vc_empty_space][vc_single_image image=&#8221;794&#8243; img_size=&#8221;full&#8221; alignment=&#8221;center&#8221; qode_css_animation=&#8221;element_from_fade&#8221;][vc_empty_space height=&#8221;50px&#8221;][vc_column_text el_class=&#8221;parrafo&#8221;]<\/p>\n<p style=\"font-size: 18px;\"><strong>\u00bfCu\u00e1nto tiempo llevan trabajando conjuntamente en el proyecto del David?<br \/>\n<\/strong><\/p>\n<p>&nbsp;<\/p>\n<p style=\"font-size: 18px;\">Hace al menos un a\u00f1o estamos interioriz\u00e1ndonos en el proyecto y nos pareci\u00f3 muy relevante participar del el mismo con aval del directorio. En contacto con la Fundaci\u00f3n Urunday y m\u00e1s espec\u00edficamente con Jos\u00e9 Eidman hemos propuesto acompa\u00f1arlos activamente, no solamente desde el punto de vista financiero, sino tambi\u00e9n con todo lo que sea necesario para poder llegar a t\u00e9rmino con esta obra a emplazar. Peri\u00f3dicamente tenemos comunicaci\u00f3n y seguimiento del trabajo que se est\u00e1 realizando ya en esta etapa final. Un banco como el nuestro, un banco con participaci\u00f3n estatal mayoritaria, pero que tambi\u00e9n tiene socios privados y que siempre ha estado involucrado en ser un actor principal en el quehacer cultural chaque\u00f1o. Reconozco y felicito por la relevancia que tiene la Fundaci\u00f3n Urunday para este fin social que realmente ha sido una asociaci\u00f3n de muchos a\u00f1os logrando hitos important\u00edsimos como lo ser\u00e1n las pr\u00f3ximas Bienales.<\/p>\n<p>[\/vc_column_text][vc_empty_space][vc_single_image image=&#8221;793&#8243; img_size=&#8221;full&#8221; alignment=&#8221;center&#8221; qode_css_animation=&#8221;element_from_fade&#8221;][vc_empty_space height=&#8221;50px&#8221;][vc_column_text el_class=&#8221;parrafo&#8221;]<\/p>\n<p style=\"font-size: 18px;\"><strong>Banca social<\/strong><\/p>\n<p>&nbsp;<\/p>\n<p style=\"font-size: 18px;\">Tengo familiares de la cultura por all\u00ed y s\u00e9 lo dif\u00edcil que es para todos los trabajadores de la cultura poder desarrollarse como tales. Creo que es importante dar un contexto y una importancia a la cultura, ayudando a todos aquellos j\u00f3venes, y no tan j\u00f3venes artistas, que ponen en relevancia la cultura chaque\u00f1a y la llevan a lo m\u00e1s alto. Por ejemplo: esta obra tan emblem\u00e1tica a nivel mundial aqu\u00ed en Resistencia. Creo que le da un contexto para que el arte tenga importancia, ponerlo arriba de la mesa como un actor principal en la construcci\u00f3n social chaque\u00f1a. Tanto es as\u00ed que nuestra ciudad es la ciudad de las esculturas y tiene una cuesti\u00f3n identitaria desde ese lugar, desde el arte. A veces solamente aquellas viejas ciudades que tienen monumentos hist\u00f3ricos logran hacerlo, hoy, nosotros, una ciudad moderna como la nuestra, logr\u00f3 tener su propia identidad desde la cultura. Creo que es muy importante tanto para los artistas chaque\u00f1os, como claramente la labor que tiene que tener un estado, un gobierno, y la responsabilidad social de la ciudad en una empresa como esta. Creo que es fundamental.<\/p>\n<p>[\/vc_column_text][vc_empty_space height=&#8221;50px&#8221;][vc_column_text el_class=&#8221;parrafo&#8221;]<\/p>\n<p style=\"font-size: 18px;\"><em>Contenidos: Guido Moro y Virginia Quirelli<\/em><\/p>\n<p style=\"font-size: 18px;\"><em>Arte: Brian Ariel Dufek<\/em><\/p>\n<p style=\"font-size: 18px;\"><em>Editor: Marcelo Nieto<\/em><\/p>\n<p>[\/vc_column_text][vc_empty_space height=&#8221;40px&#8221;][\/vc_column_inner][vc_column_inner width=&#8221;1\/3&#8243;][vc_widget_sidebar sidebar_id=&#8221;Menu Capitulos&#8221;][\/vc_column_inner][\/vc_row_inner][\/vc_column][\/vc_row][vc_row css_animation=&#8221;&#8221; row_type=&#8221;row&#8221; use_row_as_full_screen_section=&#8221;no&#8221; type=&#8221;full_width&#8221; angled_section=&#8221;no&#8221; text_align=&#8221;left&#8221; background_image_as_pattern=&#8221;without_pattern&#8221;][vc_column offset=&#8221;vc_hidden-lg vc_hidden-md&#8221; css=&#8221;.vc_custom_1702494864884{padding-right: 10% !important;padding-left: 10% !important;}&#8221;][vc_empty_space height=&#8221;50px&#8221;][vc_row_inner row_type=&#8221;row&#8221; type=&#8221;full_width&#8221; text_align=&#8221;left&#8221; css_animation=&#8221;&#8221;][vc_column_inner width=&#8221;2\/3&#8243;][vc_single_image image=&#8221;788&#8243; img_size=&#8221;full&#8221; qode_css_animation=&#8221;element_from_fade&#8221; transition_delay=&#8221;1&#8243;][vc_empty_space][vc_column_text]<\/p>\n<h2><strong>Banca social<\/strong><\/h2>\n<p>[\/vc_column_text][vc_column_text]<\/p>\n<h3><strong>Mecenazgo para el bien com\u00fan<br \/>\nFederico Mu\u00f1oz Femen\u00eda<\/strong><\/h3>\n<p>[\/vc_column_text][vc_column_text]<span style=\"color: #999999; font-family: Lato; font-size: 12px;\">13 de diciembre, 2023 | Cap\u00edtulo 30.10<\/span>[\/vc_column_text][vc_empty_space][vc_column_text el_class=&#8221;parrafo&#8221;]<\/p>\n<p style=\"font-size: 18px;\">Diez ediciones han transcurrido ya en las que la Fundaci\u00f3n Urunday abord\u00f3 la llegada del David como hito escult\u00f3rico y comunitario. En esta edici\u00f3n n\u00famero diez hemos establecido una conversaci\u00f3n con quien es el Presidente del Nuevo Banco del Chaco, Federico Mu\u00f1oz Femen\u00eda: el rol del NBCH como articulador y actor principal en la comunidad y una historia de por medio con la Fundaci\u00f3n Urunday fueron los t\u00f3picos abordados en esta charla.<\/p>\n<p>[\/vc_column_text][vc_empty_space][vc_single_image image=&#8221;792&#8243; img_size=&#8221;full&#8221; alignment=&#8221;center&#8221; qode_css_animation=&#8221;element_from_fade&#8221;][vc_empty_space height=&#8221;50px&#8221;][vc_column_text el_class=&#8221;parrafo&#8221;]<\/p>\n<p style=\"font-size: 18px;\"><strong>\u00bfCu\u00e1l es la historia entre la Fundaci\u00f3n Urunday y el NBCH? <\/strong><\/p>\n<p>&nbsp;<\/p>\n<p style=\"font-size: 18px;\">El Banco del Chaco siempre ha sido y ha participado de los comienzos de la Bienal como mecenas, como acompa\u00f1amiento a una cuesti\u00f3n cultural que creo que es muy relevante, sobre todo en nuestra ciudad, la ciudad de Resistencia. Como lo que comenz\u00f3 y a lo largo del tiempo fue creciendo y lo es hoy a nivel internacional. Tanto es as\u00ed que el premio, el primer premio de la Bienal de las Esculturas es del nuevo Banco del Chaco. Para no corrernos de ese sendero y la l\u00f3gica de un evento que nos pareci\u00f3 muy importante, hemos ya desde hace mucho tiempo conversado con la Fundaci\u00f3n Urunday para colaborar en este, a mi modo de ver hito hist\u00f3rico; En primer lugar por su calidad, en lo que representa y lo que puede significar para la ciudad de Resistencia y la provincia del Chaco. Este emplazamiento de una reproducci\u00f3n del David, de la calidad que se logr\u00f3. Desde las primeras ediciones, junto a la figura de Fabriciano Gomez, el NBCH ha trabajado a la par de la Fundaci\u00f3n Urunday durante todas sus gestiones y todas sus ediciones del evento m\u00e1s importante de la provincia que es la Bienal.<\/p>\n<p>[\/vc_column_text][vc_empty_space][vc_single_image image=&#8221;794&#8243; img_size=&#8221;full&#8221; alignment=&#8221;center&#8221; qode_css_animation=&#8221;element_from_fade&#8221;][vc_empty_space height=&#8221;50px&#8221;][vc_column_text el_class=&#8221;parrafo&#8221;]<\/p>\n<p style=\"font-size: 18px;\"><strong>\u00bfCu\u00e1nto tiempo llevan trabajando conjuntamente en el proyecto del David?<br \/>\n<\/strong><\/p>\n<p>&nbsp;<\/p>\n<p style=\"font-size: 18px;\">Hace al menos un a\u00f1o estamos interioriz\u00e1ndonos en el proyecto y nos pareci\u00f3 muy relevante participar del el mismo con aval del directorio. En contacto con la Fundaci\u00f3n Urunday y m\u00e1s espec\u00edficamente con Jos\u00e9 Eidman hemos propuesto acompa\u00f1arlos activamente, no solamente desde el punto de vista financiero, sino tambi\u00e9n con todo lo que sea necesario para poder llegar a t\u00e9rmino con esta obra a emplazar. Peri\u00f3dicamente tenemos comunicaci\u00f3n y seguimiento del trabajo que se est\u00e1 realizando ya en esta etapa final. Un banco como el nuestro, un banco con participaci\u00f3n estatal mayoritaria, pero que tambi\u00e9n tiene socios privados y que siempre ha estado involucrado en ser un actor principal en el quehacer cultural chaque\u00f1o. Reconozco y felicito por la relevancia que tiene la Fundaci\u00f3n Urunday para este fin social que realmente ha sido una asociaci\u00f3n de muchos a\u00f1os logrando hitos important\u00edsimos como lo ser\u00e1n las pr\u00f3ximas Bienales.<\/p>\n<p>[\/vc_column_text][vc_empty_space][vc_single_image image=&#8221;793&#8243; img_size=&#8221;full&#8221; alignment=&#8221;center&#8221; qode_css_animation=&#8221;element_from_fade&#8221;][vc_empty_space height=&#8221;50px&#8221;][vc_column_text el_class=&#8221;parrafo&#8221;]<\/p>\n<p style=\"font-size: 18px;\"><strong>Banca social<\/strong><\/p>\n<p>&nbsp;<\/p>\n<p style=\"font-size: 18px;\">Tengo familiares de la cultura por all\u00ed y s\u00e9 lo dif\u00edcil que es para todos los trabajadores de la cultura poder desarrollarse como tales. Creo que es importante dar un contexto y una importancia a la cultura, ayudando a todos aquellos j\u00f3venes, y no tan j\u00f3venes artistas, que ponen en relevancia la cultura chaque\u00f1a y la llevan a lo m\u00e1s alto. Por ejemplo: esta obra tan emblem\u00e1tica a nivel mundial aqu\u00ed en Resistencia. Creo que le da un contexto para que el arte tenga importancia, ponerlo arriba de la mesa como un actor principal en la construcci\u00f3n social chaque\u00f1a. Tanto es as\u00ed que nuestra ciudad es la ciudad de las esculturas y tiene una cuesti\u00f3n identitaria desde ese lugar, desde el arte. A veces solamente aquellas viejas ciudades que tienen monumentos hist\u00f3ricos logran hacerlo, hoy, nosotros, una ciudad moderna como la nuestra, logr\u00f3 tener su propia identidad desde la cultura. Creo que es muy importante tanto para los artistas chaque\u00f1os, como claramente la labor que tiene que tener un estado, un gobierno, y la responsabilidad social de la ciudad en una empresa como esta. Creo que es fundamental.<\/p>\n<p>[\/vc_column_text][vc_empty_space height=&#8221;50px&#8221;][vc_column_text el_class=&#8221;parrafo&#8221;]<\/p>\n<p style=\"font-size: 18px;\"><em>Contenidos: Guido Moro y Virginia Quirelli<\/em><\/p>\n<p style=\"font-size: 18px;\"><em>Arte: Brian Ariel Dufek<\/em><\/p>\n<p style=\"font-size: 18px;\"><em>Editor: Marcelo Nieto<\/em><\/p>\n<p>[\/vc_column_text][vc_empty_space height=&#8221;40px&#8221;][\/vc_column_inner][vc_column_inner width=&#8221;1\/3&#8243;][vc_widget_sidebar sidebar_id=&#8221;Menu Capitulos&#8221;][\/vc_column_inner][\/vc_row_inner][\/vc_column][\/vc_row][vc_row css_animation=&#8221;&#8221; row_type=&#8221;row&#8221; use_row_as_full_screen_section=&#8221;no&#8221; type=&#8221;full_width&#8221; angled_section=&#8221;no&#8221; text_align=&#8221;left&#8221; background_image_as_pattern=&#8221;without_pattern&#8221;][vc_column][vc_empty_space height=&#8221;120px&#8221;][vc_single_image image=&#8221;112&#8243; img_size=&#8221;full&#8221; alignment=&#8221;center&#8221; qode_css_animation=&#8221;&#8221;][vc_empty_space height=&#8221;60px&#8221;][\/vc_column][\/vc_row]<\/p>\n","protected":false},"excerpt":{"rendered":"<p>[vc_row css_animation=&#8221;&#8221; row_type=&#8221;row&#8221; use_row_as_full_screen_section=&#8221;no&#8221; type=&#8221;full_width&#8221; angled_section=&#8221;no&#8221; text_align=&#8221;left&#8221; background_image_as_pattern=&#8221;without_pattern&#8221;][vc_column offset=&#8221;vc_hidden-sm vc_hidden-xs&#8221;][vc_empty_space height=&#8221;50px&#8221;][vc_row_inner row_type=&#8221;row&#8221; type=&#8221;grid&#8221; text_align=&#8221;left&#8221; css_animation=&#8221;&#8221;][vc_column_inner width=&#8221;2\/3&#8243;][vc_single_image image=&#8221;788&#8243; img_size=&#8221;full&#8221; qode_css_animation=&#8221;element_from_fade&#8221; transition_delay=&#8221;1&#8243;][vc_empty_space][vc_column_text] Banca social [\/vc_column_text][vc_column_text] Mecenazgo para el bien com\u00fan Federico Mu\u00f1oz Femen\u00eda [\/vc_column_text][vc_column_text]13 de diciembre, 2023 | Cap\u00edtulo 30.10[\/vc_column_text][vc_empty_space][vc_column_text el_class=&#8221;parrafo&#8221;] Diez ediciones han transcurrido ya en&#8230;<\/p>\n","protected":false},"author":1,"featured_media":0,"parent":0,"menu_order":0,"comment_status":"closed","ping_status":"closed","template":"full_width.php","meta":{"footnotes":""},"class_list":["post-787","page","type-page","status-publish","hentry"],"_links":{"self":[{"href":"http:\/\/www.fundacionurunday.org\/lae\/wp-json\/wp\/v2\/pages\/787","targetHints":{"allow":["GET"]}}],"collection":[{"href":"http:\/\/www.fundacionurunday.org\/lae\/wp-json\/wp\/v2\/pages"}],"about":[{"href":"http:\/\/www.fundacionurunday.org\/lae\/wp-json\/wp\/v2\/types\/page"}],"author":[{"embeddable":true,"href":"http:\/\/www.fundacionurunday.org\/lae\/wp-json\/wp\/v2\/users\/1"}],"replies":[{"embeddable":true,"href":"http:\/\/www.fundacionurunday.org\/lae\/wp-json\/wp\/v2\/comments?post=787"}],"version-history":[{"count":7,"href":"http:\/\/www.fundacionurunday.org\/lae\/wp-json\/wp\/v2\/pages\/787\/revisions"}],"predecessor-version":[{"id":800,"href":"http:\/\/www.fundacionurunday.org\/lae\/wp-json\/wp\/v2\/pages\/787\/revisions\/800"}],"wp:attachment":[{"href":"http:\/\/www.fundacionurunday.org\/lae\/wp-json\/wp\/v2\/media?parent=787"}],"curies":[{"name":"wp","href":"https:\/\/api.w.org\/{rel}","templated":true}]}}