{"id":839,"date":"2024-03-27T11:56:42","date_gmt":"2024-03-27T14:56:42","guid":{"rendered":"http:\/\/www.fundacionurunday.org\/lae\/?page_id=839"},"modified":"2024-03-27T12:36:53","modified_gmt":"2024-03-27T15:36:53","slug":"capitulo-30-12-punto-final-y-comienzo","status":"publish","type":"page","link":"http:\/\/www.fundacionurunday.org\/lae\/capitulo-30-12-punto-final-y-comienzo\/","title":{"rendered":"Cap\u00edtulo 30.12 &#8211; Punto final y comienzo"},"content":{"rendered":"<p>[vc_row css_animation=&#8221;&#8221; row_type=&#8221;row&#8221; use_row_as_full_screen_section=&#8221;no&#8221; type=&#8221;full_width&#8221; angled_section=&#8221;no&#8221; text_align=&#8221;left&#8221; background_image_as_pattern=&#8221;without_pattern&#8221;][vc_column offset=&#8221;vc_hidden-sm vc_hidden-xs&#8221;][vc_empty_space height=&#8221;50px&#8221;][vc_row_inner row_type=&#8221;row&#8221; type=&#8221;grid&#8221; text_align=&#8221;left&#8221; css_animation=&#8221;&#8221;][vc_column_inner width=&#8221;2\/3&#8243;][vc_single_image image=&#8221;840&#8243; img_size=&#8221;full&#8221; qode_css_animation=&#8221;element_from_fade&#8221; transition_delay=&#8221;1&#8243;][vc_empty_space][vc_column_text]<\/p>\n<h2><strong>Punto final y comienzo<\/strong><\/h2>\n<p>[\/vc_column_text][vc_column_text]<\/p>\n<h3 style=\"font-size: 19px;\"><strong>Un acto de bienvenida<\/strong><\/h3>\n<h3><strong>El David del Chaco y la Bienal 2024<\/strong><\/h3>\n<p>[\/vc_column_text][vc_column_text]<span style=\"color: #999999; font-family: Lato; font-size: 12px;\">27 de marzo, 2024 | Cap\u00edtulo 30.12<\/span>[\/vc_column_text][vc_empty_space][vc_column_text el_class=&#8221;parrafo&#8221;]<\/p>\n<p style=\"font-size: 18px;\">El atardecer chaque\u00f1o envolv\u00eda a David en un tel\u00f3n negro. Frente a \u00e9l, una multitud esperaba observando el misterio. Un gigante cubierto. Los ni\u00f1os y sus madres, las parejas, gente vestida de gala, ciclistas y runners, jubilados y ni\u00f1os errantes, algunos sentados cruzados de piernas y otros detenidos ante el acto y el misterio, un tiempo muerto que minutos m\u00e1s tarde ser\u00eda premio y revelaci\u00f3n. La b\u00fasqueda, ante todo, en ese acto, contemplaba quiz\u00e1s el objetivo \u00faltimo del arte: la verdad. No es necesario ser un amplio conocedor del manto hist\u00f3rico, de David y Goliat, de la analog\u00eda transparente. El chaque\u00f1o, ante del David est\u00e1 parado frente a la historia de la humanidad, y ese misterio se le fue revelado aquella noche del mi\u00e9rcoles 6 de marzo de 2024.<\/p>\n<p>[\/vc_column_text][vc_empty_space][vc_single_image image=&#8221;844&#8243; img_size=&#8221;full&#8221; alignment=&#8221;center&#8221; qode_css_animation=&#8221;element_from_fade&#8221;][vc_empty_space height=&#8221;50px&#8221;][vc_column_text el_class=&#8221;parrafo&#8221;]<\/p>\n<p style=\"font-size: 18px;\">El engranaje de las sociedades no funciona sin la uni\u00f3n y el acuerdo. Es por eso que el largo recorrido que hoy termina -y hoy inaugura una nueva fase- contuvo a empresarios, ingenieros, artistas, trabajadores del arte, dise\u00f1adores, gestores, mismos directivos de la Fundaci\u00f3n Urunday, cr\u00edticos y te\u00f3ricos del arte, operarios, y dos gobiernos en diferentes tiempos. En palabras del director de Fundaci\u00f3n Urunday, Jos\u00e9 Eidman: &#8220;Del David quiero decir que fue un objetivo abrazado por Fabriciano. Y tras su partida, la Fundaci\u00f3n Urunday asumi\u00f3 el desaf\u00edo de hacerlo realidad. Por supuesto, gracias y solo gracias a una suerte de gesta plural donde muchos actores en sus distintos roles pusieron su mejor interpretaci\u00f3n; pusieron su incondicional y permanente apoyo y compromiso, sin cejar, sin distracci\u00f3n, sin fallar. Este David, insisto, es una gesta plural. Y de verdad, no deja de sorprenderme la trama solidaria, esa uni\u00f3n que hace la fuerza\u2026 Vaya aqu\u00ed mi agradecimiento a mecenas, instituciones, amigos que acompa\u00f1aron este proyecto que hoy se hace realidad. Fabriciano, amaba y se deleitaba con Miguel \u00c1ngel; a su manera de ver, era el agua que saciaba la sed. Cu\u00e1ntas veces lo o\u00edmos decir \u201cCuando el David est\u00e9 en el Chaco, no habr\u00e1 necesidad de atravesar el oc\u00e9ano\u2026\u201d. Con este razonamiento desnudaba la intenci\u00f3n, la pretensi\u00f3n de enclavar en su ciudad, la pieza maestra.\u201d<\/p>\n<p>&nbsp;<\/p>\n<p style=\"font-size: 18px;\">As\u00ed entonces se cierra un cap\u00edtulo para abrirse otro, inevitablemente, nuevo. Anunciar una nueva edici\u00f3n de la Bienal Internacional de Escultura y que ese receptor, ese interlocutor principal quien apa\u00f1e multitudes se llame David, el David de ac\u00e1.<\/p>\n<p>&nbsp;<\/p>\n<p style=\"font-size: 18px;\"><em>Por su belleza, su perfecci\u00f3n, por la psicolog\u00eda y el simbolismo que emana;<\/em><br \/>\n<em>por ser obra cumbre en la historia del arte;<\/em><br \/>\n<em>por su utilidad como pieza de estudio;<\/em><br \/>\n<em>Por la suma de saberes y de siglos que se sintetizan en esta estatua apol\u00ednea\u2026<\/em><br \/>\n<em>Por estas razones &#8211; y otras que se me escapan- el David, deviene pieza esencial, necesaria y did\u00e1ctica, para nuestro museo al aire libre.<\/em><\/p>\n<p>&nbsp;<\/p>\n<p style=\"font-size: 18px;\"><em>No dudamos que la presencia del David provocar\u00e1 un flujo tur\u00edstico para admirarlo, una cita tentadora para escultores, estudiosos y amantes del arte para deleitarse con la pieza de estudio.<\/em><\/p>\n<p>&nbsp;<\/p>\n<p style=\"font-size: 18px;\"><em>No dudamos que el David dialogar\u00e1 con las 700 esculturas contempor\u00e1neas de Resistencia y que su presencia m\u00e1gica y apabullantemente cl\u00e1sica har\u00e1 a nuestro museo al aire libre, m\u00e1s completo, m\u00e1s \u00fanico, m\u00e1s admirable.<\/em><\/p>\n<p>&nbsp;<\/p>\n<p style=\"font-size: 18px;\"><em>Este cap\u00edtulo \u00faltimo que finaliza este gran recorrido que la Fundaci\u00f3n Urunday hizo dando voz a cada uno de los protagonistas que, de la mano, dialogaron, congeniaron, se fundieron en una sola intenci\u00f3n para lograr ese sue\u00f1o primero de Fabriciano abordaremos de manera conclusiva el acto final, la inauguraci\u00f3n definitiva y material de esta escultura global. Una reedici\u00f3n, otro di\u00e1logo, seguir aprendiendo de la mano del arte.<\/em><\/p>\n<p>[\/vc_column_text][vc_empty_space][vc_single_image image=&#8221;845&#8243; img_size=&#8221;full&#8221; alignment=&#8221;center&#8221; qode_css_animation=&#8221;element_from_fade&#8221;][vc_empty_space height=&#8221;50px&#8221;][vc_column_text el_class=&#8221;parrafo&#8221;]<\/p>\n<p style=\"font-size: 18px;\">Nos despedimos de este ciclo que fue L.A.E La Aventura Escult\u00f3rica sobre el David, porque ahora nuestro David del Chaco coexistir\u00e1 en nuestra ciudad de las esculturas donde los relatos y an\u00e9cdotas ser\u00e1n como siempre, por compartir.<\/p>\n<p>&nbsp;<\/p>\n<p style=\"font-size: 18px;\">Agradecemos a las dieciocho personas que con sus saberes, ideas y convicciones nos ayudaron a crear este relato colectivo y materializar todos los objetivos por los que como Fundaci\u00f3n Urunday estuvimos trabajando y trabajaremos desde lo patrimonial, did\u00e1ctico y simb\u00f3lico. Haci\u00e9ndolo de manera mancomunada comprobamos una vez m\u00e1s el poder de la uni\u00f3n de las voluntades.<\/p>\n<p>&nbsp;<\/p>\n<p style=\"font-size: 18px;\">Dar\u00edo Klehr, Diego Tolosa, Rub\u00e9n Betbeder, Oscar de Bueno, Juan Carlos Visconti, Francisco Romero, Ceferino Ferreyra, Mar\u00eda del Carmen Magaz, Denise Di Federico, Gisela Kraisman, Marcos Scotta, Jos\u00e9 Inglant, Jorge Marighetti, Ricardo Barrios D\u2019ambra, Mario Eduardo De Bortoli, Federico Mu\u00f1oz Femen\u00eda, Andres Palacios y Fernando Barrios<\/p>\n<p>[\/vc_column_text][vc_empty_space][vc_single_image image=&#8221;847&#8243; img_size=&#8221;full&#8221; alignment=&#8221;center&#8221; qode_css_animation=&#8221;element_from_fade&#8221;][vc_empty_space height=&#8221;50px&#8221;][vc_column_text el_class=&#8221;parrafo&#8221;]<\/p>\n<p style=\"font-size: 18px;\"><em>Contenidos: Guido Moro y Virginia Quirelli<\/em><\/p>\n<p style=\"font-size: 18px;\"><em>Arte: Brian Ariel Dufek<\/em><\/p>\n<p style=\"font-size: 18px;\"><em>Editor: Marcelo Nieto<\/em><\/p>\n<p>[\/vc_column_text][vc_empty_space height=&#8221;40px&#8221;][\/vc_column_inner][vc_column_inner width=&#8221;1\/3&#8243;][vc_widget_sidebar sidebar_id=&#8221;Menu Capitulos&#8221;][\/vc_column_inner][\/vc_row_inner][\/vc_column][\/vc_row][vc_row css_animation=&#8221;&#8221; row_type=&#8221;row&#8221; use_row_as_full_screen_section=&#8221;no&#8221; type=&#8221;full_width&#8221; angled_section=&#8221;no&#8221; text_align=&#8221;left&#8221; background_image_as_pattern=&#8221;without_pattern&#8221;][vc_column offset=&#8221;vc_hidden-lg vc_hidden-md&#8221; css=&#8221;.vc_custom_1711553810712{padding-right: 10% !important;padding-left: 10% !important;}&#8221;][vc_empty_space height=&#8221;50px&#8221;][vc_row_inner row_type=&#8221;row&#8221; type=&#8221;full_width&#8221; text_align=&#8221;left&#8221; css_animation=&#8221;&#8221;][vc_column_inner width=&#8221;2\/3&#8243;][vc_single_image image=&#8221;840&#8243; img_size=&#8221;full&#8221; qode_css_animation=&#8221;element_from_fade&#8221; transition_delay=&#8221;1&#8243;][vc_empty_space][vc_column_text]<\/p>\n<h2><strong>Punto final y comienzo<\/strong><\/h2>\n<p>[\/vc_column_text][vc_column_text]<\/p>\n<h3 style=\"font-size: 19px;\"><strong>Un acto de bienvenida<\/strong><\/h3>\n<h3><strong>El David del Chaco y la Bienal 2024<\/strong><\/h3>\n<p>[\/vc_column_text][vc_column_text]<span style=\"color: #999999; font-family: Lato; font-size: 12px;\">27 de marzo, 2024 | Cap\u00edtulo 30.12<\/span>[\/vc_column_text][vc_empty_space][vc_column_text el_class=&#8221;parrafo&#8221;]<\/p>\n<p style=\"font-size: 18px;\">El atardecer chaque\u00f1o envolv\u00eda a David en un tel\u00f3n negro. Frente a \u00e9l, una multitud esperaba observando el misterio. Un gigante cubierto. Los ni\u00f1os y sus madres, las parejas, gente vestida de gala, ciclistas y runners, jubilados y ni\u00f1os errantes, algunos sentados cruzados de piernas y otros detenidos ante el acto y el misterio, un tiempo muerto que minutos m\u00e1s tarde ser\u00eda premio y revelaci\u00f3n. La b\u00fasqueda, ante todo, en ese acto, contemplaba quiz\u00e1s el objetivo \u00faltimo del arte: la verdad. No es necesario ser un amplio conocedor del manto hist\u00f3rico, de David y Goliat, de la analog\u00eda transparente. El chaque\u00f1o, ante del David est\u00e1 parado frente a la historia de la humanidad, y ese misterio se le fue revelado aquella noche del mi\u00e9rcoles 6 de marzo de 2024.<\/p>\n<p>[\/vc_column_text][vc_empty_space][vc_single_image image=&#8221;844&#8243; img_size=&#8221;full&#8221; alignment=&#8221;center&#8221; qode_css_animation=&#8221;element_from_fade&#8221;][vc_empty_space height=&#8221;50px&#8221;][vc_column_text el_class=&#8221;parrafo&#8221;]<\/p>\n<p style=\"font-size: 18px;\">El engranaje de las sociedades no funciona sin la uni\u00f3n y el acuerdo. Es por eso que el largo recorrido que hoy termina -y hoy inaugura una nueva fase- contuvo a empresarios, ingenieros, artistas, trabajadores del arte, dise\u00f1adores, gestores, mismos directivos de la Fundaci\u00f3n Urunday, cr\u00edticos y te\u00f3ricos del arte, operarios, y dos gobiernos en diferentes tiempos. En palabras del director de Fundaci\u00f3n Urunday, Jos\u00e9 Eidman: &#8220;Del David quiero decir que fue un objetivo abrazado por Fabriciano. Y tras su partida, la Fundaci\u00f3n Urunday asumi\u00f3 el desaf\u00edo de hacerlo realidad. Por supuesto, gracias y solo gracias a una suerte de gesta plural donde muchos actores en sus distintos roles pusieron su mejor interpretaci\u00f3n; pusieron su incondicional y permanente apoyo y compromiso, sin cejar, sin distracci\u00f3n, sin fallar. Este David, insisto, es una gesta plural. Y de verdad, no deja de sorprenderme la trama solidaria, esa uni\u00f3n que hace la fuerza\u2026 Vaya aqu\u00ed mi agradecimiento a mecenas, instituciones, amigos que acompa\u00f1aron este proyecto que hoy se hace realidad. Fabriciano, amaba y se deleitaba con Miguel \u00c1ngel; a su manera de ver, era el agua que saciaba la sed. Cu\u00e1ntas veces lo o\u00edmos decir \u201cCuando el David est\u00e9 en el Chaco, no habr\u00e1 necesidad de atravesar el oc\u00e9ano\u2026\u201d. Con este razonamiento desnudaba la intenci\u00f3n, la pretensi\u00f3n de enclavar en su ciudad, la pieza maestra.\u201d<\/p>\n<p>&nbsp;<\/p>\n<p style=\"font-size: 18px;\">As\u00ed entonces se cierra un cap\u00edtulo para abrirse otro, inevitablemente, nuevo. Anunciar una nueva edici\u00f3n de la Bienal Internacional de Escultura y que ese receptor, ese interlocutor principal quien apa\u00f1e multitudes se llame David, el David de ac\u00e1.<\/p>\n<p>&nbsp;<\/p>\n<p style=\"font-size: 18px;\"><em>Por su belleza, su perfecci\u00f3n, por la psicolog\u00eda y el simbolismo que emana;<\/em><br \/>\n<em>por ser obra cumbre en la historia del arte;<\/em><br \/>\n<em>por su utilidad como pieza de estudio;<\/em><br \/>\n<em>Por la suma de saberes y de siglos que se sintetizan en esta estatua apol\u00ednea\u2026<\/em><br \/>\n<em>Por estas razones &#8211; y otras que se me escapan- el David, deviene pieza esencial, necesaria y did\u00e1ctica, para nuestro museo al aire libre.<\/em><\/p>\n<p>&nbsp;<\/p>\n<p style=\"font-size: 18px;\"><em>No dudamos que la presencia del David provocar\u00e1 un flujo tur\u00edstico para admirarlo, una cita tentadora para escultores, estudiosos y amantes del arte para deleitarse con la pieza de estudio.<\/em><\/p>\n<p>&nbsp;<\/p>\n<p style=\"font-size: 18px;\"><em>No dudamos que el David dialogar\u00e1 con las 700 esculturas contempor\u00e1neas de Resistencia y que su presencia m\u00e1gica y apabullantemente cl\u00e1sica har\u00e1 a nuestro museo al aire libre, m\u00e1s completo, m\u00e1s \u00fanico, m\u00e1s admirable.<\/em><\/p>\n<p>&nbsp;<\/p>\n<p style=\"font-size: 18px;\"><em>Este cap\u00edtulo \u00faltimo que finaliza este gran recorrido que la Fundaci\u00f3n Urunday hizo dando voz a cada uno de los protagonistas que, de la mano, dialogaron, congeniaron, se fundieron en una sola intenci\u00f3n para lograr ese sue\u00f1o primero de Fabriciano abordaremos de manera conclusiva el acto final, la inauguraci\u00f3n definitiva y material de esta escultura global. Una reedici\u00f3n, otro di\u00e1logo, seguir aprendiendo de la mano del arte.<\/em><\/p>\n<p>[\/vc_column_text][vc_empty_space][vc_single_image image=&#8221;845&#8243; img_size=&#8221;full&#8221; alignment=&#8221;center&#8221; qode_css_animation=&#8221;element_from_fade&#8221;][vc_empty_space height=&#8221;50px&#8221;][vc_column_text el_class=&#8221;parrafo&#8221;]<\/p>\n<p style=\"font-size: 18px;\">Nos despedimos de este ciclo que fue L.A.E La Aventura Escult\u00f3rica sobre el David, porque ahora nuestro David del Chaco coexistir\u00e1 en nuestra ciudad de las esculturas donde los relatos y an\u00e9cdotas ser\u00e1n como siempre, por compartir.<\/p>\n<p>&nbsp;<\/p>\n<p style=\"font-size: 18px;\">Agradecemos a las dieciocho personas que con sus saberes, ideas y convicciones nos ayudaron a crear este relato colectivo y materializar todos los objetivos por los que como Fundaci\u00f3n Urunday estuvimos trabajando y trabajaremos desde lo patrimonial, did\u00e1ctico y simb\u00f3lico. Haci\u00e9ndolo de manera mancomunada comprobamos una vez m\u00e1s el poder de la uni\u00f3n de las voluntades.<\/p>\n<p>&nbsp;<\/p>\n<p style=\"font-size: 18px;\">Dar\u00edo Klehr, Diego Tolosa, Rub\u00e9n Betbeder, Oscar de Bueno, Juan Carlos Visconti, Francisco Romero, Ceferino Ferreyra, Mar\u00eda del Carmen Magaz, Denise Di Federico, Gisela Kraisman, Marcos Scotta, Jos\u00e9 Inglant, Jorge Marighetti, Ricardo Barrios D\u2019ambra, Mario Eduardo De Bortoli, Federico Mu\u00f1oz Femen\u00eda, Andres Palacios y Fernando Barrios<\/p>\n<p>[\/vc_column_text][vc_empty_space][vc_single_image image=&#8221;847&#8243; img_size=&#8221;full&#8221; alignment=&#8221;center&#8221; qode_css_animation=&#8221;element_from_fade&#8221;][vc_empty_space height=&#8221;50px&#8221;][vc_column_text el_class=&#8221;parrafo&#8221;]<\/p>\n<p style=\"font-size: 18px;\"><em>Contenidos: Guido Moro y Virginia Quirelli<\/em><\/p>\n<p style=\"font-size: 18px;\"><em>Arte: Brian Ariel Dufek<\/em><\/p>\n<p style=\"font-size: 18px;\"><em>Editor: Marcelo Nieto<\/em><\/p>\n<p>[\/vc_column_text][vc_empty_space height=&#8221;40px&#8221;][\/vc_column_inner][vc_column_inner width=&#8221;1\/3&#8243;][vc_widget_sidebar sidebar_id=&#8221;Menu Capitulos&#8221;][\/vc_column_inner][\/vc_row_inner][\/vc_column][\/vc_row][vc_row css_animation=&#8221;&#8221; row_type=&#8221;row&#8221; use_row_as_full_screen_section=&#8221;no&#8221; type=&#8221;full_width&#8221; angled_section=&#8221;no&#8221; text_align=&#8221;left&#8221; background_image_as_pattern=&#8221;without_pattern&#8221;][vc_column][vc_empty_space height=&#8221;120px&#8221;][vc_single_image image=&#8221;112&#8243; img_size=&#8221;full&#8221; alignment=&#8221;center&#8221; qode_css_animation=&#8221;&#8221;][vc_empty_space height=&#8221;60px&#8221;][\/vc_column][\/vc_row]<\/p>\n","protected":false},"excerpt":{"rendered":"<p>[vc_row css_animation=&#8221;&#8221; row_type=&#8221;row&#8221; use_row_as_full_screen_section=&#8221;no&#8221; type=&#8221;full_width&#8221; angled_section=&#8221;no&#8221; text_align=&#8221;left&#8221; background_image_as_pattern=&#8221;without_pattern&#8221;][vc_column offset=&#8221;vc_hidden-sm vc_hidden-xs&#8221;][vc_empty_space height=&#8221;50px&#8221;][vc_row_inner row_type=&#8221;row&#8221; type=&#8221;grid&#8221; text_align=&#8221;left&#8221; css_animation=&#8221;&#8221;][vc_column_inner width=&#8221;2\/3&#8243;][vc_single_image image=&#8221;840&#8243; img_size=&#8221;full&#8221; qode_css_animation=&#8221;element_from_fade&#8221; transition_delay=&#8221;1&#8243;][vc_empty_space][vc_column_text] Punto final y comienzo [\/vc_column_text][vc_column_text] Un acto de bienvenida El David del Chaco y la Bienal 2024 [\/vc_column_text][vc_column_text]27 de marzo, 2024 | Cap\u00edtulo 30.12[\/vc_column_text][vc_empty_space][vc_column_text el_class=&#8221;parrafo&#8221;]&#8230;<\/p>\n","protected":false},"author":1,"featured_media":0,"parent":0,"menu_order":0,"comment_status":"closed","ping_status":"closed","template":"full_width.php","meta":{"footnotes":""},"class_list":["post-839","page","type-page","status-publish","hentry"],"_links":{"self":[{"href":"http:\/\/www.fundacionurunday.org\/lae\/wp-json\/wp\/v2\/pages\/839","targetHints":{"allow":["GET"]}}],"collection":[{"href":"http:\/\/www.fundacionurunday.org\/lae\/wp-json\/wp\/v2\/pages"}],"about":[{"href":"http:\/\/www.fundacionurunday.org\/lae\/wp-json\/wp\/v2\/types\/page"}],"author":[{"embeddable":true,"href":"http:\/\/www.fundacionurunday.org\/lae\/wp-json\/wp\/v2\/users\/1"}],"replies":[{"embeddable":true,"href":"http:\/\/www.fundacionurunday.org\/lae\/wp-json\/wp\/v2\/comments?post=839"}],"version-history":[{"count":5,"href":"http:\/\/www.fundacionurunday.org\/lae\/wp-json\/wp\/v2\/pages\/839\/revisions"}],"predecessor-version":[{"id":849,"href":"http:\/\/www.fundacionurunday.org\/lae\/wp-json\/wp\/v2\/pages\/839\/revisions\/849"}],"wp:attachment":[{"href":"http:\/\/www.fundacionurunday.org\/lae\/wp-json\/wp\/v2\/media?parent=839"}],"curies":[{"name":"wp","href":"https:\/\/api.w.org\/{rel}","templated":true}]}}